{"id":86657,"date":"2021-11-01T13:14:32","date_gmt":"2021-11-01T16:14:32","guid":{"rendered":"http:\/\/www.cebb.org.br\/?page_id=86657"},"modified":"2021-11-01T13:14:32","modified_gmt":"2021-11-01T16:14:32","slug":"retiro-novembro-2021-pagina-de-acompanhamento","status":"publish","type":"page","link":"https:\/\/cebb.org.br\/en\/retiro-novembro-2021-pagina-de-acompanhamento\/","title":{"rendered":"Retiro Novembro 2021 &#8211; P\u00e1gina de Acompanhamento"},"content":{"rendered":"<p>Ensinamentos com Lama Padma Samten no <strong>Retiro | As Oito Consci\u00eancias, As Cinco Sabedorias e o Sofrimento<\/strong>, transmitido ao vivo nos dias 13 e 14 de novembro 2021 \u2013. Aqui voc\u00ea encontra as grava\u00e7\u00f5es de todas as sess\u00f5es, que permanecer\u00e3o dispon\u00edveis para inscritos &#8211; <em>mesmo os que se inscreverem depois do retiro ter terminado.<\/em><\/p>\n<div class=\"destaq\"><strong> \u00b7 IMPORTANTE \u00b7 <\/strong> Por favor, n\u00e3o compartilhe esta p\u00e1gina, v\u00eddeos, links ou documentos aqui listados. Cada praticante aproveita melhor os ensinamentos quando manifesta interesse e se alegra em apoiar o movimento dos mestres. Se quiser compartilhar a alegria deste retiro com mais pessoas, convide-as a <a href=\"https:\/\/docs.google.com\/forms\/d\/e\/1FAIpQLScC3nA_EViYKevpamN-QxRLC2OokKbREeHg-44qlt8bVNFOGg\/viewform\" target=\"_blank\" rel=\"noopener\">tamb\u00e9m fazer a inscri\u00e7\u00e3o<\/a>, mesmo ap\u00f3s o retiro.<\/div>\n<h3>Transmiss\u00e3o ao vivo<\/h3>\n<h4><strong>Aten\u00e7\u00e3o: Os hor\u00e1rios e a programa\u00e7\u00e3o dos retiros est\u00e3o sujeitos \u00e0 altera\u00e7\u00f5es<\/strong><\/h4>\n<p>Antes de cada sess\u00e3o <a href=\"javascript:window.location.reload(true)\">atualize esta p\u00e1gina<\/a> para garantir que esteja visualizando o conte\u00fado mais recente.<br \/>\nVoc\u00ea pode assistir pela <a href=\"https:\/\/zoom.us\/j\/93353438656?pwd=dWsvdkd0aUdCS01SaG9Db29NbFBCdz09\" target=\"_blank\" rel=\"noopener\">Sala do Zoom<\/a> (<<<a href=\"https:\/\/zoom.us\/j\/93353438656?pwd=dWsvdkd0aUdCS01SaG9Db29NbFBCdz09\" target=\"_blank\" rel=\"noopener\">clique aqui<\/a>>>), ID da reuni\u00e3o: 933 5343 8656,<br \/>\nsenha de acesso: cebb e pode acompanhar a pr\u00f3xima sess\u00e3o no v\u00eddeo abaixo ou pode ainda ver diretamente no YouTube <\/a>.<\/p>\n<div class=\"livelama-video-container\"><iframe width=\"560\" height=\"315\" src=\"https:\/\/www.youtube.com\/embed\/FR8VHU0Mge8\" title=\"YouTube video player\" frameborder=\"0\" allow=\"accelerometer; autoplay; clipboard-write; encrypted-media; gyroscope; picture-in-picture\" allowfullscreen><\/iframe><\/div>\n<p><span>[button link=&#8221;https:\/\/docs.google.com\/forms\/d\/e\/1FAIpQLSe1Eevw53XV8voizE7tqUQT6HU0-SGxF3pnV0dTPLypjorjPw\/viewform&#8221; size=&#8221;medium&#8221; target=&#8221;_blank&#8221;]Envie sua pergunta ao Lama[\/button]<\/span> <span>[button link=&#8221;http:\/\/www.cebb.org.br\/preces\/&#8221; size=&#8221;medium&#8221; target=&#8221;_blank&#8221;]Preces[\/button]<\/span> <span>[button link=&#8221;https:\/\/youtube.com\/playlist?list=PLO_7Zoueaxd676c27FtiqjpJiuu1Nyio5&#8243; size=&#8221;medium&#8221; target=&#8221;_blank&#8221;]Playlist no Youtube[\/button]<\/span><\/p>\n<h3>Lista de sess\u00f5es<\/h3>\n<h4>Aten\u00e7\u00e3o: Os hor\u00e1rios e a programa\u00e7\u00e3o dos retiros est\u00e3o sujeitos \u00e0 altera\u00e7\u00f5es<\/h4>\n<p>Programa\u00e7\u00e3o:<br \/>\n<strong>s\u00e1bado | 13\/11\/21<\/strong><br \/>\n. 5h30 \u00e0s 6h15 | Medita\u00e7\u00e3o &#8211; <a href=\"https:\/\/zoom.us\/j\/93353438656?pwd=dWsvdkd0aUdCS01SaG9Db29NbFBCdz09\" target=\"_blank\" rel=\"noopener\">sala Zoom<\/a>, ID: 933 5343 8656, senha: cebb<br \/>\n. 6h15 \u00e0s 7h | Puja Chuva de Ben\u00e7\u00e3os &#8211; <a href=\"https:\/\/zoom.us\/j\/93353438656?pwd=dWsvdkd0aUdCS01SaG9Db29NbFBCdz09\" target=\"_blank\" rel=\"noopener\">sala Zoom<\/a>, ID: 933 5343 8656, senha: cebb<br \/>\n. 8h &#8211; 11h | Medita\u00e7\u00e3o e Ensinamentos da Manh\u00e3 \u00b7<a href=\"https:\/\/youtu.be\/xggn1AvH-M0\" target=\"_blank\" rel=\"noopener\"> Sess\u00e3o #1<\/a><br \/>\n\u00b7 14h \u00e0s 17h | Medita\u00e7\u00e3o e Ensinamentos da Tarde \u00b7 <a href=\"https:\/\/youtu.be\/Ho9G3tAT2iQ\" target=\"_blank\" rel=\"noopener\"> Sess\u00e3o #2<\/a><br \/>\n\u00b7 19h \u00e0s 20h30 | Puja, Acumula\u00e7\u00e3o e Perguntas \u00b7 <a href=\"https:\/\/youtu.be\/fRFxqgb_qck\" target=\"_blank\" rel=\"noopener\">Sess\u00e3o #3<\/a><br \/>\n<strong>domingo | 14\/11\/21<\/strong><br \/>\n. 5h30 \u00e0s 6h15 | Medita\u00e7\u00e3o &#8211; <a href=\"https:\/\/zoom.us\/j\/93353438656?pwd=dWsvdkd0aUdCS01SaG9Db29NbFBCdz09\" target=\"_blank\" rel=\"noopener\">sala Zoom<\/a>, ID: 933 5343 8656, senha: cebb<br \/>\n. 6h15 \u00e0s 7h | Puja Chuva de Ben\u00e7\u00e3os &#8211; <a href=\"https:\/\/zoom.us\/j\/93353438656?pwd=dWsvdkd0aUdCS01SaG9Db29NbFBCdz09\" target=\"_blank\" rel=\"noopener\">sala Zoom<\/a>, ID: 933 5343 8656, senha: cebb<br \/>\n. 8h &#8211; 11h | Medita\u00e7\u00e3o e Ensinamentos da Manh\u00e3 \u00b7 <a href=\"https:\/\/youtu.be\/-8aPpCPtdd4\" target=\"_blank\" rel=\"noopener\">Sess\u00e3o #4<\/a><br \/>\n\u00b7 14h \u00e0s 17h | Medita\u00e7\u00e3o e Ensinamentos da Tarde \u00b7 <a href=\"https:\/\/youtu.be\/FR8VHU0Mge8\" target=\"_blank\" rel=\"noopener\">Sess\u00e3o #5<\/a><\/p>\n<h3>Inscri\u00e7\u00e3o<\/h3>\n<p>Sua inscri\u00e7\u00e3o e participa\u00e7\u00e3o independem de contribui\u00e7\u00e3o financeira. Caso lhe seja poss\u00edvel contribuir, sinta-se livre para definir o valor, como refer\u00eancia, sugerimos R$ 150,00.<br \/>\nSua contribui\u00e7\u00e3o apoiar\u00e1 o CEBB Caminho do Meio, o <a href=\"http:\/\/www.cebb.org.br\/centros\/rs\/bacopari\/\" target=\"_blank\" rel=\"noopener\">CEBB Bacopari<\/a>, o CEBB Jetavana e as atividades do Lama Padma Samten.<\/p>\n<h3>Pr\u00e1tica de Generosidade<\/h3>\n<p>Tradicionalmente, as atividades do Darma s\u00e3o sustentadas pela pr\u00e1tica da generosidade (Dana Paramita), que \u00e9 o que torna poss\u00edvel a continuidade dos ensinamentos desde os tempos do Buda, permitindo o surgimento e a manuten\u00e7\u00e3o dos centros de estudos, medita\u00e7\u00e3o e acolhimento e as iniciativas de educa\u00e7\u00e3o, prote\u00e7\u00e3o ambiental, terras puras e cultura de paz.<br \/>\nPara contribui\u00e7\u00f5es de dentro do Brasil, os dados banc\u00e1rios para doa\u00e7\u00e3o s\u00e3o:<\/p>\n<blockquote><p>\nPIX: CNPJ 34.079.867\/0001-04<br \/>\nBanco do Brasil (001)<br \/>\nAg\u00eancia: 0628-9<br \/>\nConta corrente: 108999-4<br \/>\nA\u00e7\u00e3o Paramita Ensino Budista<br \/>\nCNPJ 34.079.867\/0001-04\n<\/p><\/blockquote>\n<p>Para contribui\u00e7\u00f5es de fora do Brasil, entre em contato com <strong>cebbcm@gmail.com<\/strong>.<\/p>\n<h3>Contato<\/h3>\n<p>Se tiver d\u00favidas, conte conosco: <strong>cebbcm@gmail.com<\/strong>.<\/p>\n","protected":false},"excerpt":{"rendered":"<p>Ensinamentos com Lama Padma Samten no Retiro | As Oito Consci\u00eancias, As Cinco Sabedorias e o Sofrimento, transmitido ao vivo nos dias 13 e 14 de novembro 2021 \u2013. Aqui voc\u00ea encontra as grava\u00e7\u00f5es de todas as sess\u00f5es, que permanecer\u00e3o dispon\u00edveis para inscritos &#8211; mesmo os que se inscreverem depois do retiro ter terminado. \u00b7 [&hellip;]<\/p>\n","protected":false},"author":164,"featured_media":0,"parent":0,"menu_order":0,"comment_status":"closed","ping_status":"open","template":"","meta":{"footnotes":""},"class_list":["post-86657","page","type-page","status-publish","hentry"],"yoast_head":"<!-- This site is optimized with the Yoast SEO plugin v27.5 - https:\/\/yoast.com\/product\/yoast-seo-wordpress\/ -->\n<title>Retiro Novembro 2021 - P\u00e1gina de Acompanhamento - Centro de Estudos Budistas Bodisatva<\/title>\n<meta name=\"robots\" content=\"index, nofollow, max-snippet:-1, max-image-preview:large, max-video-preview:-1\" \/>\n<link rel=\"canonical\" href=\"https:\/\/cebb.org.br\/en\/retiro-novembro-2021-pagina-de-acompanhamento\/\" \/>\n<meta property=\"og:locale\" content=\"en_GB\" \/>\n<meta property=\"og:type\" content=\"article\" \/>\n<meta property=\"og:title\" content=\"Retiro Novembro 2021 - P\u00e1gina de Acompanhamento - Centro de Estudos Budistas Bodisatva\" \/>\n<meta property=\"og:description\" content=\"Ensinamentos com Lama Padma Samten no Retiro | As Oito Consci\u00eancias, As Cinco Sabedorias e o Sofrimento, transmitido ao vivo nos dias 13 e 14 de novembro 2021 \u2013. Aqui voc\u00ea encontra as grava\u00e7\u00f5es de todas as sess\u00f5es, que permanecer\u00e3o dispon\u00edveis para inscritos &#8211; mesmo os que se inscreverem depois do retiro ter terminado. \u00b7 [&hellip;]\" \/>\n<meta property=\"og:url\" content=\"https:\/\/cebb.org.br\/en\/retiro-novembro-2021-pagina-de-acompanhamento\/\" \/>\n<meta property=\"og:site_name\" content=\"Centro de Estudos Budistas Bodisatva\" \/>\n<meta property=\"article:publisher\" content=\"https:\/\/pt-br.facebook.com\/cebb108\" \/>\n<meta name=\"twitter:card\" content=\"summary_large_image\" \/>\n<meta name=\"twitter:label1\" content=\"Estimated reading time\" \/>\n\t<meta name=\"twitter:data1\" content=\"3 minutes\" \/>\n<script type=\"application\/ld+json\" class=\"yoast-schema-graph\">{\"@context\":\"https:\\\/\\\/schema.org\",\"@graph\":[{\"@type\":\"WebPage\",\"@id\":\"https:\\\/\\\/cebb.org.br\\\/retiro-novembro-2021-pagina-de-acompanhamento\\\/\",\"url\":\"https:\\\/\\\/cebb.org.br\\\/retiro-novembro-2021-pagina-de-acompanhamento\\\/\",\"name\":\"Retiro Novembro 2021 - P\u00e1gina de Acompanhamento - Centro de Estudos Budistas Bodisatva\",\"isPartOf\":{\"@id\":\"https:\\\/\\\/cebb.org.br\\\/#website\"},\"datePublished\":\"2021-11-01T16:14:32+00:00\",\"breadcrumb\":{\"@id\":\"https:\\\/\\\/cebb.org.br\\\/retiro-novembro-2021-pagina-de-acompanhamento\\\/#breadcrumb\"},\"inLanguage\":\"en-GB\",\"potentialAction\":[{\"@type\":\"ReadAction\",\"target\":[\"https:\\\/\\\/cebb.org.br\\\/retiro-novembro-2021-pagina-de-acompanhamento\\\/\"]}]},{\"@type\":\"BreadcrumbList\",\"@id\":\"https:\\\/\\\/cebb.org.br\\\/retiro-novembro-2021-pagina-de-acompanhamento\\\/#breadcrumb\",\"itemListElement\":[{\"@type\":\"ListItem\",\"position\":1,\"name\":\"Home\",\"item\":\"https:\\\/\\\/cebb.org.br\\\/\"},{\"@type\":\"ListItem\",\"position\":2,\"name\":\"Retiro Novembro 2021 &#8211; P\u00e1gina de Acompanhamento\"}]},{\"@type\":\"WebSite\",\"@id\":\"https:\\\/\\\/cebb.org.br\\\/#website\",\"url\":\"https:\\\/\\\/cebb.org.br\\\/\",\"name\":\"Centro de Estudos Budistas Bodisatva\",\"description\":\"Budismo, medita\u00e7\u00e3o e cultura de paz | Lama Padma Samten\",\"publisher\":{\"@id\":\"https:\\\/\\\/cebb.org.br\\\/#organization\"},\"potentialAction\":[{\"@type\":\"SearchAction\",\"target\":{\"@type\":\"EntryPoint\",\"urlTemplate\":\"https:\\\/\\\/cebb.org.br\\\/?s={search_term_string}\"},\"query-input\":{\"@type\":\"PropertyValueSpecification\",\"valueRequired\":true,\"valueName\":\"search_term_string\"}}],\"inLanguage\":\"en-GB\"},{\"@type\":\"Organization\",\"@id\":\"https:\\\/\\\/cebb.org.br\\\/#organization\",\"name\":\"Centro de Estudos Budistas Bodisatva\",\"url\":\"https:\\\/\\\/cebb.org.br\\\/\",\"logo\":{\"@type\":\"ImageObject\",\"inLanguage\":\"en-GB\",\"@id\":\"https:\\\/\\\/cebb.org.br\\\/#\\\/schema\\\/logo\\\/image\\\/\",\"url\":\"http:\\\/\\\/18.230.164.79\\\/wp-content\\\/uploads\\\/2011\\\/03\\\/logosalvador-peq-e1660064979551.jpg\",\"contentUrl\":\"http:\\\/\\\/18.230.164.79\\\/wp-content\\\/uploads\\\/2011\\\/03\\\/logosalvador-peq-e1660064979551.jpg\",\"width\":280,\"height\":231,\"caption\":\"Centro de Estudos Budistas Bodisatva\"},\"image\":{\"@id\":\"https:\\\/\\\/cebb.org.br\\\/#\\\/schema\\\/logo\\\/image\\\/\"},\"sameAs\":[\"https:\\\/\\\/pt-br.facebook.com\\\/cebb108\",\"https:\\\/\\\/www.instagram.com\\\/cebbcaminhodomeio\\\/\"]}]}<\/script>\n<!-- \/ Yoast SEO plugin. -->","yoast_head_json":{"title":"Retiro Novembro 2021 - P\u00e1gina de Acompanhamento - Centro de Estudos Budistas Bodisatva","robots":{"index":"index","follow":"nofollow","max-snippet":"max-snippet:-1","max-image-preview":"max-image-preview:large","max-video-preview":"max-video-preview:-1"},"canonical":"https:\/\/cebb.org.br\/en\/retiro-novembro-2021-pagina-de-acompanhamento\/","og_locale":"en_GB","og_type":"article","og_title":"Retiro Novembro 2021 - P\u00e1gina de Acompanhamento - Centro de Estudos Budistas Bodisatva","og_description":"Ensinamentos com Lama Padma Samten no Retiro | As Oito Consci\u00eancias, As Cinco Sabedorias e o Sofrimento, transmitido ao vivo nos dias 13 e 14 de novembro 2021 \u2013. Aqui voc\u00ea encontra as grava\u00e7\u00f5es de todas as sess\u00f5es, que permanecer\u00e3o dispon\u00edveis para inscritos &#8211; mesmo os que se inscreverem depois do retiro ter terminado. \u00b7 [&hellip;]","og_url":"https:\/\/cebb.org.br\/en\/retiro-novembro-2021-pagina-de-acompanhamento\/","og_site_name":"Centro de Estudos Budistas Bodisatva","article_publisher":"https:\/\/pt-br.facebook.com\/cebb108","twitter_card":"summary_large_image","twitter_misc":{"Estimated reading time":"3 minutes"},"schema":{"@context":"https:\/\/schema.org","@graph":[{"@type":"WebPage","@id":"https:\/\/cebb.org.br\/retiro-novembro-2021-pagina-de-acompanhamento\/","url":"https:\/\/cebb.org.br\/retiro-novembro-2021-pagina-de-acompanhamento\/","name":"Retiro Novembro 2021 - P\u00e1gina de Acompanhamento - Centro de Estudos Budistas Bodisatva","isPartOf":{"@id":"https:\/\/cebb.org.br\/#website"},"datePublished":"2021-11-01T16:14:32+00:00","breadcrumb":{"@id":"https:\/\/cebb.org.br\/retiro-novembro-2021-pagina-de-acompanhamento\/#breadcrumb"},"inLanguage":"en-GB","potentialAction":[{"@type":"ReadAction","target":["https:\/\/cebb.org.br\/retiro-novembro-2021-pagina-de-acompanhamento\/"]}]},{"@type":"BreadcrumbList","@id":"https:\/\/cebb.org.br\/retiro-novembro-2021-pagina-de-acompanhamento\/#breadcrumb","itemListElement":[{"@type":"ListItem","position":1,"name":"Home","item":"https:\/\/cebb.org.br\/"},{"@type":"ListItem","position":2,"name":"Retiro Novembro 2021 &#8211; P\u00e1gina de Acompanhamento"}]},{"@type":"WebSite","@id":"https:\/\/cebb.org.br\/#website","url":"https:\/\/cebb.org.br\/","name":"Bodhisattva Center for Buddhist Studies","description":"Budismo, medita\u00e7\u00e3o e cultura de paz | Lama Padma Samten","publisher":{"@id":"https:\/\/cebb.org.br\/#organization"},"potentialAction":[{"@type":"SearchAction","target":{"@type":"EntryPoint","urlTemplate":"https:\/\/cebb.org.br\/?s={search_term_string}"},"query-input":{"@type":"PropertyValueSpecification","valueRequired":true,"valueName":"search_term_string"}}],"inLanguage":"en-GB"},{"@type":"Organization","@id":"https:\/\/cebb.org.br\/#organization","name":"Bodhisattva Center for Buddhist Studies","url":"https:\/\/cebb.org.br\/","logo":{"@type":"ImageObject","inLanguage":"en-GB","@id":"https:\/\/cebb.org.br\/#\/schema\/logo\/image\/","url":"http:\/\/18.230.164.79\/wp-content\/uploads\/2011\/03\/logosalvador-peq-e1660064979551.jpg","contentUrl":"http:\/\/18.230.164.79\/wp-content\/uploads\/2011\/03\/logosalvador-peq-e1660064979551.jpg","width":280,"height":231,"caption":"Centro de Estudos Budistas Bodisatva"},"image":{"@id":"https:\/\/cebb.org.br\/#\/schema\/logo\/image\/"},"sameAs":["https:\/\/pt-br.facebook.com\/cebb108","https:\/\/www.instagram.com\/cebbcaminhodomeio\/"]}]}},"_links":{"self":[{"href":"https:\/\/cebb.org.br\/en\/wp-json\/wp\/v2\/pages\/86657","targetHints":{"allow":["GET"]}}],"collection":[{"href":"https:\/\/cebb.org.br\/en\/wp-json\/wp\/v2\/pages"}],"about":[{"href":"https:\/\/cebb.org.br\/en\/wp-json\/wp\/v2\/types\/page"}],"author":[{"embeddable":true,"href":"https:\/\/cebb.org.br\/en\/wp-json\/wp\/v2\/users\/164"}],"replies":[{"embeddable":true,"href":"https:\/\/cebb.org.br\/en\/wp-json\/wp\/v2\/comments?post=86657"}],"version-history":[{"count":0,"href":"https:\/\/cebb.org.br\/en\/wp-json\/wp\/v2\/pages\/86657\/revisions"}],"wp:attachment":[{"href":"https:\/\/cebb.org.br\/en\/wp-json\/wp\/v2\/media?parent=86657"}],"curies":[{"name":"wp","href":"https:\/\/api.w.org\/{rel}","templated":true}]}}