{"id":90218,"date":"1989-06-10T13:03:37","date_gmt":"1989-06-10T16:03:37","guid":{"rendered":"http:\/\/www.cebb.org.br\/?page_id=90218"},"modified":"1989-06-10T13:03:37","modified_gmt":"1989-06-10T16:03:37","slug":"nao-recebi","status":"publish","type":"page","link":"https:\/\/cebb.org.br\/en\/nao-recebi\/","title":{"rendered":"N\u00e3o recebi informa\u00e7\u00f5es do retiro: o que fazer?"},"content":{"rendered":"<p>Sempre que voc\u00ea se inscreve em um retiro organizado pelo CEBB Caminho do Meio, voc\u00ea recebe dois e-mails: a c\u00f3pia do formul\u00e1rio que voc\u00ea preencheu e um email-resposta com todas as informa\u00e7\u00f5es relevantes &#8212; incluindo, no caso de retiros online, o link para a p\u00e1gina de acompanhamento do retiro.<br \/>\nCaso n\u00e3o encontre o email-resposta em sua caixa de entrada, siga os seguintes passos:<\/p>\n<ul>\n<li>Verifique na aba PROMO\u00c7\u00d5ES ou em outras abas similares do seu e-mail;<\/li>\n<li>Verifique na caixa de SPAM do seu e-mail;<\/li>\n<li>Caso encontre na caixa de Spam, clique em &#8220;N\u00e3o \u00e9 SPAM&#8221;;<\/li>\n<li>Salve o e-mail do CEBB (cebbcm@gmail.com) na sua lista de contatos, para evitar que os pr\u00f3ximos e-e-mails caiam na caixa de spam.<\/li>\n<\/ul>\n<p>Caso nada disso funcione, por favor entre em contato em eventos@cebb.org.br. <\/p>","protected":false},"excerpt":{"rendered":"<p>Sempre que voc\u00ea se inscreve em um retiro organizado pelo CEBB Caminho do Meio, voc\u00ea recebe dois e-mails: a c\u00f3pia do formul\u00e1rio que voc\u00ea preencheu e um email-resposta com todas as informa\u00e7\u00f5es relevantes &#8212; incluindo, no caso de retiros online, o link para a p\u00e1gina de acompanhamento do retiro. Caso n\u00e3o encontre o email-resposta em [&hellip;]<\/p>\n","protected":false},"author":128,"featured_media":0,"parent":0,"menu_order":0,"comment_status":"closed","ping_status":"open","template":"","meta":{"footnotes":""},"class_list":["post-90218","page","type-page","status-publish","hentry"],"yoast_head":"<!-- This site is optimized with the Yoast SEO plugin v27.5 - https:\/\/yoast.com\/product\/yoast-seo-wordpress\/ -->\n<title>N\u00e3o recebi informa\u00e7\u00f5es do retiro: o que fazer? - Centro de Estudos Budistas Bodisatva<\/title>\n<meta name=\"robots\" content=\"index, follow, max-snippet:-1, max-image-preview:large, max-video-preview:-1\" \/>\n<link rel=\"canonical\" href=\"https:\/\/cebb.org.br\/en\/nao-recebi\/\" \/>\n<meta property=\"og:locale\" content=\"en_GB\" \/>\n<meta property=\"og:type\" content=\"article\" \/>\n<meta property=\"og:title\" content=\"N\u00e3o recebi informa\u00e7\u00f5es do retiro: o que fazer? - Centro de Estudos Budistas Bodisatva\" \/>\n<meta property=\"og:description\" content=\"Sempre que voc\u00ea se inscreve em um retiro organizado pelo CEBB Caminho do Meio, voc\u00ea recebe dois e-mails: a c\u00f3pia do formul\u00e1rio que voc\u00ea preencheu e um email-resposta com todas as informa\u00e7\u00f5es relevantes &#8212; incluindo, no caso de retiros online, o link para a p\u00e1gina de acompanhamento do retiro. Caso n\u00e3o encontre o email-resposta em [&hellip;]\" \/>\n<meta property=\"og:url\" content=\"https:\/\/cebb.org.br\/en\/nao-recebi\/\" \/>\n<meta property=\"og:site_name\" content=\"Centro de Estudos Budistas Bodisatva\" \/>\n<meta property=\"article:publisher\" content=\"https:\/\/pt-br.facebook.com\/cebb108\" \/>\n<meta name=\"twitter:card\" content=\"summary_large_image\" \/>\n<meta name=\"twitter:label1\" content=\"Estimated reading time\" \/>\n\t<meta name=\"twitter:data1\" content=\"1 minute\" \/>\n<script type=\"application\/ld+json\" class=\"yoast-schema-graph\">{\"@context\":\"https:\\\/\\\/schema.org\",\"@graph\":[{\"@type\":\"WebPage\",\"@id\":\"https:\\\/\\\/cebb.org.br\\\/nao-recebi\\\/\",\"url\":\"https:\\\/\\\/cebb.org.br\\\/nao-recebi\\\/\",\"name\":\"N\u00e3o recebi informa\u00e7\u00f5es do retiro: o que fazer? - Centro de Estudos Budistas Bodisatva\",\"isPartOf\":{\"@id\":\"https:\\\/\\\/cebb.org.br\\\/#website\"},\"datePublished\":\"1989-06-10T16:03:37+00:00\",\"breadcrumb\":{\"@id\":\"https:\\\/\\\/cebb.org.br\\\/nao-recebi\\\/#breadcrumb\"},\"inLanguage\":\"en-GB\",\"potentialAction\":[{\"@type\":\"ReadAction\",\"target\":[\"https:\\\/\\\/cebb.org.br\\\/nao-recebi\\\/\"]}]},{\"@type\":\"BreadcrumbList\",\"@id\":\"https:\\\/\\\/cebb.org.br\\\/nao-recebi\\\/#breadcrumb\",\"itemListElement\":[{\"@type\":\"ListItem\",\"position\":1,\"name\":\"Home\",\"item\":\"https:\\\/\\\/cebb.org.br\\\/\"},{\"@type\":\"ListItem\",\"position\":2,\"name\":\"N\u00e3o recebi informa\u00e7\u00f5es do retiro: o que fazer?\"}]},{\"@type\":\"WebSite\",\"@id\":\"https:\\\/\\\/cebb.org.br\\\/#website\",\"url\":\"https:\\\/\\\/cebb.org.br\\\/\",\"name\":\"Centro de Estudos Budistas Bodisatva\",\"description\":\"Budismo, medita\u00e7\u00e3o e cultura de paz | Lama Padma Samten\",\"publisher\":{\"@id\":\"https:\\\/\\\/cebb.org.br\\\/#organization\"},\"potentialAction\":[{\"@type\":\"SearchAction\",\"target\":{\"@type\":\"EntryPoint\",\"urlTemplate\":\"https:\\\/\\\/cebb.org.br\\\/?s={search_term_string}\"},\"query-input\":{\"@type\":\"PropertyValueSpecification\",\"valueRequired\":true,\"valueName\":\"search_term_string\"}}],\"inLanguage\":\"en-GB\"},{\"@type\":\"Organization\",\"@id\":\"https:\\\/\\\/cebb.org.br\\\/#organization\",\"name\":\"Centro de Estudos Budistas Bodisatva\",\"url\":\"https:\\\/\\\/cebb.org.br\\\/\",\"logo\":{\"@type\":\"ImageObject\",\"inLanguage\":\"en-GB\",\"@id\":\"https:\\\/\\\/cebb.org.br\\\/#\\\/schema\\\/logo\\\/image\\\/\",\"url\":\"http:\\\/\\\/18.230.164.79\\\/wp-content\\\/uploads\\\/2011\\\/03\\\/logosalvador-peq-e1660064979551.jpg\",\"contentUrl\":\"http:\\\/\\\/18.230.164.79\\\/wp-content\\\/uploads\\\/2011\\\/03\\\/logosalvador-peq-e1660064979551.jpg\",\"width\":280,\"height\":231,\"caption\":\"Centro de Estudos Budistas Bodisatva\"},\"image\":{\"@id\":\"https:\\\/\\\/cebb.org.br\\\/#\\\/schema\\\/logo\\\/image\\\/\"},\"sameAs\":[\"https:\\\/\\\/pt-br.facebook.com\\\/cebb108\",\"https:\\\/\\\/www.instagram.com\\\/cebbcaminhodomeio\\\/\"]}]}<\/script>\n<!-- \/ Yoast SEO plugin. -->","yoast_head_json":{"title":"N\u00e3o recebi informa\u00e7\u00f5es do retiro: o que fazer? - Centro de Estudos Budistas Bodisatva","robots":{"index":"index","follow":"follow","max-snippet":"max-snippet:-1","max-image-preview":"max-image-preview:large","max-video-preview":"max-video-preview:-1"},"canonical":"https:\/\/cebb.org.br\/en\/nao-recebi\/","og_locale":"en_GB","og_type":"article","og_title":"N\u00e3o recebi informa\u00e7\u00f5es do retiro: o que fazer? - Centro de Estudos Budistas Bodisatva","og_description":"Sempre que voc\u00ea se inscreve em um retiro organizado pelo CEBB Caminho do Meio, voc\u00ea recebe dois e-mails: a c\u00f3pia do formul\u00e1rio que voc\u00ea preencheu e um email-resposta com todas as informa\u00e7\u00f5es relevantes &#8212; incluindo, no caso de retiros online, o link para a p\u00e1gina de acompanhamento do retiro. Caso n\u00e3o encontre o email-resposta em [&hellip;]","og_url":"https:\/\/cebb.org.br\/en\/nao-recebi\/","og_site_name":"Centro de Estudos Budistas Bodisatva","article_publisher":"https:\/\/pt-br.facebook.com\/cebb108","twitter_card":"summary_large_image","twitter_misc":{"Estimated reading time":"1 minute"},"schema":{"@context":"https:\/\/schema.org","@graph":[{"@type":"WebPage","@id":"https:\/\/cebb.org.br\/nao-recebi\/","url":"https:\/\/cebb.org.br\/nao-recebi\/","name":"N\u00e3o recebi informa\u00e7\u00f5es do retiro: o que fazer? - Centro de Estudos Budistas Bodisatva","isPartOf":{"@id":"https:\/\/cebb.org.br\/#website"},"datePublished":"1989-06-10T16:03:37+00:00","breadcrumb":{"@id":"https:\/\/cebb.org.br\/nao-recebi\/#breadcrumb"},"inLanguage":"en-GB","potentialAction":[{"@type":"ReadAction","target":["https:\/\/cebb.org.br\/nao-recebi\/"]}]},{"@type":"BreadcrumbList","@id":"https:\/\/cebb.org.br\/nao-recebi\/#breadcrumb","itemListElement":[{"@type":"ListItem","position":1,"name":"Home","item":"https:\/\/cebb.org.br\/"},{"@type":"ListItem","position":2,"name":"N\u00e3o recebi informa\u00e7\u00f5es do retiro: o que fazer?"}]},{"@type":"WebSite","@id":"https:\/\/cebb.org.br\/#website","url":"https:\/\/cebb.org.br\/","name":"Bodhisattva Center for Buddhist Studies","description":"Budismo, medita\u00e7\u00e3o e cultura de paz | Lama Padma Samten","publisher":{"@id":"https:\/\/cebb.org.br\/#organization"},"potentialAction":[{"@type":"SearchAction","target":{"@type":"EntryPoint","urlTemplate":"https:\/\/cebb.org.br\/?s={search_term_string}"},"query-input":{"@type":"PropertyValueSpecification","valueRequired":true,"valueName":"search_term_string"}}],"inLanguage":"en-GB"},{"@type":"Organization","@id":"https:\/\/cebb.org.br\/#organization","name":"Bodhisattva Center for Buddhist Studies","url":"https:\/\/cebb.org.br\/","logo":{"@type":"ImageObject","inLanguage":"en-GB","@id":"https:\/\/cebb.org.br\/#\/schema\/logo\/image\/","url":"http:\/\/18.230.164.79\/wp-content\/uploads\/2011\/03\/logosalvador-peq-e1660064979551.jpg","contentUrl":"http:\/\/18.230.164.79\/wp-content\/uploads\/2011\/03\/logosalvador-peq-e1660064979551.jpg","width":280,"height":231,"caption":"Centro de Estudos Budistas Bodisatva"},"image":{"@id":"https:\/\/cebb.org.br\/#\/schema\/logo\/image\/"},"sameAs":["https:\/\/pt-br.facebook.com\/cebb108","https:\/\/www.instagram.com\/cebbcaminhodomeio\/"]}]}},"_links":{"self":[{"href":"https:\/\/cebb.org.br\/en\/wp-json\/wp\/v2\/pages\/90218","targetHints":{"allow":["GET"]}}],"collection":[{"href":"https:\/\/cebb.org.br\/en\/wp-json\/wp\/v2\/pages"}],"about":[{"href":"https:\/\/cebb.org.br\/en\/wp-json\/wp\/v2\/types\/page"}],"author":[{"embeddable":true,"href":"https:\/\/cebb.org.br\/en\/wp-json\/wp\/v2\/users\/128"}],"replies":[{"embeddable":true,"href":"https:\/\/cebb.org.br\/en\/wp-json\/wp\/v2\/comments?post=90218"}],"version-history":[{"count":0,"href":"https:\/\/cebb.org.br\/en\/wp-json\/wp\/v2\/pages\/90218\/revisions"}],"wp:attachment":[{"href":"https:\/\/cebb.org.br\/en\/wp-json\/wp\/v2\/media?parent=90218"}],"curies":[{"name":"wp","href":"https:\/\/api.w.org\/{rel}","templated":true}]}}