{"id":94045,"date":"2022-11-29T21:32:55","date_gmt":"2022-11-30T00:32:55","guid":{"rendered":"https:\/\/cebb.org.br\/?page_id=94045"},"modified":"2022-11-30T23:29:09","modified_gmt":"2022-12-01T02:29:09","slug":"instrucoes-para-palestras-e-retiro-presencial-cebb-centro-oeste","status":"publish","type":"page","link":"https:\/\/cebb.org.br\/en\/instrucoes-para-palestras-e-retiro-presencial-cebb-centro-oeste\/","title":{"rendered":"Instru\u00e7\u00f5es para palestras e retiro presencial &#8211; CEBB Centro-Oeste"},"content":{"rendered":"<h3><span style=\"font-weight: 400;\"><img fetchpriority=\"high\" decoding=\"async\" class=\"alignnone size-full wp-image-94046\" src=\"https:\/\/cebb.org.br\/wp-content\/uploads\/2022\/11\/Protocolo_saude-e1669768244207.jpg\" alt=\"\" width=\"787\" height=\"559\" srcset=\"https:\/\/cebb.org.br\/wp-content\/uploads\/2022\/11\/Protocolo_saude-e1669768244207.jpg 787w, https:\/\/cebb.org.br\/wp-content\/uploads\/2022\/11\/Protocolo_saude-e1669768244207-300x213.jpg 300w, https:\/\/cebb.org.br\/wp-content\/uploads\/2022\/11\/Protocolo_saude-e1669768244207-768x546.jpg 768w\" sizes=\"(max-width: 787px) 100vw, 787px\" \/><\/span><\/h3>\n<h3><\/h3>\n<h5><span style=\"font-weight: 400;\">Queridos praticantes, relembramos aqui os protocolos criados para garantir o nosso bem-estar e sa\u00fade durante as pr\u00e1ticas presenciais do CEBB\/GEBB Centro Oeste (Alto Para\u00edso, Bras\u00edlia, \u00a0Goi\u00e2nia e Jata\u00ed):<\/span><\/h5>\n<ol>\n<li>\n<h5><span style=\"font-weight: 400;\"> \u00c9 necess\u00e1rio fazer inscri\u00e7\u00e3o online pr\u00e9via, para controle do limite m\u00e1ximo de participantes para as palestras e retiro. Todos os eventos tamb\u00e9m tem inscri\u00e7\u00e3o pr\u00e9via, atrav\u00e9s de formul\u00e1rio online na divulga\u00e7\u00e3o do evento.<\/span><\/h5>\n<\/li>\n<li>\n<h5><span style=\"font-weight: 400;\"> Nas depend\u00eancias do CEBB \u00e9 obrigat\u00f3rio o uso correto (cobrindo totalmente a boca e o nariz) de m\u00e1scaras de prote\u00e7\u00e3o cir\u00fargica descart\u00e1vel ou tipo N95\/PFF2, durante todo o tempo de perman\u00eancia.<\/span><\/h5>\n<\/li>\n<li>\n<h5><span style=\"font-weight: 400;\"> N\u00e3o ser\u00e3o oferecidos lanches ou bebidas coletivamente, nem ser\u00e1 permitido comer na sala de pr\u00e1ticas. \u00c1gua para consumo pode ser trazida com utiliza\u00e7\u00e3o das garrafinhas individuais. Evite o consumo de \u00e1gua engarrafada em embalagens pl\u00e1sticas.<\/span><\/h5>\n<\/li>\n<li>\n<h5><span style=\"font-weight: 400;\"> \u00c0s pessoas que apresentarem sintomas respirat\u00f3rios, febre, dor de garganta e outros relacionados \u00e0 COVID-19 pedimos que n\u00e3o venham ao CEBB at\u00e9 que se recuperem e desejamos r\u00e1pida recupera\u00e7\u00e3o.<\/span><\/h5>\n<\/li>\n<li>\n<h5><span style=\"font-weight: 400;\"> Ser\u00e1 disponibilizado \u00e1lcool gel aos praticantes.<\/span><\/h5>\n<\/li>\n<li>\n<h5><span style=\"font-weight: 400;\"> Sempre que poss\u00edvel as janelas permanecem abertas para melhor ventila\u00e7\u00e3o do ambiente.<\/span><\/h5>\n<\/li>\n<\/ol>\n<h5><span style=\"font-weight: 400;\">Agradecemos sua compreens\u00e3o.<\/span><\/h5>\n<h5><\/h5>","protected":false},"excerpt":{"rendered":"<p>Queridos praticantes, relembramos aqui os protocolos criados para garantir o nosso bem-estar e sa\u00fade durante as pr\u00e1ticas presenciais do CEBB\/GEBB Centro Oeste (Alto Para\u00edso, Bras\u00edlia, \u00a0Goi\u00e2nia e Jata\u00ed): \u00c9 necess\u00e1rio fazer inscri\u00e7\u00e3o online pr\u00e9via, para controle do limite m\u00e1ximo de participantes para as palestras e retiro. Todos os eventos tamb\u00e9m tem inscri\u00e7\u00e3o pr\u00e9via, atrav\u00e9s de [&hellip;]<\/p>\n","protected":false},"author":100,"featured_media":0,"parent":0,"menu_order":0,"comment_status":"closed","ping_status":"closed","template":"","meta":{"footnotes":""},"class_list":["post-94045","page","type-page","status-publish","hentry"],"yoast_head":"<!-- This site is optimized with the Yoast SEO plugin v27.3 - https:\/\/yoast.com\/product\/yoast-seo-wordpress\/ -->\n<title>Instru\u00e7\u00f5es para palestras e retiro presencial - CEBB Centro-Oeste - Centro de Estudos Budistas Bodisatva<\/title>\n<meta name=\"robots\" content=\"index, follow, max-snippet:-1, max-image-preview:large, max-video-preview:-1\" \/>\n<link rel=\"canonical\" href=\"https:\/\/cebb.org.br\/en\/instrucoes-para-palestras-e-retiro-presencial-cebb-centro-oeste\/\" \/>\n<meta property=\"og:locale\" content=\"en_GB\" \/>\n<meta property=\"og:type\" content=\"article\" \/>\n<meta property=\"og:title\" content=\"Instru\u00e7\u00f5es para palestras e retiro presencial - CEBB Centro-Oeste - Centro de Estudos Budistas Bodisatva\" \/>\n<meta property=\"og:description\" content=\"Queridos praticantes, relembramos aqui os protocolos criados para garantir o nosso bem-estar e sa\u00fade durante as pr\u00e1ticas presenciais do CEBB\/GEBB Centro Oeste (Alto Para\u00edso, Bras\u00edlia, \u00a0Goi\u00e2nia e Jata\u00ed): \u00c9 necess\u00e1rio fazer inscri\u00e7\u00e3o online pr\u00e9via, para controle do limite m\u00e1ximo de participantes para as palestras e retiro. Todos os eventos tamb\u00e9m tem inscri\u00e7\u00e3o pr\u00e9via, atrav\u00e9s de [&hellip;]\" \/>\n<meta property=\"og:url\" content=\"https:\/\/cebb.org.br\/en\/instrucoes-para-palestras-e-retiro-presencial-cebb-centro-oeste\/\" \/>\n<meta property=\"og:site_name\" content=\"Centro de Estudos Budistas Bodisatva\" \/>\n<meta property=\"article:publisher\" content=\"https:\/\/pt-br.facebook.com\/cebb108\" \/>\n<meta property=\"article:modified_time\" content=\"2022-12-01T02:29:09+00:00\" \/>\n<meta property=\"og:image\" content=\"https:\/\/cebb.org.br\/wp-content\/uploads\/2022\/11\/Protocolo_saude-e1669768244207.jpg\" \/>\n<meta name=\"twitter:card\" content=\"summary_large_image\" \/>\n<meta name=\"twitter:label1\" content=\"Estimated reading time\" \/>\n\t<meta name=\"twitter:data1\" content=\"2 minutes\" \/>\n<script type=\"application\/ld+json\" class=\"yoast-schema-graph\">{\"@context\":\"https:\\\/\\\/schema.org\",\"@graph\":[{\"@type\":\"WebPage\",\"@id\":\"https:\\\/\\\/cebb.org.br\\\/instrucoes-para-palestras-e-retiro-presencial-cebb-centro-oeste\\\/\",\"url\":\"https:\\\/\\\/cebb.org.br\\\/instrucoes-para-palestras-e-retiro-presencial-cebb-centro-oeste\\\/\",\"name\":\"Instru\u00e7\u00f5es para palestras e retiro presencial - CEBB Centro-Oeste - Centro de Estudos Budistas Bodisatva\",\"isPartOf\":{\"@id\":\"https:\\\/\\\/cebb.org.br\\\/#website\"},\"primaryImageOfPage\":{\"@id\":\"https:\\\/\\\/cebb.org.br\\\/instrucoes-para-palestras-e-retiro-presencial-cebb-centro-oeste\\\/#primaryimage\"},\"image\":{\"@id\":\"https:\\\/\\\/cebb.org.br\\\/instrucoes-para-palestras-e-retiro-presencial-cebb-centro-oeste\\\/#primaryimage\"},\"thumbnailUrl\":\"https:\\\/\\\/cebb.org.br\\\/wp-content\\\/uploads\\\/2022\\\/11\\\/Protocolo_saude-e1669768244207.jpg\",\"datePublished\":\"2022-11-30T00:32:55+00:00\",\"dateModified\":\"2022-12-01T02:29:09+00:00\",\"breadcrumb\":{\"@id\":\"https:\\\/\\\/cebb.org.br\\\/instrucoes-para-palestras-e-retiro-presencial-cebb-centro-oeste\\\/#breadcrumb\"},\"inLanguage\":\"en-GB\",\"potentialAction\":[{\"@type\":\"ReadAction\",\"target\":[\"https:\\\/\\\/cebb.org.br\\\/instrucoes-para-palestras-e-retiro-presencial-cebb-centro-oeste\\\/\"]}]},{\"@type\":\"ImageObject\",\"inLanguage\":\"en-GB\",\"@id\":\"https:\\\/\\\/cebb.org.br\\\/instrucoes-para-palestras-e-retiro-presencial-cebb-centro-oeste\\\/#primaryimage\",\"url\":\"https:\\\/\\\/cebb.org.br\\\/wp-content\\\/uploads\\\/2022\\\/11\\\/Protocolo_saude-e1669768244207.jpg\",\"contentUrl\":\"https:\\\/\\\/cebb.org.br\\\/wp-content\\\/uploads\\\/2022\\\/11\\\/Protocolo_saude-e1669768244207.jpg\"},{\"@type\":\"BreadcrumbList\",\"@id\":\"https:\\\/\\\/cebb.org.br\\\/instrucoes-para-palestras-e-retiro-presencial-cebb-centro-oeste\\\/#breadcrumb\",\"itemListElement\":[{\"@type\":\"ListItem\",\"position\":1,\"name\":\"Home\",\"item\":\"https:\\\/\\\/cebb.org.br\\\/\"},{\"@type\":\"ListItem\",\"position\":2,\"name\":\"Instru\u00e7\u00f5es para palestras e retiro presencial &#8211; CEBB Centro-Oeste\"}]},{\"@type\":\"WebSite\",\"@id\":\"https:\\\/\\\/cebb.org.br\\\/#website\",\"url\":\"https:\\\/\\\/cebb.org.br\\\/\",\"name\":\"Centro de Estudos Budistas Bodisatva\",\"description\":\"Budismo, medita\u00e7\u00e3o e cultura de paz | Lama Padma Samten\",\"publisher\":{\"@id\":\"https:\\\/\\\/cebb.org.br\\\/#organization\"},\"potentialAction\":[{\"@type\":\"SearchAction\",\"target\":{\"@type\":\"EntryPoint\",\"urlTemplate\":\"https:\\\/\\\/cebb.org.br\\\/?s={search_term_string}\"},\"query-input\":{\"@type\":\"PropertyValueSpecification\",\"valueRequired\":true,\"valueName\":\"search_term_string\"}}],\"inLanguage\":\"en-GB\"},{\"@type\":\"Organization\",\"@id\":\"https:\\\/\\\/cebb.org.br\\\/#organization\",\"name\":\"Centro de Estudos Budistas Bodisatva\",\"url\":\"https:\\\/\\\/cebb.org.br\\\/\",\"logo\":{\"@type\":\"ImageObject\",\"inLanguage\":\"en-GB\",\"@id\":\"https:\\\/\\\/cebb.org.br\\\/#\\\/schema\\\/logo\\\/image\\\/\",\"url\":\"http:\\\/\\\/18.230.164.79\\\/wp-content\\\/uploads\\\/2011\\\/03\\\/logosalvador-peq-e1660064979551.jpg\",\"contentUrl\":\"http:\\\/\\\/18.230.164.79\\\/wp-content\\\/uploads\\\/2011\\\/03\\\/logosalvador-peq-e1660064979551.jpg\",\"width\":280,\"height\":231,\"caption\":\"Centro de Estudos Budistas Bodisatva\"},\"image\":{\"@id\":\"https:\\\/\\\/cebb.org.br\\\/#\\\/schema\\\/logo\\\/image\\\/\"},\"sameAs\":[\"https:\\\/\\\/pt-br.facebook.com\\\/cebb108\",\"https:\\\/\\\/www.instagram.com\\\/cebbcaminhodomeio\\\/\"]}]}<\/script>\n<!-- \/ Yoast SEO plugin. -->","yoast_head_json":{"title":"Instru\u00e7\u00f5es para palestras e retiro presencial - CEBB Centro-Oeste - Centro de Estudos Budistas Bodisatva","robots":{"index":"index","follow":"follow","max-snippet":"max-snippet:-1","max-image-preview":"max-image-preview:large","max-video-preview":"max-video-preview:-1"},"canonical":"https:\/\/cebb.org.br\/en\/instrucoes-para-palestras-e-retiro-presencial-cebb-centro-oeste\/","og_locale":"en_GB","og_type":"article","og_title":"Instru\u00e7\u00f5es para palestras e retiro presencial - CEBB Centro-Oeste - Centro de Estudos Budistas Bodisatva","og_description":"Queridos praticantes, relembramos aqui os protocolos criados para garantir o nosso bem-estar e sa\u00fade durante as pr\u00e1ticas presenciais do CEBB\/GEBB Centro Oeste (Alto Para\u00edso, Bras\u00edlia, \u00a0Goi\u00e2nia e Jata\u00ed): \u00c9 necess\u00e1rio fazer inscri\u00e7\u00e3o online pr\u00e9via, para controle do limite m\u00e1ximo de participantes para as palestras e retiro. Todos os eventos tamb\u00e9m tem inscri\u00e7\u00e3o pr\u00e9via, atrav\u00e9s de [&hellip;]","og_url":"https:\/\/cebb.org.br\/en\/instrucoes-para-palestras-e-retiro-presencial-cebb-centro-oeste\/","og_site_name":"Centro de Estudos Budistas Bodisatva","article_publisher":"https:\/\/pt-br.facebook.com\/cebb108","article_modified_time":"2022-12-01T02:29:09+00:00","og_image":[{"url":"https:\/\/cebb.org.br\/wp-content\/uploads\/2022\/11\/Protocolo_saude-e1669768244207.jpg","type":"","width":"","height":""}],"twitter_card":"summary_large_image","twitter_misc":{"Estimated reading time":"2 minutes"},"schema":{"@context":"https:\/\/schema.org","@graph":[{"@type":"WebPage","@id":"https:\/\/cebb.org.br\/instrucoes-para-palestras-e-retiro-presencial-cebb-centro-oeste\/","url":"https:\/\/cebb.org.br\/instrucoes-para-palestras-e-retiro-presencial-cebb-centro-oeste\/","name":"Instru\u00e7\u00f5es para palestras e retiro presencial - CEBB Centro-Oeste - Centro de Estudos Budistas Bodisatva","isPartOf":{"@id":"https:\/\/cebb.org.br\/#website"},"primaryImageOfPage":{"@id":"https:\/\/cebb.org.br\/instrucoes-para-palestras-e-retiro-presencial-cebb-centro-oeste\/#primaryimage"},"image":{"@id":"https:\/\/cebb.org.br\/instrucoes-para-palestras-e-retiro-presencial-cebb-centro-oeste\/#primaryimage"},"thumbnailUrl":"https:\/\/cebb.org.br\/wp-content\/uploads\/2022\/11\/Protocolo_saude-e1669768244207.jpg","datePublished":"2022-11-30T00:32:55+00:00","dateModified":"2022-12-01T02:29:09+00:00","breadcrumb":{"@id":"https:\/\/cebb.org.br\/instrucoes-para-palestras-e-retiro-presencial-cebb-centro-oeste\/#breadcrumb"},"inLanguage":"en-GB","potentialAction":[{"@type":"ReadAction","target":["https:\/\/cebb.org.br\/instrucoes-para-palestras-e-retiro-presencial-cebb-centro-oeste\/"]}]},{"@type":"ImageObject","inLanguage":"en-GB","@id":"https:\/\/cebb.org.br\/instrucoes-para-palestras-e-retiro-presencial-cebb-centro-oeste\/#primaryimage","url":"https:\/\/cebb.org.br\/wp-content\/uploads\/2022\/11\/Protocolo_saude-e1669768244207.jpg","contentUrl":"https:\/\/cebb.org.br\/wp-content\/uploads\/2022\/11\/Protocolo_saude-e1669768244207.jpg"},{"@type":"BreadcrumbList","@id":"https:\/\/cebb.org.br\/instrucoes-para-palestras-e-retiro-presencial-cebb-centro-oeste\/#breadcrumb","itemListElement":[{"@type":"ListItem","position":1,"name":"Home","item":"https:\/\/cebb.org.br\/"},{"@type":"ListItem","position":2,"name":"Instru\u00e7\u00f5es para palestras e retiro presencial &#8211; CEBB Centro-Oeste"}]},{"@type":"WebSite","@id":"https:\/\/cebb.org.br\/#website","url":"https:\/\/cebb.org.br\/","name":"Bodhisattva Center for Buddhist Studies","description":"Budismo, medita\u00e7\u00e3o e cultura de paz | Lama Padma Samten","publisher":{"@id":"https:\/\/cebb.org.br\/#organization"},"potentialAction":[{"@type":"SearchAction","target":{"@type":"EntryPoint","urlTemplate":"https:\/\/cebb.org.br\/?s={search_term_string}"},"query-input":{"@type":"PropertyValueSpecification","valueRequired":true,"valueName":"search_term_string"}}],"inLanguage":"en-GB"},{"@type":"Organization","@id":"https:\/\/cebb.org.br\/#organization","name":"Bodhisattva Center for Buddhist Studies","url":"https:\/\/cebb.org.br\/","logo":{"@type":"ImageObject","inLanguage":"en-GB","@id":"https:\/\/cebb.org.br\/#\/schema\/logo\/image\/","url":"http:\/\/18.230.164.79\/wp-content\/uploads\/2011\/03\/logosalvador-peq-e1660064979551.jpg","contentUrl":"http:\/\/18.230.164.79\/wp-content\/uploads\/2011\/03\/logosalvador-peq-e1660064979551.jpg","width":280,"height":231,"caption":"Centro de Estudos Budistas Bodisatva"},"image":{"@id":"https:\/\/cebb.org.br\/#\/schema\/logo\/image\/"},"sameAs":["https:\/\/pt-br.facebook.com\/cebb108","https:\/\/www.instagram.com\/cebbcaminhodomeio\/"]}]}},"_links":{"self":[{"href":"https:\/\/cebb.org.br\/en\/wp-json\/wp\/v2\/pages\/94045","targetHints":{"allow":["GET"]}}],"collection":[{"href":"https:\/\/cebb.org.br\/en\/wp-json\/wp\/v2\/pages"}],"about":[{"href":"https:\/\/cebb.org.br\/en\/wp-json\/wp\/v2\/types\/page"}],"author":[{"embeddable":true,"href":"https:\/\/cebb.org.br\/en\/wp-json\/wp\/v2\/users\/100"}],"replies":[{"embeddable":true,"href":"https:\/\/cebb.org.br\/en\/wp-json\/wp\/v2\/comments?post=94045"}],"version-history":[{"count":6,"href":"https:\/\/cebb.org.br\/en\/wp-json\/wp\/v2\/pages\/94045\/revisions"}],"predecessor-version":[{"id":94123,"href":"https:\/\/cebb.org.br\/en\/wp-json\/wp\/v2\/pages\/94045\/revisions\/94123"}],"wp:attachment":[{"href":"https:\/\/cebb.org.br\/en\/wp-json\/wp\/v2\/media?parent=94045"}],"curies":[{"name":"wp","href":"https:\/\/api.w.org\/{rel}","templated":true}]}}