{"id":78705,"date":"2020-07-07T19:12:03","date_gmt":"2020-07-07T22:12:03","guid":{"rendered":"http:\/\/www.cebb.org.br\/?page_id=78705"},"modified":"2020-07-07T19:12:03","modified_gmt":"2020-07-07T22:12:03","slug":"retiro-de-inverno-2020-online-com-lama-padma-samten","status":"publish","type":"page","link":"https:\/\/cebb.org.br\/es\/retiro-de-inverno-2020-online-com-lama-padma-samten\/","title":{"rendered":"Retiro de Inverno 2020, com Lama Padma Samten"},"content":{"rendered":"<p>Ensinamentos com Lama Padma Samten no <strong>Retiro de Inverno 2020 Online: Vis\u00e3o, Medita\u00e7\u00e3o e A\u00e7\u00e3o \u2013 Retiro de Aprofundamento<\/strong>, transmitido ao vivo de 25 de julho a 02 de agosto de 2020. Aqui voc\u00ea encontra as grava\u00e7\u00f5es de todas as sess\u00f5es, que permanecer\u00e3o dispon\u00edveis para inscritos &#8212; mesmo os que se inscreverem depois do retiro ter terminado.<\/p>\n<div class=\"destaq\"><strong> \u00b7 IMPORTANTE \u00b7 <\/strong> Por favor, n\u00e3o compartilhe esta p\u00e1gina, v\u00eddeos, links ou documentos aqui listados. Cada praticante aproveita melhor os ensinamentos quando manifesta interesse e se alegra em apoiar o movimento dos mestres. Se quiser compartilhar a alegria deste retiro com mais pessoas, convide-as a <a href=\"https:\/\/docs.google.com\/forms\/d\/e\/1FAIpQLSd4CzY_mBhMx8dxMDUIllV6Qlxcii8u8JnhBnfFZf1tj2wQbg\/viewform\" target=\"_blank\" rel=\"noopener\">tamb\u00e9m fazer a inscri\u00e7\u00e3o<\/a>, mesmo ap\u00f3s o retiro.<\/div>\n<h3>Playlist completa<\/h3>\n<div class=\"livelama-video-container\"><iframe width=\"560\" height=\"315\" src=\"https:\/\/www.youtube.com\/embed\/videoseries?list=PLO_7Zoueaxd7UE-qWO1rWl1jL2_RmQOCI\" frameborder=\"0\" allow=\"accelerometer; autoplay; encrypted-media; gyroscope; picture-in-picture\" allowfullscreen><\/iframe><\/div>\n<p><span>[button link=&#8221;https:\/\/docs.google.com\/forms\/d\/e\/1FAIpQLSdcWKb_F9NpX3nJLtZrJIneYpuViK7UaPYB1Rs02G8_-Rkfbg\/viewform&#8221; size=&#8221;medium&#8221; target=&#8221;_blank&#8221;]Envie sua pergunta ao Lama[\/button]<\/span> <span>[button link=&#8221;http:\/\/www.cebb.org.br\/preces\/&#8221; size=&#8221;medium&#8221; target=&#8221;_blank&#8221;]Preces iniciais e finais[\/button]<\/span> <span>[button link=&#8221;https:\/\/www.youtube.com\/watch?v=G0B7R1RqeZY&amp;list=PLO_7Zoueaxd7UE-qWO1rWl1jL2_RmQOCI&#8221; size=&#8221;medium&#8221; target=&#8221;_blank&#8221;]Playlist Completa no Youtube[\/button]<\/span><\/p>\n<h3>Lista de Sess\u00f5es<\/h3>\n<p><strong>S\u00e1bado \u00b7 25\/07<\/strong><br \/>\n\u00b7 10h<small> \u00e0s <\/small>12h \u00b7 Ensinamentos da Manh\u00e3 (Abertura) \u00b7 <a href=\"https:\/\/www.youtube.com\/watch?v=G0B7R1RqeZY\">Sess\u00e3o #1<\/a><br \/>\n\u00b7 15h<small> \u00e0s <\/small>17h \u00b7 Ensinamentos da Tarde \u00b7 <a href=\"https:\/\/www.youtube.com\/watch?v=xbI29dH53Pc\">Sess\u00e3o #2<\/a><br \/>\n\u00b7 20h<small> \u00e0s <\/small>21h30 \u00b7 Perguntas da Noite \u00b7 <a href=\"https:\/\/youtu.be\/6Ya8ss3ikz8\">Sess\u00e3o #3<\/a><br \/>\n<strong>Domingo \u00b7 26\/07<\/strong><br \/>\n\u00b7 10h<small> \u00e0s <\/small>12h \u00b7 Ensinamentos da Manh\u00e3 \u00b7 <a href=\"https:\/\/www.youtube.com\/watch?v=WmOc0Sjv-GM\">Sess\u00e3o #4<\/a><br \/>\n\u00b7 15h<small> \u00e0s <\/small>17h \u00b7 Ensinamentos da Tarde \u00b7 <a href=\"https:\/\/www.youtube.com\/watch?v=Cc_ExCS3ouc\">Sess\u00e3o #5<\/a><br \/>\n\u00b7 20h<small> \u00e0s <\/small>21h30 \u00b7 Perguntas da Noite \u00b7 <a href=\"https:\/\/youtu.be\/grzDgizFaS0\">Sess\u00e3o #6<\/a><br \/>\n<strong>Segunda \u00b7 27\/07<\/strong><br \/>\n\u00b7 10h<small> \u00e0s <\/small>12h \u00b7 Ensinamentos da Manh\u00e3 \u00b7 <a href=\"https:\/\/www.youtube.com\/watch?v=2Djf5eLqLMI\">Sess\u00e3o #7<\/a><br \/>\n\u00b7 15h<small> \u00e0s <\/small>17h \u00b7 Ensinamentos da Tarde \u00b7 <a href=\"https:\/\/www.youtube.com\/watch?v=thk3fKPWfpw\">Sess\u00e3o #8<\/a><br \/>\n\u00b7 20h<small> \u00e0s <\/small>21h30 \u00b7 Perguntas da Noite \u00b7 <a href=\"https:\/\/youtu.be\/SI5Z9dWLLSA\">Sess\u00e3o #9<\/a><br \/>\n<strong>Ter\u00e7a \u00b7 28\/07<\/strong><br \/>\n\u00b7 10h<small> \u00e0s <\/small>12h \u00b7 Ensinamentos da Manh\u00e3 \u00b7 <a href=\"https:\/\/www.youtube.com\/watch?v=iEApMAlMPb0\">Sess\u00e3o #10<\/a><br \/>\n\u00b7 15h<small> \u00e0s <\/small>17h \u00b7 Ensinamentos da Tarde \u00b7 <a href=\"https:\/\/www.youtube.com\/watch?v=HBRRf9pxesQ\">Sess\u00e3o #11<\/a><br \/>\n\u00b7 20h<small> \u00e0s <\/small>21h30 \u00b7 Perguntas da Noite \u00b7 <a href=\"https:\/\/youtu.be\/8e9g4s13pvg\">Sess\u00e3o #12<\/a><br \/>\n<strong>Quarta \u00b7 29\/07<\/strong><br \/>\n\u00b7 10h<small> \u00e0s <\/small>12h \u00b7 Ensinamentos da Manh\u00e3 \u00b7 <a href=\"https:\/\/www.youtube.com\/watch?v=qhRczhl5VG0\">Sess\u00e3o #13<\/a><br \/>\n\u00b7 15h<small> \u00e0s <\/small>17h \u00b7 Ensinamentos da Tarde \u00b7 <a href=\"https:\/\/www.youtube.com\/watch?v=UUOWummxE8A\">Sess\u00e3o #14<\/a><br \/>\n\u00b7 20h<small> \u00e0s <\/small>21h30 \u00b7 Perguntas da Noite \u00b7 <a href=\"https:\/\/youtu.be\/D88SQuh9_6I\">Sess\u00e3o #15<\/a><br \/>\n<strong>Quinta \u00b7 30\/07<\/strong><br \/>\n\u00b7 10h<small> \u00e0s <\/small>12h \u00b7 Ensinamentos da Manh\u00e3 \u00b7 <a href=\"https:\/\/www.youtube.com\/watch?v=xUwjF8Di0B0\">Sess\u00e3o #16<\/a><br \/>\n\u00b7 15h<small> \u00e0s <\/small>17h \u00b7 Ensinamentos da Tarde \u00b7 <a href=\"https:\/\/www.youtube.com\/watch?v=ddmHAf3ueIQ\">Sess\u00e3o #17<\/a><br \/>\n\u00b7 20h<small> \u00e0s <\/small>21h30 \u00b7 Perguntas da Noite \u00b7 <a href=\"https:\/\/www.youtube.com\/watch?v=I7dIPnRcLp8\">Sess\u00e3o #18<\/a><br \/>\n<strong>Sexta \u00b7 31\/07<\/strong><br \/>\n\u00b7 10h<small> \u00e0s <\/small>12h \u00b7 Ensinamentos da Manh\u00e3 \u00b7 <a href=\"https:\/\/www.youtube.com\/watch?v=thKJjUuYiv0\">Sess\u00e3o #19<\/a><br \/>\n\u00b7 15h<small> \u00e0s <\/small>17h \u00b7 Ensinamentos da Tarde \u00b7 <a href=\"https:\/\/www.youtube.com\/watch?v=WSN8xPQrxTQ\">Sess\u00e3o #20<\/a><br \/>\n\u00b7 20h<small> \u00e0s <\/small>21h30 \u00b7 Perguntas da Noite \u00b7 <a href=\"https:\/\/www.youtube.com\/watch?v=3Pq_WX2-Ddo\">Sess\u00e3o #21<\/a><br \/>\n<strong>S\u00e1bado \u00b7 01\/08<\/strong><br \/>\n\u00b7 10h<small> \u00e0s <\/small>12h \u00b7 Ensinamentos da Manh\u00e3 \u00b7 <a href=\"https:\/\/www.youtube.com\/watch?v=dYl57xCb5cE\">Sess\u00e3o #22<\/a><br \/>\n\u00b7 15h<small> \u00e0s <\/small>17h \u00b7 Ensinamentos da Tarde \u00b7 <a href=\"https:\/\/www.youtube.com\/watch?v=QpARjHWds8c\">Sess\u00e3o #23<\/a><br \/>\n\u00b7 20h<small> \u00e0s <\/small>21h30 \u00b7 Perguntas da Noite \u00b7 <a href=\"https:\/\/www.youtube.com\/watch?v=11oVpyZFQdY\">Sess\u00e3o #24<\/a><br \/>\n<strong>Domingo \u00b7 02\/08<\/strong><br \/>\n\u00b7 10h<small> \u00e0s <\/small>12h \u00b7 Ensinamentos da Manh\u00e3 (Encerramento) \u00b7 <a href=\"https:\/\/www.youtube.com\/watch?v=RvMqlhdViY4\">Sess\u00e3o #25<\/a><\/p>\n<h3>Pr\u00e1tica de Generosidade<\/h3>\n<p>Tradicionalmente, as atividades do Darma s\u00e3o sustentadas pela pr\u00e1tica da generosidade (Dana paramita), que \u00e9 o que torna poss\u00edvel a continuidade dos ensinamentos desde os tempos do Buda, permitindo o surgimento e a sustenta\u00e7\u00e3o dos centros de estudos, medita\u00e7\u00e3o e acolhimento e as iniciativas de educa\u00e7\u00e3o, prote\u00e7\u00e3o ambiental, Terras Puras e Cultura de Paz. Sua contribui\u00e7\u00e3o apoia diretamente as atividades do Lama Padma Samten e a sustenta\u00e7\u00e3o dos CEBBs Caminho do Meio, Jetavana e Bacupari.<br \/>\nCaso queira fazer uma doa\u00e7\u00e3o, esses s\u00e3o os dados banc\u00e1rios:<\/p>\n<blockquote><p>A\u00e7\u00e3o Paramita Ensino Budista<br \/>\nCnpj: 34.079.867\/0001-04.<br \/>\nBanco do Brasil<br \/>\nAg\u00eancia 0628-9<br \/>\nConta corrente 108999-4<\/p><\/blockquote>\n<h3>Contato<\/h3>\n<p>Se tiver d\u00favidas, conte conosco: eventos@cebb.org.br.<\/p>\n","protected":false},"excerpt":{"rendered":"<p>Ensinamentos com Lama Padma Samten no Retiro de Inverno 2020 Online: Vis\u00e3o, Medita\u00e7\u00e3o e A\u00e7\u00e3o \u2013 Retiro de Aprofundamento, transmitido ao vivo de 25 de julho a 02 de agosto de 2020. Aqui voc\u00ea encontra as grava\u00e7\u00f5es de todas as sess\u00f5es, que permanecer\u00e3o dispon\u00edveis para inscritos &#8212; mesmo os que se inscreverem depois do retiro [&hellip;]<\/p>\n","protected":false},"author":164,"featured_media":0,"parent":0,"menu_order":0,"comment_status":"closed","ping_status":"open","template":"template-full.php","meta":{"footnotes":""},"class_list":["post-78705","page","type-page","status-publish","hentry"],"yoast_head":"<!-- This site is optimized with the Yoast SEO plugin v27.4 - https:\/\/yoast.com\/product\/yoast-seo-wordpress\/ -->\n<title>Retiro de Inverno 2020, com Lama Padma Samten - Centro de Estudos Budistas Bodisatva<\/title>\n<meta name=\"robots\" content=\"noindex, nofollow\" \/>\n<meta property=\"og:locale\" content=\"es_ES\" \/>\n<meta property=\"og:type\" content=\"article\" \/>\n<meta property=\"og:title\" content=\"Retiro de Inverno 2020, com Lama Padma Samten - Centro de Estudos Budistas Bodisatva\" \/>\n<meta property=\"og:description\" content=\"Ensinamentos com Lama Padma Samten no Retiro de Inverno 2020 Online: Vis\u00e3o, Medita\u00e7\u00e3o e A\u00e7\u00e3o \u2013 Retiro de Aprofundamento, transmitido ao vivo de 25 de julho a 02 de agosto de 2020. Aqui voc\u00ea encontra as grava\u00e7\u00f5es de todas as sess\u00f5es, que permanecer\u00e3o dispon\u00edveis para inscritos &#8212; mesmo os que se inscreverem depois do retiro [&hellip;]\" \/>\n<meta property=\"og:url\" content=\"https:\/\/cebb.org.br\/es\/retiro-de-inverno-2020-online-com-lama-padma-samten\/\" \/>\n<meta property=\"og:site_name\" content=\"Centro de Estudos Budistas Bodisatva\" \/>\n<meta property=\"article:publisher\" content=\"https:\/\/pt-br.facebook.com\/cebb108\" \/>\n<meta name=\"twitter:card\" content=\"summary_large_image\" \/>\n<meta name=\"twitter:label1\" content=\"Tiempo de lectura\" \/>\n\t<meta name=\"twitter:data1\" content=\"3 minutos\" \/>\n<script type=\"application\/ld+json\" class=\"yoast-schema-graph\">{\"@context\":\"https:\\\/\\\/schema.org\",\"@graph\":[{\"@type\":\"WebPage\",\"@id\":\"https:\\\/\\\/cebb.org.br\\\/retiro-de-inverno-2020-online-com-lama-padma-samten\\\/\",\"url\":\"https:\\\/\\\/cebb.org.br\\\/retiro-de-inverno-2020-online-com-lama-padma-samten\\\/\",\"name\":\"Retiro de Inverno 2020, com Lama Padma Samten - Centro de Estudos Budistas Bodisatva\",\"isPartOf\":{\"@id\":\"https:\\\/\\\/cebb.org.br\\\/#website\"},\"datePublished\":\"2020-07-07T22:12:03+00:00\",\"breadcrumb\":{\"@id\":\"https:\\\/\\\/cebb.org.br\\\/retiro-de-inverno-2020-online-com-lama-padma-samten\\\/#breadcrumb\"},\"inLanguage\":\"es\",\"potentialAction\":[{\"@type\":\"ReadAction\",\"target\":[\"https:\\\/\\\/cebb.org.br\\\/retiro-de-inverno-2020-online-com-lama-padma-samten\\\/\"]}]},{\"@type\":\"BreadcrumbList\",\"@id\":\"https:\\\/\\\/cebb.org.br\\\/retiro-de-inverno-2020-online-com-lama-padma-samten\\\/#breadcrumb\",\"itemListElement\":[{\"@type\":\"ListItem\",\"position\":1,\"name\":\"Home\",\"item\":\"https:\\\/\\\/cebb.org.br\\\/\"},{\"@type\":\"ListItem\",\"position\":2,\"name\":\"Retiro de Inverno 2020, com Lama Padma Samten\"}]},{\"@type\":\"WebSite\",\"@id\":\"https:\\\/\\\/cebb.org.br\\\/#website\",\"url\":\"https:\\\/\\\/cebb.org.br\\\/\",\"name\":\"Centro de Estudos Budistas Bodisatva\",\"description\":\"Budismo, medita\u00e7\u00e3o e cultura de paz | Lama Padma Samten\",\"publisher\":{\"@id\":\"https:\\\/\\\/cebb.org.br\\\/#organization\"},\"potentialAction\":[{\"@type\":\"SearchAction\",\"target\":{\"@type\":\"EntryPoint\",\"urlTemplate\":\"https:\\\/\\\/cebb.org.br\\\/?s={search_term_string}\"},\"query-input\":{\"@type\":\"PropertyValueSpecification\",\"valueRequired\":true,\"valueName\":\"search_term_string\"}}],\"inLanguage\":\"es\"},{\"@type\":\"Organization\",\"@id\":\"https:\\\/\\\/cebb.org.br\\\/#organization\",\"name\":\"Centro de Estudos Budistas Bodisatva\",\"url\":\"https:\\\/\\\/cebb.org.br\\\/\",\"logo\":{\"@type\":\"ImageObject\",\"inLanguage\":\"es\",\"@id\":\"https:\\\/\\\/cebb.org.br\\\/#\\\/schema\\\/logo\\\/image\\\/\",\"url\":\"http:\\\/\\\/18.230.164.79\\\/wp-content\\\/uploads\\\/2011\\\/03\\\/logosalvador-peq-e1660064979551.jpg\",\"contentUrl\":\"http:\\\/\\\/18.230.164.79\\\/wp-content\\\/uploads\\\/2011\\\/03\\\/logosalvador-peq-e1660064979551.jpg\",\"width\":280,\"height\":231,\"caption\":\"Centro de Estudos Budistas Bodisatva\"},\"image\":{\"@id\":\"https:\\\/\\\/cebb.org.br\\\/#\\\/schema\\\/logo\\\/image\\\/\"},\"sameAs\":[\"https:\\\/\\\/pt-br.facebook.com\\\/cebb108\",\"https:\\\/\\\/www.instagram.com\\\/cebbcaminhodomeio\\\/\"]}]}<\/script>\n<!-- \/ Yoast SEO plugin. -->","yoast_head_json":{"title":"Retiro de Inverno 2020, com Lama Padma Samten - Centro de Estudos Budistas Bodisatva","robots":{"index":"noindex","follow":"nofollow"},"og_locale":"es_ES","og_type":"article","og_title":"Retiro de Inverno 2020, com Lama Padma Samten - Centro de Estudos Budistas Bodisatva","og_description":"Ensinamentos com Lama Padma Samten no Retiro de Inverno 2020 Online: Vis\u00e3o, Medita\u00e7\u00e3o e A\u00e7\u00e3o \u2013 Retiro de Aprofundamento, transmitido ao vivo de 25 de julho a 02 de agosto de 2020. Aqui voc\u00ea encontra as grava\u00e7\u00f5es de todas as sess\u00f5es, que permanecer\u00e3o dispon\u00edveis para inscritos &#8212; mesmo os que se inscreverem depois do retiro [&hellip;]","og_url":"https:\/\/cebb.org.br\/es\/retiro-de-inverno-2020-online-com-lama-padma-samten\/","og_site_name":"Centro de Estudos Budistas Bodisatva","article_publisher":"https:\/\/pt-br.facebook.com\/cebb108","twitter_card":"summary_large_image","twitter_misc":{"Tiempo de lectura":"3 minutos"},"schema":{"@context":"https:\/\/schema.org","@graph":[{"@type":"WebPage","@id":"https:\/\/cebb.org.br\/retiro-de-inverno-2020-online-com-lama-padma-samten\/","url":"https:\/\/cebb.org.br\/retiro-de-inverno-2020-online-com-lama-padma-samten\/","name":"Retiro de Inverno 2020, com Lama Padma Samten - Centro de Estudos Budistas Bodisatva","isPartOf":{"@id":"https:\/\/cebb.org.br\/#website"},"datePublished":"2020-07-07T22:12:03+00:00","breadcrumb":{"@id":"https:\/\/cebb.org.br\/retiro-de-inverno-2020-online-com-lama-padma-samten\/#breadcrumb"},"inLanguage":"es","potentialAction":[{"@type":"ReadAction","target":["https:\/\/cebb.org.br\/retiro-de-inverno-2020-online-com-lama-padma-samten\/"]}]},{"@type":"BreadcrumbList","@id":"https:\/\/cebb.org.br\/retiro-de-inverno-2020-online-com-lama-padma-samten\/#breadcrumb","itemListElement":[{"@type":"ListItem","position":1,"name":"Home","item":"https:\/\/cebb.org.br\/"},{"@type":"ListItem","position":2,"name":"Retiro de Inverno 2020, com Lama Padma Samten"}]},{"@type":"WebSite","@id":"https:\/\/cebb.org.br\/#website","url":"https:\/\/cebb.org.br\/","name":"Centro de Estudios Budistas Bodisatva","description":"Budismo, meditaci\u00f3n y cultura de paz | Lama Padma Samten","publisher":{"@id":"https:\/\/cebb.org.br\/#organization"},"potentialAction":[{"@type":"SearchAction","target":{"@type":"EntryPoint","urlTemplate":"https:\/\/cebb.org.br\/?s={search_term_string}"},"query-input":{"@type":"PropertyValueSpecification","valueRequired":true,"valueName":"search_term_string"}}],"inLanguage":"es"},{"@type":"Organization","@id":"https:\/\/cebb.org.br\/#organization","name":"Centro de Estudios Budistas Bodisatva","url":"https:\/\/cebb.org.br\/","logo":{"@type":"ImageObject","inLanguage":"es","@id":"https:\/\/cebb.org.br\/#\/schema\/logo\/image\/","url":"http:\/\/18.230.164.79\/wp-content\/uploads\/2011\/03\/logosalvador-peq-e1660064979551.jpg","contentUrl":"http:\/\/18.230.164.79\/wp-content\/uploads\/2011\/03\/logosalvador-peq-e1660064979551.jpg","width":280,"height":231,"caption":"Centro de Estudos Budistas Bodisatva"},"image":{"@id":"https:\/\/cebb.org.br\/#\/schema\/logo\/image\/"},"sameAs":["https:\/\/pt-br.facebook.com\/cebb108","https:\/\/www.instagram.com\/cebbcaminhodomeio\/"]}]}},"_links":{"self":[{"href":"https:\/\/cebb.org.br\/es\/wp-json\/wp\/v2\/pages\/78705","targetHints":{"allow":["GET"]}}],"collection":[{"href":"https:\/\/cebb.org.br\/es\/wp-json\/wp\/v2\/pages"}],"about":[{"href":"https:\/\/cebb.org.br\/es\/wp-json\/wp\/v2\/types\/page"}],"author":[{"embeddable":true,"href":"https:\/\/cebb.org.br\/es\/wp-json\/wp\/v2\/users\/164"}],"replies":[{"embeddable":true,"href":"https:\/\/cebb.org.br\/es\/wp-json\/wp\/v2\/comments?post=78705"}],"version-history":[{"count":0,"href":"https:\/\/cebb.org.br\/es\/wp-json\/wp\/v2\/pages\/78705\/revisions"}],"wp:attachment":[{"href":"https:\/\/cebb.org.br\/es\/wp-json\/wp\/v2\/media?parent=78705"}],"curies":[{"name":"wp","href":"https:\/\/api.w.org\/{rel}","templated":true}]}}