{"id":91980,"date":"2022-08-24T15:45:34","date_gmt":"2022-08-24T18:45:34","guid":{"rendered":"https:\/\/cebb.org.br\/?page_id=91980"},"modified":"2022-08-24T15:45:34","modified_gmt":"2022-08-24T18:45:34","slug":"instrucoes-para-retiro-presencial-o-caminho-de-meritos-e-sabedoria","status":"publish","type":"page","link":"https:\/\/cebb.org.br\/es\/instrucoes-para-retiro-presencial-o-caminho-de-meritos-e-sabedoria\/","title":{"rendered":"Instru\u00e7\u00f5es para Retiro Presencial: O Caminho de &#8220;M\u00e9ritos e Sabedoria&#8221;"},"content":{"rendered":"<p>Esta p\u00e1gina traz instru\u00e7\u00f5es para aqueles que desejam acompanhar o retiro presencialmente no CEBB Caminho do Meio (Viam\u00e3o, RS) nos dias 3 e 4 de setembro de 2022.<!--more--><\/p>\n<h3>Chegada e alimenta\u00e7\u00e3o<\/h3>\n<p>Para melhor conforto e aproveitamento do retiro e estada no CEBB Caminho do Meio, sugerimos que a chegada no Caminho do Meio aconte\u00e7a na sexta, 02\/09 (ser\u00e1 servido o jantar das 18 \u00e0s 18:45) e  sa\u00edda no domingo, 04\/09, ap\u00f3s os fim dos ensinamentos (12h ser\u00e1 servido o almo\u00e7o).<br \/>\nCaso precise chegar na sexta, 02, ao longo do dia, por favor, providencie suas refei\u00e7\u00f5es. A cozinha somente estar\u00e1 funcionando a partir do jantar de sexta, 02, e encerrar\u00e1 suas atividades no almo\u00e7o de domingo, 04\/09.<\/p>\n<h3>Cuidados com a Pandemia<\/h3>\n<p>Em rela\u00e7\u00e3o \u00e0 pandemia, os cuidados <strong>obrigat\u00f3rios<\/strong> para se participar presencialmente do retiro s\u00e3o os seguintes:<br \/>\n\t&#8211; ter recebido a vacina\u00e7\u00e3o completa contra Covid;<br \/>\n\t&#8211; usar m\u00e1scaras de prote\u00e7\u00e3o nos espa\u00e7os compartilhados (n\u00e3o ser\u00e1 permitida m\u00e1scara de pano) e nas demais \u00e1reas da Aldeia CEBB Caminho do Meio;<br \/>\n\t&#8211; manter o distanciamento f\u00edsico (no Templo e no refeit\u00f3rio os lugares estar\u00e3o previamente marcados).<\/p>\n<h3>Programa\u00e7\u00e3o<\/h3>\n<p><strong>Os hor\u00e1rios e a programa\u00e7\u00e3o dos retiros est\u00e3o sujeitos a altera\u00e7\u00f5es<\/strong><\/p>\n<p><strong> 05h30 &#8211; 06h00 | <\/strong>Medita\u00e7\u00e3o em sil\u00eancio (n\u00e3o ser\u00e1 transmitido)<br \/>\n<strong> 06h00 &#8211; 06h30 | <\/strong>Puja da manh\u00e3 (n\u00e3o ser\u00e1 transmitido)<br \/>\n<strong> 08h00 &#8211; 09h00 |<\/strong> Medita\u00e7\u00e3o<br \/>\n<strong> 09h00 &#8211; 11h00 |<\/strong> Ense\u00f1anzas<br \/>\n<strong> 14h00 &#8211; 15h00 |<\/strong> Medita\u00e7\u00e3o<br \/>\n<strong> 15h00 &#8211; 17h00 |<\/strong> Ense\u00f1anzas<br \/>\n<strong> 19h00 &#8211; 20h00 |<\/strong> Puja da noite (somente no s\u00e1bado)<br \/>\n<strong> 20h00 &#8211; 20h30 |<\/strong> Perguntas e Respostas (somente no s\u00e1bado)<\/p>","protected":false},"excerpt":{"rendered":"<p>Esta p\u00e1gina traz instru\u00e7\u00f5es para aqueles que desejam acompanhar o retiro presencialmente no CEBB Caminho do Meio (Viam\u00e3o, RS) nos dias 3 e 4 de setembro de 2022.<\/p>","protected":false},"author":64,"featured_media":0,"parent":0,"menu_order":0,"comment_status":"closed","ping_status":"closed","template":"","meta":{"footnotes":""},"class_list":["post-91980","page","type-page","status-publish","hentry"],"yoast_head":"<!-- This site is optimized with the Yoast SEO plugin v27.6 - https:\/\/yoast.com\/product\/yoast-seo-wordpress\/ -->\n<title>Instru\u00e7\u00f5es para Retiro Presencial: O Caminho de &quot;M\u00e9ritos e Sabedoria&quot; - Centro de Estudos Budistas Bodisatva<\/title>\n<meta name=\"robots\" content=\"index, follow, max-snippet:-1, max-image-preview:large, max-video-preview:-1\" \/>\n<link rel=\"canonical\" href=\"https:\/\/cebb.org.br\/es\/instrucoes-para-retiro-presencial-o-caminho-de-meritos-e-sabedoria\/\" \/>\n<meta property=\"og:locale\" content=\"es_ES\" \/>\n<meta property=\"og:type\" content=\"article\" \/>\n<meta property=\"og:title\" content=\"Instru\u00e7\u00f5es para Retiro Presencial: O Caminho de &quot;M\u00e9ritos e Sabedoria&quot; - Centro de Estudos Budistas Bodisatva\" \/>\n<meta property=\"og:description\" content=\"Esta p\u00e1gina traz instru\u00e7\u00f5es para aqueles que desejam acompanhar o retiro presencialmente no CEBB Caminho do Meio (Viam\u00e3o, RS) nos dias 3 e 4 de setembro de 2022.\" \/>\n<meta property=\"og:url\" content=\"https:\/\/cebb.org.br\/es\/instrucoes-para-retiro-presencial-o-caminho-de-meritos-e-sabedoria\/\" \/>\n<meta property=\"og:site_name\" content=\"Centro de Estudos Budistas Bodisatva\" \/>\n<meta property=\"article:publisher\" content=\"https:\/\/pt-br.facebook.com\/cebb108\" \/>\n<meta name=\"twitter:card\" content=\"summary_large_image\" \/>\n<meta name=\"twitter:label1\" content=\"Tiempo de lectura\" \/>\n\t<meta name=\"twitter:data1\" content=\"2 minutos\" \/>\n<script type=\"application\/ld+json\" class=\"yoast-schema-graph\">{\"@context\":\"https:\\\/\\\/schema.org\",\"@graph\":[{\"@type\":\"WebPage\",\"@id\":\"https:\\\/\\\/cebb.org.br\\\/instrucoes-para-retiro-presencial-o-caminho-de-meritos-e-sabedoria\\\/\",\"url\":\"https:\\\/\\\/cebb.org.br\\\/instrucoes-para-retiro-presencial-o-caminho-de-meritos-e-sabedoria\\\/\",\"name\":\"Instru\u00e7\u00f5es para Retiro Presencial: O Caminho de \\\"M\u00e9ritos e Sabedoria\\\" - Centro de Estudos Budistas Bodisatva\",\"isPartOf\":{\"@id\":\"https:\\\/\\\/cebb.org.br\\\/#website\"},\"datePublished\":\"2022-08-24T18:45:34+00:00\",\"breadcrumb\":{\"@id\":\"https:\\\/\\\/cebb.org.br\\\/instrucoes-para-retiro-presencial-o-caminho-de-meritos-e-sabedoria\\\/#breadcrumb\"},\"inLanguage\":\"es\",\"potentialAction\":[{\"@type\":\"ReadAction\",\"target\":[\"https:\\\/\\\/cebb.org.br\\\/instrucoes-para-retiro-presencial-o-caminho-de-meritos-e-sabedoria\\\/\"]}]},{\"@type\":\"BreadcrumbList\",\"@id\":\"https:\\\/\\\/cebb.org.br\\\/instrucoes-para-retiro-presencial-o-caminho-de-meritos-e-sabedoria\\\/#breadcrumb\",\"itemListElement\":[{\"@type\":\"ListItem\",\"position\":1,\"name\":\"Home\",\"item\":\"https:\\\/\\\/cebb.org.br\\\/\"},{\"@type\":\"ListItem\",\"position\":2,\"name\":\"Instru\u00e7\u00f5es para Retiro Presencial: O Caminho de &#8220;M\u00e9ritos e Sabedoria&#8221;\"}]},{\"@type\":\"WebSite\",\"@id\":\"https:\\\/\\\/cebb.org.br\\\/#website\",\"url\":\"https:\\\/\\\/cebb.org.br\\\/\",\"name\":\"Centro de Estudos Budistas Bodisatva\",\"description\":\"Budismo, medita\u00e7\u00e3o e cultura de paz | Lama Padma Samten\",\"publisher\":{\"@id\":\"https:\\\/\\\/cebb.org.br\\\/#organization\"},\"potentialAction\":[{\"@type\":\"SearchAction\",\"target\":{\"@type\":\"EntryPoint\",\"urlTemplate\":\"https:\\\/\\\/cebb.org.br\\\/?s={search_term_string}\"},\"query-input\":{\"@type\":\"PropertyValueSpecification\",\"valueRequired\":true,\"valueName\":\"search_term_string\"}}],\"inLanguage\":\"es\"},{\"@type\":\"Organization\",\"@id\":\"https:\\\/\\\/cebb.org.br\\\/#organization\",\"name\":\"Centro de Estudos Budistas Bodisatva\",\"url\":\"https:\\\/\\\/cebb.org.br\\\/\",\"logo\":{\"@type\":\"ImageObject\",\"inLanguage\":\"es\",\"@id\":\"https:\\\/\\\/cebb.org.br\\\/#\\\/schema\\\/logo\\\/image\\\/\",\"url\":\"http:\\\/\\\/18.230.164.79\\\/wp-content\\\/uploads\\\/2011\\\/03\\\/logosalvador-peq-e1660064979551.jpg\",\"contentUrl\":\"http:\\\/\\\/18.230.164.79\\\/wp-content\\\/uploads\\\/2011\\\/03\\\/logosalvador-peq-e1660064979551.jpg\",\"width\":280,\"height\":231,\"caption\":\"Centro de Estudos Budistas Bodisatva\"},\"image\":{\"@id\":\"https:\\\/\\\/cebb.org.br\\\/#\\\/schema\\\/logo\\\/image\\\/\"},\"sameAs\":[\"https:\\\/\\\/pt-br.facebook.com\\\/cebb108\",\"https:\\\/\\\/www.instagram.com\\\/cebbcaminhodomeio\\\/\"]}]}<\/script>\n<!-- \/ Yoast SEO plugin. -->","yoast_head_json":{"title":"Instru\u00e7\u00f5es para Retiro Presencial: O Caminho de \"M\u00e9ritos e Sabedoria\" - Centro de Estudos Budistas Bodisatva","robots":{"index":"index","follow":"follow","max-snippet":"max-snippet:-1","max-image-preview":"max-image-preview:large","max-video-preview":"max-video-preview:-1"},"canonical":"https:\/\/cebb.org.br\/es\/instrucoes-para-retiro-presencial-o-caminho-de-meritos-e-sabedoria\/","og_locale":"es_ES","og_type":"article","og_title":"Instru\u00e7\u00f5es para Retiro Presencial: O Caminho de \"M\u00e9ritos e Sabedoria\" - Centro de Estudos Budistas Bodisatva","og_description":"Esta p\u00e1gina traz instru\u00e7\u00f5es para aqueles que desejam acompanhar o retiro presencialmente no CEBB Caminho do Meio (Viam\u00e3o, RS) nos dias 3 e 4 de setembro de 2022.","og_url":"https:\/\/cebb.org.br\/es\/instrucoes-para-retiro-presencial-o-caminho-de-meritos-e-sabedoria\/","og_site_name":"Centro de Estudos Budistas Bodisatva","article_publisher":"https:\/\/pt-br.facebook.com\/cebb108","twitter_card":"summary_large_image","twitter_misc":{"Tiempo de lectura":"2 minutos"},"schema":{"@context":"https:\/\/schema.org","@graph":[{"@type":"WebPage","@id":"https:\/\/cebb.org.br\/instrucoes-para-retiro-presencial-o-caminho-de-meritos-e-sabedoria\/","url":"https:\/\/cebb.org.br\/instrucoes-para-retiro-presencial-o-caminho-de-meritos-e-sabedoria\/","name":"Instru\u00e7\u00f5es para Retiro Presencial: O Caminho de \"M\u00e9ritos e Sabedoria\" - Centro de Estudos Budistas Bodisatva","isPartOf":{"@id":"https:\/\/cebb.org.br\/#website"},"datePublished":"2022-08-24T18:45:34+00:00","breadcrumb":{"@id":"https:\/\/cebb.org.br\/instrucoes-para-retiro-presencial-o-caminho-de-meritos-e-sabedoria\/#breadcrumb"},"inLanguage":"es","potentialAction":[{"@type":"ReadAction","target":["https:\/\/cebb.org.br\/instrucoes-para-retiro-presencial-o-caminho-de-meritos-e-sabedoria\/"]}]},{"@type":"BreadcrumbList","@id":"https:\/\/cebb.org.br\/instrucoes-para-retiro-presencial-o-caminho-de-meritos-e-sabedoria\/#breadcrumb","itemListElement":[{"@type":"ListItem","position":1,"name":"Home","item":"https:\/\/cebb.org.br\/"},{"@type":"ListItem","position":2,"name":"Instru\u00e7\u00f5es para Retiro Presencial: O Caminho de &#8220;M\u00e9ritos e Sabedoria&#8221;"}]},{"@type":"WebSite","@id":"https:\/\/cebb.org.br\/#website","url":"https:\/\/cebb.org.br\/","name":"Centro de Estudios Budistas Bodisatva","description":"Budismo, meditaci\u00f3n y cultura de paz | Lama Padma Samten","publisher":{"@id":"https:\/\/cebb.org.br\/#organization"},"potentialAction":[{"@type":"SearchAction","target":{"@type":"EntryPoint","urlTemplate":"https:\/\/cebb.org.br\/?s={search_term_string}"},"query-input":{"@type":"PropertyValueSpecification","valueRequired":true,"valueName":"search_term_string"}}],"inLanguage":"es"},{"@type":"Organization","@id":"https:\/\/cebb.org.br\/#organization","name":"Centro de Estudios Budistas Bodisatva","url":"https:\/\/cebb.org.br\/","logo":{"@type":"ImageObject","inLanguage":"es","@id":"https:\/\/cebb.org.br\/#\/schema\/logo\/image\/","url":"http:\/\/18.230.164.79\/wp-content\/uploads\/2011\/03\/logosalvador-peq-e1660064979551.jpg","contentUrl":"http:\/\/18.230.164.79\/wp-content\/uploads\/2011\/03\/logosalvador-peq-e1660064979551.jpg","width":280,"height":231,"caption":"Centro de Estudos Budistas Bodisatva"},"image":{"@id":"https:\/\/cebb.org.br\/#\/schema\/logo\/image\/"},"sameAs":["https:\/\/pt-br.facebook.com\/cebb108","https:\/\/www.instagram.com\/cebbcaminhodomeio\/"]}]}},"_links":{"self":[{"href":"https:\/\/cebb.org.br\/es\/wp-json\/wp\/v2\/pages\/91980","targetHints":{"allow":["GET"]}}],"collection":[{"href":"https:\/\/cebb.org.br\/es\/wp-json\/wp\/v2\/pages"}],"about":[{"href":"https:\/\/cebb.org.br\/es\/wp-json\/wp\/v2\/types\/page"}],"author":[{"embeddable":true,"href":"https:\/\/cebb.org.br\/es\/wp-json\/wp\/v2\/users\/64"}],"replies":[{"embeddable":true,"href":"https:\/\/cebb.org.br\/es\/wp-json\/wp\/v2\/comments?post=91980"}],"version-history":[{"count":2,"href":"https:\/\/cebb.org.br\/es\/wp-json\/wp\/v2\/pages\/91980\/revisions"}],"predecessor-version":[{"id":91983,"href":"https:\/\/cebb.org.br\/es\/wp-json\/wp\/v2\/pages\/91980\/revisions\/91983"}],"wp:attachment":[{"href":"https:\/\/cebb.org.br\/es\/wp-json\/wp\/v2\/media?parent=91980"}],"curies":[{"name":"wp","href":"https:\/\/api.w.org\/{rel}","templated":true}]}}