{"id":1433,"date":"2012-10-15T17:35:27","date_gmt":"2012-10-15T17:35:27","guid":{"rendered":"http:\/\/www.cebb.org.br\/novo\/?page_id=1433"},"modified":"2024-10-17T15:11:45","modified_gmt":"2024-10-17T18:11:45","slug":"centros-no-brasil","status":"publish","type":"page","link":"https:\/\/cebb.org.br\/fr\/centros-no-brasil\/","title":{"rendered":"Centres au Br\u00e9sil"},"content":{"rendered":"<div data-elementor-type=\"wp-page\" data-elementor-id=\"1433\" class=\"elementor elementor-1433\" data-elementor-post-type=\"page\">\n\t\t\t\t\t\t<section class=\"elementor-section elementor-top-section elementor-element elementor-element-236bcde elementor-section-boxed elementor-section-height-default elementor-section-height-default\" data-id=\"236bcde\" data-element_type=\"section\" data-e-type=\"section\">\n\t\t\t\t\t\t<div class=\"elementor-container elementor-column-gap-default\">\n\t\t\t\t\t<div class=\"elementor-column elementor-col-100 elementor-top-column elementor-element elementor-element-ef8a8ee\" data-id=\"ef8a8ee\" data-element_type=\"column\" data-e-type=\"column\">\n\t\t\t<div class=\"elementor-widget-wrap elementor-element-populated\">\n\t\t\t\t\t\t<div class=\"elementor-element elementor-element-60a6092 elementor-widget elementor-widget-template\" data-id=\"60a6092\" data-element_type=\"widget\" data-e-type=\"widget\" data-widget_type=\"template.default\">\n\t\t\t\t<div class=\"elementor-widget-container\">\n\t\t\t\t\t\t\t<div class=\"elementor-template\">\n\t\t\t\t\t<div data-elementor-type=\"page\" data-elementor-id=\"91331\" class=\"elementor elementor-91331\" data-elementor-post-type=\"elementor_library\">\n\t\t\t\t\t\t<section class=\"elementor-section elementor-top-section elementor-element elementor-element-4ec3204 elementor-section-boxed elementor-section-height-default elementor-section-height-default\" data-id=\"4ec3204\" data-element_type=\"section\" data-e-type=\"section\">\n\t\t\t\t\t\t<div class=\"elementor-container elementor-column-gap-default\">\n\t\t\t\t\t<div class=\"elementor-column elementor-col-20 elementor-top-column elementor-element elementor-element-6feb937\" data-id=\"6feb937\" data-element_type=\"column\" data-e-type=\"column\">\n\t\t\t<div class=\"elementor-widget-wrap elementor-element-populated\">\n\t\t\t\t\t\t<div class=\"elementor-element elementor-element-2fbafd4 elementor-widget elementor-widget-text-editor\" data-id=\"2fbafd4\" data-element_type=\"widget\" data-e-type=\"widget\" data-widget_type=\"text-editor.default\">\n\t\t\t\t<div class=\"elementor-widget-container\">\n\t\t\t\t\t\t\t\t\t<h4>Sul<\/h4><p><strong>RS<\/strong><br \/>CEBB Caminho do Meio (Viam\u00e3o)<br \/><a href=\"https:\/\/cebb.org.br\/fr\/caminho-do-meio\/\">Todas informa\u00e7\u00f5es<\/a><br \/>viamao@cebb.org.br<br \/>CEBB Jetavana<br \/><a href=\"https:\/\/wa.link\/ocan55\">Centro de Retiro (Contato)<\/a><br \/>CEBB Akanishta<br \/><a href=\"https:\/\/wa.link\/n7k33q\">Centro de Retiro (Contato)<\/a><br \/>CEBB Porto Alegre<br \/><a href=\"https:\/\/cebb.org.br\/fr\/o-cebb-poa-esta-sempre-se-reinventando\/\">Endere\u00e7o<\/a> | <a href=\"https:\/\/cebb.org.br\/fr\/praticas-online-cebb-poa\/\">Programa\u00e7\u00e3o<\/a><br \/>portoalegre@cebb.org.br<br \/>CEBB Lajeado<br \/><a href=\"https:\/\/cebb.org.br\/fr\/praticas-online-cebb-lajeado\/\">Todas informa\u00e7\u00f5es<\/a><br \/>cebblajeado@gmail.com<br \/>GEBB S\u00e3o Leopoldo<br \/><a href=\"https:\/\/cebb.org.br\/fr\/sao-leopoldo-contato\/\">Endere\u00e7o<\/a> | <a href=\"https:\/\/cebb.org.br\/fr\/sao-leopoldo-praticas\/\">Programa\u00e7\u00e3o<\/a><br \/>CEBB Pelotas<br \/><a href=\"https:\/\/cebb.org.br\/fr\/pelotas-contato\/\">Endere\u00e7o<\/a> | <a href=\"https:\/\/cebb.org.br\/fr\/pelotas-praticas\/\">Programa\u00e7\u00e3o<\/a><br \/>cebbpelotas@gmail.com<br \/>CEBB Rio Grande<br \/><a href=\"https:\/\/cebb.org.br\/fr\/rio-grande-contato\/\">Endere\u00e7o<\/a>\u00a0| <a href=\"https:\/\/cebb.org.br\/fr\/rio-grande-pratica\/\">Programa\u00e7\u00e3o<\/a><br \/>cebbriogrande@gmail.com<br \/>GEBB Litoral Norte\/Os\u00f3rio<br \/><a href=\"https:\/\/cebb.org.br\/fr\/contato-gebb-litoral-norte\/\">Endere\u00e7o<\/a>\u00a0| <a href=\"https:\/\/cebb.org.br\/fr\/praticas-gebb-litoral-norte\/\">Pr\u00e1ticas regulares<\/a><\/p><p><strong>\u00a0<\/strong><\/p><p><strong>SC<\/strong><br \/>CEBB Florian\u00f3polis<br \/><a href=\"https:\/\/cebb.org.br\/fr\/floripa-contato\/\">Endere\u00e7o<\/a> | <a href=\"https:\/\/cebb.org.br\/fr\/floripa\/\">Programa\u00e7\u00e3o<\/a><br \/>floripa@cebb.org.br<br \/>CEBB Mendjila (Canelinha)<br \/><a title=\"Endere\u00e7o\" href=\"https:\/\/cebb.org.br\/fr\/mendjila-contato\/\">Endere\u00e7o<\/a> | <a href=\"https:\/\/cebb.org.br\/fr\/mendjila-praticas\/\">Programa\u00e7\u00e3o<\/a><br \/>cebbmendjila@gmail.com<br \/>CEBB Garopaba<br \/><a href=\"https:\/\/cebb.org.br\/fr\/garopaba-contato\/\">Endere\u00e7o<\/a> | <a href=\"https:\/\/cebb.org.br\/fr\/garopaba-praticas\/\">Programa\u00e7\u00e3o<\/a><br \/>cebbgaropaba@outlook.com<br \/>CEBB Itaja\u00ed<br \/><a href=\"https:\/\/cebb.org.br\/fr\/itajai-contato\/\">Endere\u00e7o<\/a>\u00a0| <a href=\"https:\/\/cebb.org.br\/fr\/itajai-praticas\/\">Programa\u00e7\u00e3o<\/a><br \/>cebbitajai@gmail.com<br \/>CEBB Joinville<br \/><a href=\"https:\/\/cebb.org.br\/fr\/joinville-contato\/\">Endere\u00e7o<\/a> | <a href=\"https:\/\/cebb.org.br\/fr\/joinville-praticas\/\">Programa\u00e7\u00e3o<\/a><br \/>joinville@cebb.org.br<br \/><strong><br \/><\/strong><\/p><p><strong>PR<\/strong><br \/>CEBB Curitiba<br \/><a href=\"https:\/\/cebb.org.br\/fr\/curitiba\/\">Endere\u00e7o e Programa\u00e7\u00e3o<\/a><br \/>becebbcuritiba@gmail.com<br \/>CEBB Sukhavati (Quatro Barras)<br \/><a href=\"https:\/\/cebb.org.br\/fr\/sukhavati\/\">Todas informa\u00e7\u00f5es<\/a><a href=\"https:\/\/cebb.org.br\/fr\/sukhavati-praticas\/\"><br \/><\/a>cebbsukhavati@gmail.com<br \/>CEBB Londrina<br \/><a href=\"https:\/\/cebb.org.br\/fr\/londrina-contato\/\">Endere\u00e7o<\/a> | <a href=\"https:\/\/cebb.org.br\/fr\/londrina-praticas\/\">Programa\u00e7\u00e3o<\/a><br \/>londrina@cebb.org.br<br \/>CEBB Maring\u00e1<br \/><a href=\"http:\/\/cebb.org.br\/fr\/maringa-contato\/\">Endere\u00e7o<\/a> | <a href=\"http:\/\/cebb.org.br\/fr\/maringa-praticas\/\">Pr\u00e1ticas Regulares<\/a><br \/>CEBB Campina Grande do Sul<br \/><a href=\"https:\/\/cebb.org.br\/fr\/campinagrande\/\">Endere\u00e7o e Programa\u00e7\u00e3o<\/a><\/p>\t\t\t\t\t\t\t\t<\/div>\n\t\t\t\t<\/div>\n\t\t\t\t\t<\/div>\n\t\t<\/div>\n\t\t\t\t<div class=\"elementor-column elementor-col-20 elementor-top-column elementor-element elementor-element-5a3b69b\" data-id=\"5a3b69b\" data-element_type=\"column\" data-e-type=\"column\">\n\t\t\t<div class=\"elementor-widget-wrap elementor-element-populated\">\n\t\t\t\t\t\t<div class=\"elementor-element elementor-element-09e4ddf elementor-widget elementor-widget-text-editor\" data-id=\"09e4ddf\" data-element_type=\"widget\" data-e-type=\"widget\" data-widget_type=\"text-editor.default\">\n\t\t\t\t<div class=\"elementor-widget-container\">\n\t\t\t\t\t\t\t\t\t<h4>Sudeste<\/h4><p><strong>SP<\/strong><br \/>CEBB S\u00e3o Paulo<br \/><a href=\"https:\/\/cebb.org.br\/fr\/sao-paulo\/\">Todas as informa\u00e7\u00f5es<\/a><br \/>cebbsaopaulo@gmail.com<br \/>CEBB Campinas<br \/><a href=\"https:\/\/cebb.org.br\/fr\/campinas\/\">Todas as informa\u00e7\u00f5es<\/a><br \/>campinas@cebb.org.br<br \/>CEBB S\u00e3o Carlos<br \/><a href=\"https:\/\/cebb.org.br\/fr\/sao-carlos\/\">Todas as informa\u00e7\u00f5es<\/a><br \/>cebbsaocarlos@gmail.com<br \/>GEBB S\u00e3o Jos\u00e9 dos Campos<br \/><a href=\"https:\/\/cebb.org.br\/fr\/category\/centros\/sp\/sao-jose-dos-campos\/\">Endere\u00e7o e Programa\u00e7\u00e3o<\/a><br \/>CEBB Bragan\u00e7a Paulista<br \/><a href=\"https:\/\/cebb.org.br\/fr\/braganca-paulista-contato\/\">Endere\u00e7o<\/a> | <a href=\"https:\/\/cebb.org.br\/fr\/braganca-paulista-praticas\/\">Programa\u00e7\u00e3o<\/a><br \/>cebb.braganca@gmail.com<br \/>CEBB S\u00e3o Jos\u00e9 do Rio Preto<br \/><a href=\"https:\/\/cebb.org.br\/fr\/praticas-presenciais-regulares-do-cebb-sao-jose-do-rio-preto\/\">Endere\u00e7o e Programa\u00e7\u00e3o<\/a><br \/>riopreto@cebb.org.br<br \/>CEBB Maresias<br \/><a title=\"Pr\u00e1ticas regulares do CEBB Maresias\" href=\"https:\/\/cebb.org.br\/fr\/maresias-praticas\/\">Endere\u00e7o e programa\u00e7\u00e3o<\/a><br \/>maresias@cebb.org.br<br \/>CEBB Ilhabela<br \/><a title=\"Pr\u00e1ticas regulares do CEBB Ilhabela\" href=\"https:\/\/cebb.org.br\/fr\/ilhabela-praticas\/\">Endere\u00e7o e programa\u00e7\u00e3o<\/a><br \/>ilhabela@cebb.org.br<\/p><p><strong><br \/>RJ<\/strong><br \/>CEBB Rio de Janeiro<br \/><a href=\"https:\/\/cebb.org.br\/fr\/rio-de-janeiro-contato\/\">Endere\u00e7o<\/a> | <a href=\"https:\/\/cebb.org.br\/fr\/estudos-e-praticas-do-cebb-rio\/\">Programa\u00e7\u00e3o<\/a><br \/>cebbrio@gmail.com<br \/>CEBB Niter\u00f3i<br \/><a href=\"https:\/\/cebb.org.br\/fr\/niteroi\/\">Todas as informa\u00e7\u00f5es<\/a><br \/>cebbniteroi@gmail.com<br \/>CEBB Volta Redonda<br \/><a href=\"https:\/\/cebb.org.br\/fr\/volta-redonda-praticas\/\">Programa\u00e7\u00e3o<\/a><br \/>cebbvoltaredonda@gmail.com<br \/>CEBB Maca\u00e9<br \/><a href=\"https:\/\/cebb.org.br\/fr\/macae-contato\/\" target=\"_blank\" rel=\"noopener\">Endere\u00e7o<\/a> |\u00a0<a href=\"https:\/\/cebb.org.br\/fr\/macae-praticas\/\" target=\"_blank\" rel=\"noopener\">Programa\u00e7\u00e3o<\/a><br \/>cebb.macae@gmail.com<\/p><p><strong><br \/>MG<\/strong><br \/>CEBB Abhirati<br \/><a href=\"https:\/\/cebb.org.br\/fr\/abhirati\/\">Todas as informa\u00e7\u00f5es<br \/><\/a>cebbabhirati@gmail.com<br \/>CEBB Belo Horizonte<br \/><a href=\"https:\/\/cebb.org.br\/fr\/cebb-bh\/\">Todas as informa\u00e7\u00f5es<\/a><br \/>bh@cebb.org.br<br \/>CEBB Itabira<br \/><a href=\"https:\/\/cebb.org.br\/fr\/itabira-contato\/\">Endere\u00e7o<\/a> | <a href=\"https:\/\/cebb.org.br\/fr\/itabira-praticas\/\">Programa\u00e7\u00e3o<\/a><br \/>cebbitabira@gmail.com<br \/>CEBB S\u00e3o Louren\u00e7o<br \/><a href=\"https:\/\/cebb.org.br\/fr\/sao-lourenco-praticas\/\" target=\"_blank\" rel=\"noopener\">Endere\u00e7o e Programa\u00e7\u00e3o<\/a><br \/>cebbsaolourencomg@gmail.com<br \/>CEBB Juiz de Fora<br \/><a href=\"https:\/\/cebb.org.br\/fr\/jf-contato\/\" target=\"_blank\" rel=\"noopener\">Endere\u00e7o<\/a> |\u00a0<a href=\"https:\/\/cebb.org.br\/fr\/jf-praticas\/\">Programa\u00e7\u00e3o<br \/><\/a>gebb.jf@gmail.com<br \/>GEBB Barbacena<br \/><a href=\"https:\/\/cebb.org.br\/fr\/barbacena-praticas\/\">Programa\u00e7\u00e3o<\/a><br \/>GEBB S\u00e3o Jo\u00e3o del-Rei<br \/><a href=\"https:\/\/cebb.org.br\/fr\/sao-joao-del-rei-contato\/\">Endere\u00e7o<\/a> | <a href=\"https:\/\/cebb.org.br\/fr\/sao-joao-del-rei-praticas\/\">Programa\u00e7\u00e3o<\/a><\/p>\t\t\t\t\t\t\t\t<\/div>\n\t\t\t\t<\/div>\n\t\t\t\t\t<\/div>\n\t\t<\/div>\n\t\t\t\t<div class=\"elementor-column elementor-col-20 elementor-top-column elementor-element elementor-element-9efbfd4\" data-id=\"9efbfd4\" data-element_type=\"column\" data-e-type=\"column\">\n\t\t\t<div class=\"elementor-widget-wrap elementor-element-populated\">\n\t\t\t\t\t\t<div class=\"elementor-element elementor-element-90a156c elementor-widget elementor-widget-text-editor\" data-id=\"90a156c\" data-element_type=\"widget\" data-e-type=\"widget\" data-widget_type=\"text-editor.default\">\n\t\t\t\t<div class=\"elementor-widget-container\">\n\t\t\t\t\t\t\t\t\t<h4>Centro-oeste<\/h4><p><strong>DF<\/strong><br \/>CEBB Bras\u00edlia<br \/><a href=\"https:\/\/cebb.org.br\/fr\/praticas-regulares-co\/\">Programa\u00e7\u00e3o e Contato<\/a><br \/>brasilia@cebb.org.br<\/p><p><strong><br \/>GO<\/strong><br \/>CEBB Alto Para\u00edso<br \/><a href=\"https:\/\/cebb.org.br\/fr\/alto-paraiso-contato\/\">Endere\u00e7o<\/a>\u00a0| <a href=\"https:\/\/cebb.org.br\/fr\/alto-paraiso-praticas\/\">Programa\u00e7\u00e3o<\/a><br \/>altoparaiso@cebb.org.br<br \/>CEBB Goi\u00e2nia<br \/><a href=\"https:\/\/cebb.org.br\/fr\/goiania\/\">Todas as informa\u00e7\u00f5es<\/a><br \/>cebbgoiania@gmail.com<\/p>\t\t\t\t\t\t\t\t<\/div>\n\t\t\t\t<\/div>\n\t\t\t\t\t<\/div>\n\t\t<\/div>\n\t\t\t\t<div class=\"elementor-column elementor-col-20 elementor-top-column elementor-element elementor-element-336bf52\" data-id=\"336bf52\" data-element_type=\"column\" data-e-type=\"column\">\n\t\t\t<div class=\"elementor-widget-wrap elementor-element-populated\">\n\t\t\t\t\t\t<div class=\"elementor-element elementor-element-48be7c3 elementor-widget elementor-widget-text-editor\" data-id=\"48be7c3\" data-element_type=\"widget\" data-e-type=\"widget\" data-widget_type=\"text-editor.default\">\n\t\t\t\t<div class=\"elementor-widget-container\">\n\t\t\t\t\t\t\t\t\t<h4>Nordeste<\/h4><p><strong>BA<\/strong><\/p><p>CEBB Rec\u00f4ncavo<br \/><a href=\"https:\/\/cebb.org.br\/fr\/reconcavo\/\">Todas as informa\u00e7\u00f5es<\/a><br \/>cebbreconcavo@gmail.com<br \/>CEBB Salvador<br \/><a href=\"https:\/\/cebb.org.br\/fr\/salvador-contato\/\">Endere\u00e7o<\/a> | <a href=\"https:\/\/cebb.org.br\/fr\/praticas-presenciais-e-online-cebb-salvador\/\">Programa\u00e7\u00e3o<\/a><br \/>salvador@cebb.org.br<br \/><strong><br \/>AL<\/strong><br \/>CEBB Macei\u00f3<br \/><a href=\"https:\/\/cebb.org.br\/fr\/maceio-contato\/\">Endere\u00e7o<\/a> | <a href=\"https:\/\/cebb.org.br\/fr\/maceio-praticas\/\">Programa\u00e7\u00e3o<\/a><br \/>maceio@cebb.org.br<\/p><p><strong><br \/>PE<\/strong><br \/>CEBB Darmata (Timba\u00faba)<br \/><a href=\"https:\/\/cebb.org.br\/fr\/darmata\/\">Todas as informa\u00e7\u00f5es<\/a><br \/><a href=\"https:\/\/cebb.org.br\/fr\/darmata-contato\/\">Endere\u00e7o<\/a> | <a href=\"https:\/\/cebb.org.br\/fr\/conexaodarmata\/\" target=\"_blank\" rel=\"noopener\">Conex\u00e3o Darmata<\/a><br \/>darmata@cebb.org.br<br \/>CEBB Recife<br \/><a href=\"https:\/\/cebb.org.br\/fr\/recife-contato\/\">Endere\u00e7o<\/a> | <a href=\"https:\/\/cebb.org.br\/fr\/recife-praticas\/\">Programa\u00e7\u00e3o<\/a><br \/>recife@cebb.org.br<br \/>GEBB Olinda<br \/><a href=\"https:\/\/cebb.org.br\/fr\/olinda-praticas\/\">Endere\u00e7o e Programa\u00e7\u00e3o<\/a><\/p><p><strong><br \/>PB<\/strong><br \/>CEBB Jo\u00e3o Pessoa<br \/><a href=\"https:\/\/cebb.org.br\/fr\/cebb-joao-pessoa-de-endereco-novo\/\">Endere\u00e7o<\/a> |<a href=\"https:\/\/cebb.org.br\/fr\/joaopessoa\/\">Programa\u00e7\u00e3o<\/a><br \/>cebbjoaopessoa@gmail.com<\/p><p><strong><br \/>RN<\/strong><br \/>CEBB Natal<br \/><a href=\"https:\/\/cebb.org.br\/fr\/praticas-cebbnatal\/\">Endere\u00e7o e Programa\u00e7\u00e3o<\/a><br \/>sangacebbnatal@gmail.com<\/p><p><strong><br \/>CE<\/strong><br \/>CEBB Fortaleza<br \/><a href=\"https:\/\/cebb.org.br\/fr\/fortaleza\/\">Todas as informa\u00e7\u00f5es<\/a><br \/>cebbfortaleza@gmail.com<\/p>\t\t\t\t\t\t\t\t<\/div>\n\t\t\t\t<\/div>\n\t\t\t\t\t<\/div>\n\t\t<\/div>\n\t\t\t\t<div class=\"elementor-column elementor-col-20 elementor-top-column elementor-element elementor-element-f76b794\" data-id=\"f76b794\" data-element_type=\"column\" data-e-type=\"column\">\n\t\t\t<div class=\"elementor-widget-wrap elementor-element-populated\">\n\t\t\t\t\t\t<div class=\"elementor-element elementor-element-c50a87c elementor-widget elementor-widget-text-editor\" data-id=\"c50a87c\" data-element_type=\"widget\" data-e-type=\"widget\" data-widget_type=\"text-editor.default\">\n\t\t\t\t<div class=\"elementor-widget-container\">\n\t\t\t\t\t\t\t\t\t<h4>Norte<\/h4><p><strong>RO<\/strong><br \/>CEBB Porto Velho<br \/><a href=\"http:\/\/cebb.org.br\/fr\/porto-velho-contato\/\">Endere\u00e7o<\/a> | <a href=\"http:\/\/cebb.org.br\/fr\/porto-velho-praticas\/\" target=\"_blank\" rel=\"noopener\">Programa\u00e7\u00e3o<\/a><br \/>portovelho@cebb.org.br<\/p><p><br \/><strong>PA<\/strong><br \/>CEBB Bel\u00e9m<br \/><a href=\"https:\/\/cebb.org.br\/fr\/belem-contato\/\">Endere\u00e7o e Programa\u00e7\u00e3o<\/a><\/p>\t\t\t\t\t\t\t\t<\/div>\n\t\t\t\t<\/div>\n\t\t\t\t\t<\/div>\n\t\t<\/div>\n\t\t\t\t\t<\/div>\n\t\t<\/section>\n\t\t\t\t<section class=\"elementor-section elementor-top-section elementor-element elementor-element-e6ed2b9 elementor-section-boxed elementor-section-height-default elementor-section-height-default\" data-id=\"e6ed2b9\" data-element_type=\"section\" data-e-type=\"section\">\n\t\t\t\t\t\t<div class=\"elementor-container elementor-column-gap-default\">\n\t\t\t\t\t<div class=\"elementor-column elementor-col-50 elementor-top-column elementor-element elementor-element-86b9a70\" data-id=\"86b9a70\" data-element_type=\"column\" data-e-type=\"column\">\n\t\t\t<div class=\"elementor-widget-wrap elementor-element-populated\">\n\t\t\t\t\t\t<div class=\"elementor-element elementor-element-18fce27 elementor-widget elementor-widget-text-editor\" data-id=\"18fce27\" data-element_type=\"widget\" data-e-type=\"widget\" data-widget_type=\"text-editor.default\">\n\t\t\t\t<div class=\"elementor-widget-container\">\n\t\t\t\t\t\t\t\t\t<h4>Grupos informais<\/h4><p>Se n\u00e3o encontrar um centro em sua cidade, <a title=\"Contato\" href=\"http:\/\/cebb.org.br\/fr\/contato\/\">escreva para n\u00f3s<\/a>. Talvez exista algum grupo informal de pr\u00e1tica perto de voc\u00ea.<\/p>\t\t\t\t\t\t\t\t<\/div>\n\t\t\t\t<\/div>\n\t\t\t\t\t<\/div>\n\t\t<\/div>\n\t\t\t\t<div class=\"elementor-column elementor-col-50 elementor-top-column elementor-element elementor-element-cd817c4\" data-id=\"cd817c4\" data-element_type=\"column\" data-e-type=\"column\">\n\t\t\t<div class=\"elementor-widget-wrap elementor-element-populated\">\n\t\t\t\t\t\t<div class=\"elementor-element elementor-element-4e31d93 elementor-widget elementor-widget-text-editor\" data-id=\"4e31d93\" data-element_type=\"widget\" data-e-type=\"widget\" data-widget_type=\"text-editor.default\">\n\t\t\t\t<div class=\"elementor-widget-container\">\n\t\t\t\t\t\t\t\t\t<div class=\"one_half column-last\"><h4>Receba por email<\/h4><p><a href=\"http:\/\/feedburner.google.com\/fb\/a\/mailverify?uri=agendadolamasamten&amp;loc=pt_BR\" target=\"_blank\" rel=\"noopener\">Assine a agenda do Lama<\/a> para ser avisado de retiros e palestras. E\u00a0<a href=\"http:\/\/eepurl.com\/OsCOP\">inscreva-se no informativo do CEBB<\/a> para receber a programa\u00e7\u00e3o de pr\u00e1ticas em sua cidade.<\/p><\/div><div class=\"clear\">\u00a0<\/div><p>\u00a0<\/p>\t\t\t\t\t\t\t\t<\/div>\n\t\t\t\t<\/div>\n\t\t\t\t\t<\/div>\n\t\t<\/div>\n\t\t\t\t\t<\/div>\n\t\t<\/section>\n\t\t\t\t<\/div>\n\t\t\t\t<\/div>\n\t\t\t\t\t\t<\/div>\n\t\t\t\t<\/div>\n\t\t\t\t\t<\/div>\n\t\t<\/div>\n\t\t\t\t\t<\/div>\n\t\t<\/section>\n\t\t\t\t<\/div>","protected":false},"excerpt":{"rendered":"","protected":false},"author":97,"featured_media":0,"parent":0,"menu_order":0,"comment_status":"open","ping_status":"open","template":"","meta":{"footnotes":""},"class_list":["post-1433","page","type-page","status-publish","hentry"],"yoast_head":"<!-- This site is optimized with the Yoast SEO plugin v27.6 - https:\/\/yoast.com\/product\/yoast-seo-wordpress\/ -->\n<title>CEBBs no Brasil<\/title>\n<meta name=\"description\" content=\"CEBB | Aprenda medita\u00e7\u00e3o e estude os ensinamentos budistas em algum dos diferentes CEBBs espalhados pelo Brasil.\" \/>\n<meta name=\"robots\" content=\"index, follow, max-snippet:-1, max-image-preview:large, max-video-preview:-1\" \/>\n<link rel=\"canonical\" href=\"https:\/\/cebb.org.br\/fr\/centros-no-brasil\/\" \/>\n<meta property=\"og:locale\" content=\"fr_FR\" \/>\n<meta property=\"og:type\" content=\"article\" \/>\n<meta property=\"og:title\" content=\"CEBBs no Brasil\" \/>\n<meta property=\"og:description\" content=\"CEBB | Aprenda medita\u00e7\u00e3o e estude os ensinamentos budistas em algum dos diferentes CEBBs espalhados pelo Brasil.\" \/>\n<meta property=\"og:url\" content=\"https:\/\/cebb.org.br\/fr\/centros-no-brasil\/\" \/>\n<meta property=\"og:site_name\" content=\"Centro de Estudos Budistas Bodisatva\" \/>\n<meta property=\"article:publisher\" content=\"https:\/\/pt-br.facebook.com\/cebb108\" \/>\n<meta property=\"article:modified_time\" content=\"2024-10-17T18:11:45+00:00\" \/>\n<meta name=\"twitter:card\" content=\"summary_large_image\" \/>\n<script type=\"application\/ld+json\" class=\"yoast-schema-graph\">{\"@context\":\"https:\\\/\\\/schema.org\",\"@graph\":[{\"@type\":\"WebPage\",\"@id\":\"https:\\\/\\\/cebb.org.br\\\/centros-no-brasil\\\/\",\"url\":\"https:\\\/\\\/cebb.org.br\\\/centros-no-brasil\\\/\",\"name\":\"CEBBs no Brasil\",\"isPartOf\":{\"@id\":\"https:\\\/\\\/cebb.org.br\\\/#website\"},\"datePublished\":\"2012-10-15T17:35:27+00:00\",\"dateModified\":\"2024-10-17T18:11:45+00:00\",\"description\":\"CEBB | Aprenda medita\u00e7\u00e3o e estude os ensinamentos budistas em algum dos diferentes CEBBs espalhados pelo Brasil.\",\"breadcrumb\":{\"@id\":\"https:\\\/\\\/cebb.org.br\\\/centros-no-brasil\\\/#breadcrumb\"},\"inLanguage\":\"fr-FR\",\"potentialAction\":[{\"@type\":\"ReadAction\",\"target\":[\"https:\\\/\\\/cebb.org.br\\\/centros-no-brasil\\\/\"]}]},{\"@type\":\"BreadcrumbList\",\"@id\":\"https:\\\/\\\/cebb.org.br\\\/centros-no-brasil\\\/#breadcrumb\",\"itemListElement\":[{\"@type\":\"ListItem\",\"position\":1,\"name\":\"Home\",\"item\":\"https:\\\/\\\/cebb.org.br\\\/\"},{\"@type\":\"ListItem\",\"position\":2,\"name\":\"Centros no Brasil\"}]},{\"@type\":\"WebSite\",\"@id\":\"https:\\\/\\\/cebb.org.br\\\/#website\",\"url\":\"https:\\\/\\\/cebb.org.br\\\/\",\"name\":\"Centro de Estudos Budistas Bodisatva\",\"description\":\"Budismo, medita\u00e7\u00e3o e cultura de paz | Lama Padma Samten\",\"publisher\":{\"@id\":\"https:\\\/\\\/cebb.org.br\\\/#organization\"},\"potentialAction\":[{\"@type\":\"SearchAction\",\"target\":{\"@type\":\"EntryPoint\",\"urlTemplate\":\"https:\\\/\\\/cebb.org.br\\\/?s={search_term_string}\"},\"query-input\":{\"@type\":\"PropertyValueSpecification\",\"valueRequired\":true,\"valueName\":\"search_term_string\"}}],\"inLanguage\":\"fr-FR\"},{\"@type\":\"Organization\",\"@id\":\"https:\\\/\\\/cebb.org.br\\\/#organization\",\"name\":\"Centro de Estudos Budistas Bodisatva\",\"url\":\"https:\\\/\\\/cebb.org.br\\\/\",\"logo\":{\"@type\":\"ImageObject\",\"inLanguage\":\"fr-FR\",\"@id\":\"https:\\\/\\\/cebb.org.br\\\/#\\\/schema\\\/logo\\\/image\\\/\",\"url\":\"http:\\\/\\\/18.230.164.79\\\/wp-content\\\/uploads\\\/2011\\\/03\\\/logosalvador-peq-e1660064979551.jpg\",\"contentUrl\":\"http:\\\/\\\/18.230.164.79\\\/wp-content\\\/uploads\\\/2011\\\/03\\\/logosalvador-peq-e1660064979551.jpg\",\"width\":280,\"height\":231,\"caption\":\"Centro de Estudos Budistas Bodisatva\"},\"image\":{\"@id\":\"https:\\\/\\\/cebb.org.br\\\/#\\\/schema\\\/logo\\\/image\\\/\"},\"sameAs\":[\"https:\\\/\\\/pt-br.facebook.com\\\/cebb108\",\"https:\\\/\\\/www.instagram.com\\\/cebbcaminhodomeio\\\/\"]}]}<\/script>\n<!-- \/ Yoast SEO plugin. -->","yoast_head_json":{"title":"CEBBs no Brasil","description":"CEBB | Aprenda medita\u00e7\u00e3o e estude os ensinamentos budistas em algum dos diferentes CEBBs espalhados pelo Brasil.","robots":{"index":"index","follow":"follow","max-snippet":"max-snippet:-1","max-image-preview":"max-image-preview:large","max-video-preview":"max-video-preview:-1"},"canonical":"https:\/\/cebb.org.br\/fr\/centros-no-brasil\/","og_locale":"fr_FR","og_type":"article","og_title":"CEBBs no Brasil","og_description":"CEBB | Aprenda medita\u00e7\u00e3o e estude os ensinamentos budistas em algum dos diferentes CEBBs espalhados pelo Brasil.","og_url":"https:\/\/cebb.org.br\/fr\/centros-no-brasil\/","og_site_name":"Centro de Estudos Budistas Bodisatva","article_publisher":"https:\/\/pt-br.facebook.com\/cebb108","article_modified_time":"2024-10-17T18:11:45+00:00","twitter_card":"summary_large_image","schema":{"@context":"https:\/\/schema.org","@graph":[{"@type":"WebPage","@id":"https:\/\/cebb.org.br\/centros-no-brasil\/","url":"https:\/\/cebb.org.br\/centros-no-brasil\/","name":"CEBBs no Brasil","isPartOf":{"@id":"https:\/\/cebb.org.br\/#website"},"datePublished":"2012-10-15T17:35:27+00:00","dateModified":"2024-10-17T18:11:45+00:00","description":"CEBB | Aprenda medita\u00e7\u00e3o e estude os ensinamentos budistas em algum dos diferentes CEBBs espalhados pelo Brasil.","breadcrumb":{"@id":"https:\/\/cebb.org.br\/centros-no-brasil\/#breadcrumb"},"inLanguage":"fr-FR","potentialAction":[{"@type":"ReadAction","target":["https:\/\/cebb.org.br\/centros-no-brasil\/"]}]},{"@type":"BreadcrumbList","@id":"https:\/\/cebb.org.br\/centros-no-brasil\/#breadcrumb","itemListElement":[{"@type":"ListItem","position":1,"name":"Home","item":"https:\/\/cebb.org.br\/"},{"@type":"ListItem","position":2,"name":"Centros no Brasil"}]},{"@type":"WebSite","@id":"https:\/\/cebb.org.br\/#website","url":"https:\/\/cebb.org.br\/","name":"Centre d\u2019\u00c9tudes Bouddhistes Bodisatva (CEBB)","description":"Budismo, medita\u00e7\u00e3o e cultura de paz | Lama Padma Samten","publisher":{"@id":"https:\/\/cebb.org.br\/#organization"},"potentialAction":[{"@type":"SearchAction","target":{"@type":"EntryPoint","urlTemplate":"https:\/\/cebb.org.br\/?s={search_term_string}"},"query-input":{"@type":"PropertyValueSpecification","valueRequired":true,"valueName":"search_term_string"}}],"inLanguage":"fr-FR"},{"@type":"Organization","@id":"https:\/\/cebb.org.br\/#organization","name":"Centre d\u2019\u00c9tudes Bouddhistes Bodisatva (CEBB)","url":"https:\/\/cebb.org.br\/","logo":{"@type":"ImageObject","inLanguage":"fr-FR","@id":"https:\/\/cebb.org.br\/#\/schema\/logo\/image\/","url":"http:\/\/18.230.164.79\/wp-content\/uploads\/2011\/03\/logosalvador-peq-e1660064979551.jpg","contentUrl":"http:\/\/18.230.164.79\/wp-content\/uploads\/2011\/03\/logosalvador-peq-e1660064979551.jpg","width":280,"height":231,"caption":"Centro de Estudos Budistas Bodisatva"},"image":{"@id":"https:\/\/cebb.org.br\/#\/schema\/logo\/image\/"},"sameAs":["https:\/\/pt-br.facebook.com\/cebb108","https:\/\/www.instagram.com\/cebbcaminhodomeio\/"]}]}},"_links":{"self":[{"href":"https:\/\/cebb.org.br\/fr\/wp-json\/wp\/v2\/pages\/1433","targetHints":{"allow":["GET"]}}],"collection":[{"href":"https:\/\/cebb.org.br\/fr\/wp-json\/wp\/v2\/pages"}],"about":[{"href":"https:\/\/cebb.org.br\/fr\/wp-json\/wp\/v2\/types\/page"}],"author":[{"embeddable":true,"href":"https:\/\/cebb.org.br\/fr\/wp-json\/wp\/v2\/users\/97"}],"replies":[{"embeddable":true,"href":"https:\/\/cebb.org.br\/fr\/wp-json\/wp\/v2\/comments?post=1433"}],"version-history":[{"count":18,"href":"https:\/\/cebb.org.br\/fr\/wp-json\/wp\/v2\/pages\/1433\/revisions"}],"predecessor-version":[{"id":105414,"href":"https:\/\/cebb.org.br\/fr\/wp-json\/wp\/v2\/pages\/1433\/revisions\/105414"}],"wp:attachment":[{"href":"https:\/\/cebb.org.br\/fr\/wp-json\/wp\/v2\/media?parent=1433"}],"curies":[{"name":"wp","href":"https:\/\/api.w.org\/{rel}","templated":true}]}}