{"id":27617,"date":"2016-01-24T22:04:02","date_gmt":"2016-01-25T00:04:02","guid":{"rendered":"http:\/\/www.cebb.org.br\/?page_id=27617"},"modified":"2016-01-24T22:04:02","modified_gmt":"2016-01-25T00:04:02","slug":"bandeiras-da-vitoria","status":"publish","type":"page","link":"https:\/\/cebb.org.br\/fr\/bandeiras-da-vitoria\/","title":{"rendered":"Bandeiras da Vit\u00f3ria"},"content":{"rendered":"<p><img fetchpriority=\"high\" decoding=\"async\" src=\"http:\/\/www.cebb.org.br\/wp-content\/uploads\/2016\/01\/12493896_10153340745796765_7700108501844297351_o-620x442.jpg\" alt=\"\" title=\"12493896_10153340745796765_7700108501844297351_o\" width=\"620\" height=\"442\" class=\"alignnone size-large wp-image-27264\" \/><br \/>\n<em>por Lama Padma Samten<\/em><!--more--><br \/>\nAs bandeiras dos cinco Diani Budas e de Guru Rinpoche representam as b\u00ean\u00e7\u00e3os da vis\u00e3o de Guru Rinpoche. S\u00e3o as bandeiras da vit\u00f3ria da lucidez sobre as limita\u00e7\u00f5es dos seis reinos e seus sofrimentos, e sobre a transmigra\u00e7\u00e3o que coemerge com os seres desde os tempos sem princ\u00edpio.<br \/>\nO Samsara n\u00e3o tem consist\u00eancia e nem \u00e9 fixo. Tamb\u00e9m n\u00e3o \u00e9 \u00fanico. Diferentes seres humanos e diferentes animais, plantas, fungos, seres marinhos, v\u00edrus e bact\u00e9rias constroem e operam em bolhas de realidade espec\u00edficas. A apar\u00eancia de seus mundos est\u00e1 em constante transforma\u00e7\u00e3o, n\u00e3o h\u00e1 um ponto final e nem h\u00e1 um ponto de equil\u00edbrio. Cada ser mant\u00e9m esfor\u00e7o constante no n\u00edvel grosseiro, sutil e secreto para as apar\u00eancias e realidades serem sustentadas. Ainda assim as apar\u00eancias seguem sem controle e determinam seus pr\u00f3prios rumos. O sofrimento pelo esfor\u00e7o e pelas frustra\u00e7\u00f5es \u00e9 inevit\u00e1vel, n\u00e3o importando nisso quem sejam os seres, o apoio que tenham e o poder que disponham.<br \/>\nA flutua\u00e7\u00e3o inevit\u00e1vel e incessante das apar\u00eancias contemplada desde a mente est\u00e1vel, fora das bolhas de realidade, ancorada desde a vis\u00e3o da Perfei\u00e7\u00e3o da Sabedoria Prajnaparamita apresentada pelo Buda, revela a inseparatividade entre o mundo interno de cada ser e a apar\u00eancia externa. Como em um jogo de tabuleiro, as apar\u00eancias n\u00e3o existem por si mesmas, mas ganham sentido e vida pela inseparatividade com as apar\u00eancias e disposi\u00e7\u00f5es internas.<br \/>\nO Buda explica a profundidade desse processo ao apresentar a origina\u00e7\u00e3o dependente. A luminosidade da mente d\u00e1 nascimento, sustenta sem esfor\u00e7o as m\u00faltiplas apar\u00eancias e reconhece lucidamente todo o processo, revelando desse modo a profundeza da mente b\u00fadica, ess\u00eancia de cada manifesta\u00e7\u00e3o.<br \/>\nGuru Rinpoche \u00e9 a lucidez diante desse processo todo e manifesta os meios h\u00e1beis atrav\u00e9s dos quais podemos penetrar em cada recanto das apar\u00eancias ajudando cada ser a reconhecer sua realidade.<br \/>\nQuando fazemos a prece das sete linhas de Guru Rinpoche, estamos evocando sua manifesta\u00e7\u00e3o em nossas mentes. Aspiramos a lucidez e os meios h\u00e1beis para ultrapassar nossas bolhas e gerar a\u00e7\u00f5es elevadas de benef\u00edcio real em todas as dire\u00e7\u00f5es. Aspiramos tamb\u00e9m a vis\u00e3o da realidade de cada ser e cada apar\u00eancia enquanto manifesta\u00e7\u00e3o direta da natureza de Buda.<br \/>\n<img decoding=\"async\" src=\"http:\/\/www.cebb.org.br\/wp-content\/uploads\/2016\/01\/lama-bandeiras-300x550.jpg\" alt=\"\" title=\"lama-bandeiras\" width=\"202\" class=\"alignleft size-medium wp-image-27058\" style=\"margin-right:15px;\" \/>Mestres de grande compaix\u00e3o e lucidez, desde o Buda Sakiamuni e dos grandes Budas que o precederam no tempo al\u00e9m do tempo trouxeram esse legado cuja ess\u00eancia est\u00e1 contida na prece das sete linhas e na manifesta\u00e7\u00e3o dos cinco Diani Budas.<br \/>\n\u00c9 muito merit\u00f3rio mantermos vis\u00edveis essas bandeiras da vit\u00f3ria da lucidez sobre as limita\u00e7\u00f5es e sofrimentos de todos os seres. Que o vento da natureza \u00faltima leve suas b\u00ean\u00e7\u00e3os em todas as dire\u00e7\u00f5es, e todos os seres, de todos os \u00e2mbitos da exist\u00eancia se beneficiem.<br \/>\nQue todas as tradi\u00e7\u00f5es de m\u00e9rito e sabedoria, filosofia, psicologia e artes, surgidas que s\u00e3o da fonte primordial, elevem suas pr\u00f3prias bandeiras e preces em benef\u00edcio de todos os seres em todas as dire\u00e7\u00f5es, protegendo e elevando todas as manifesta\u00e7\u00f5es da vida.<br \/>\n<em>Durante o retiro de ver\u00e3o de fevereiro 2016 faremos uma acumula\u00e7\u00e3o da prece das sete linhas aben\u00e7oando conjuntos de bandeiras de Guru Rinpoche e dos Cinco Diani Budas que posteriormente ser\u00e3o colocadas nas casas, ambientes de trabalho, locais de circula\u00e7\u00e3o de pessoas espalhando as b\u00ean\u00e7\u00e3os.<br \/>\n<\/em>&nbsp;<\/p>\n<hr \/>\n<h3>Como produzir as bandeiras<\/h3>\n<p><em>Mensagem da sanga<\/em><br \/>\nEssa \u00e9 uma etapa inicial do Projeto Terra Pura em que as bandeiras ser\u00e3o confeccionadas pelas sanga e enviadas para o Caminho do Meio para as ben\u00e7\u00e3os durante o Retiro de Ver\u00e3o. As sangas n\u00e3o devem comercializar as bandeiras ainda, pois o Lama vai explicar o resto do projeto em breve, provavelmente no retiro de ver\u00e3o durante as ben\u00e7\u00e3os.<br \/>\nCada arquivo de imagem j\u00e1 cont\u00e9m as informa\u00e7\u00f5es de tamanho, de cores de estampa e de fundo. S\u00e3o 6 arquivos de imagem: Buda Akshobia, Buda Ratnasambava, Buda Vairocana, Buda Amitaba, Buda Amogasidi e Guru Rinpoche (ser\u00e1 estampada a mesma imagem de Guru Rinpoche sobre fundos nas 5 cores). Fa\u00e7a download deles e envie para a empresa que far\u00e1 a grava\u00e7\u00e3o dos quadros de estamparia.<br \/>\n[button link=&#8221;http:\/\/www.cebb.org.br\/wp-content\/uploads\/2016\/01\/cebb-bandeiras-da-vitoria.zip&#8221; size=&#8221;large&#8221; target=&#8221;blank&#8221; style=&#8221;background:#8c0000&#8243; ]DOWNLOAD DAS IMAGENS \u2193[\/button]\n&nbsp;<br \/>\nAo final, ser\u00e3o 2 conjuntos de 5 bandeiras de 30 x 25 cm: 1 conjunto com os 5 Diani Budas e 1 conjunto com Guru Rinpoche sobre fundos nas 5 cores.<\/p>\n<blockquote><p><strong>Passo-a-passo para a confec\u00e7\u00e3o das bandeiras:<\/strong><br \/>\n1. Fazer download dos arquivos de imagem para grava\u00e7\u00e3o dos quadros de estamparia.<br \/>\n2. Enviar os arquivos para a empresa que far\u00e1 a grava\u00e7\u00e3o dos quadros.<br \/>\n3. Estampar (nas cores e fundos indicados em cada arquivo de imagem) sobre tecido. Recomendamos Oxford, mas v\u00e1rios tipos de tecido plano podem servir.<br \/>\n4. Fazer acabamento nas bordas (com bainha simples ou overlock, por ex) para as bandeiras n\u00e3o desfiarem.<br \/>\n5. Fix\u00e1-las com costura em um fio nesta sequ\u00eancia: azul &gt; amarelo &gt; branco &gt; vermelho &gt; verde.<br \/>\nDeixar de 1 a 2 cm de dist\u00e2ncia entre uma bandeira e outra, e 50 cm de fio sobrando em cada ponta (comprimento final de mais ou menos 230 cm para cada conjunto de bandeiras). Recomendamos o <a href=\"http:\/\/www.casaevideo.com.br\/wcsstore\/ExtendedSitesCatalogAssetStore\/JPG1000\/ud-casa\/0078425.jpg\" target=\"_blank\" rel=\"noopener\">fio branco 100% polipropileno<\/a>, do tipo usado em varais.<\/p><\/blockquote>\n<p><img decoding=\"async\" class=\"alignnone size-large wp-image-27069\" title=\"vis_5bandeiras\" src=\"http:\/\/www.cebb.org.br\/wp-content\/uploads\/2016\/01\/vis_5bandeiras-620x217.jpg\" alt=\"\" width=\"620\" height=\"217\" \/><br \/>\nProduzir ou propiciar a produ\u00e7\u00e3o das bandeiras \u00e9 uma pr\u00e1tica muito merit\u00f3ria, e cada sanga, cada pessoa est\u00e1 convidada para participar. \u00c9 um momento raro e muito bonito! Que possam haver grandes quantidades para o Lama Samten aben\u00e7oar no <a href=\"http:\/\/www.cebb.org.br\/retiro-de-verao-2016\/\">retiro de ver\u00e3o<\/a>, em fevereiro!<br \/>\nSe voc\u00ea achar bom, repasse esse convite para sua sanga, amigos, facilitadores, nos grupos de Whatsapp, Facebook e email.<br \/>\nUma boa pr\u00e1tica para todos! Que muitos possam se beneficiar!<\/p>\n","protected":false},"excerpt":{"rendered":"<p>por Lama Padma Samten<\/p>","protected":false},"author":114,"featured_media":27264,"parent":0,"menu_order":0,"comment_status":"closed","ping_status":"open","template":"","meta":{"footnotes":""},"class_list":["post-27617","page","type-page","status-publish","has-post-thumbnail","hentry"],"yoast_head":"<!-- This site is optimized with the Yoast SEO plugin v27.6 - https:\/\/yoast.com\/product\/yoast-seo-wordpress\/ -->\n<title>Bandeiras da Vit\u00f3ria - Centro de Estudos Budistas Bodisatva<\/title>\n<meta name=\"description\" content=\"Aprenda a fazer as bandeiras dos cinco Diani Budas e de Guru Rinpoche.\" \/>\n<meta name=\"robots\" content=\"index, follow, max-snippet:-1, max-image-preview:large, max-video-preview:-1\" \/>\n<link rel=\"canonical\" href=\"https:\/\/cebb.org.br\/fr\/bandeiras-da-vitoria\/\" \/>\n<meta property=\"og:locale\" content=\"fr_FR\" \/>\n<meta property=\"og:type\" content=\"article\" \/>\n<meta property=\"og:title\" content=\"Bandeiras da Vit\u00f3ria - Centro de Estudos Budistas Bodisatva\" \/>\n<meta property=\"og:description\" content=\"Aprenda a fazer as bandeiras dos cinco Diani Budas e de Guru Rinpoche.\" \/>\n<meta property=\"og:url\" content=\"https:\/\/cebb.org.br\/fr\/bandeiras-da-vitoria\/\" \/>\n<meta property=\"og:site_name\" content=\"Centro de Estudos Budistas Bodisatva\" \/>\n<meta property=\"article:publisher\" content=\"https:\/\/pt-br.facebook.com\/cebb108\" \/>\n<meta property=\"og:image\" content=\"https:\/\/cebb.org.br\/wp-content\/uploads\/2016\/01\/12493896_10153340745796765_7700108501844297351_o.jpg\" \/>\n\t<meta property=\"og:image:width\" content=\"1500\" \/>\n\t<meta property=\"og:image:height\" content=\"1071\" \/>\n\t<meta property=\"og:image:type\" content=\"image\/jpeg\" \/>\n<meta name=\"twitter:card\" content=\"summary_large_image\" \/>\n<meta name=\"twitter:label1\" content=\"Dur\u00e9e de lecture estim\u00e9e\" \/>\n\t<meta name=\"twitter:data1\" content=\"5 minutes\" \/>\n<script type=\"application\/ld+json\" class=\"yoast-schema-graph\">{\"@context\":\"https:\\\/\\\/schema.org\",\"@graph\":[{\"@type\":\"WebPage\",\"@id\":\"https:\\\/\\\/cebb.org.br\\\/bandeiras-da-vitoria\\\/\",\"url\":\"https:\\\/\\\/cebb.org.br\\\/bandeiras-da-vitoria\\\/\",\"name\":\"Bandeiras da Vit\u00f3ria - Centro de Estudos Budistas Bodisatva\",\"isPartOf\":{\"@id\":\"https:\\\/\\\/cebb.org.br\\\/#website\"},\"primaryImageOfPage\":{\"@id\":\"https:\\\/\\\/cebb.org.br\\\/bandeiras-da-vitoria\\\/#primaryimage\"},\"image\":{\"@id\":\"https:\\\/\\\/cebb.org.br\\\/bandeiras-da-vitoria\\\/#primaryimage\"},\"thumbnailUrl\":\"https:\\\/\\\/cebb.org.br\\\/wp-content\\\/uploads\\\/2016\\\/01\\\/12493896_10153340745796765_7700108501844297351_o.jpg\",\"datePublished\":\"2016-01-25T00:04:02+00:00\",\"description\":\"Aprenda a fazer as bandeiras dos cinco Diani Budas e de Guru Rinpoche.\",\"breadcrumb\":{\"@id\":\"https:\\\/\\\/cebb.org.br\\\/bandeiras-da-vitoria\\\/#breadcrumb\"},\"inLanguage\":\"fr-FR\",\"potentialAction\":[{\"@type\":\"ReadAction\",\"target\":[\"https:\\\/\\\/cebb.org.br\\\/bandeiras-da-vitoria\\\/\"]}]},{\"@type\":\"ImageObject\",\"inLanguage\":\"fr-FR\",\"@id\":\"https:\\\/\\\/cebb.org.br\\\/bandeiras-da-vitoria\\\/#primaryimage\",\"url\":\"https:\\\/\\\/cebb.org.br\\\/wp-content\\\/uploads\\\/2016\\\/01\\\/12493896_10153340745796765_7700108501844297351_o.jpg\",\"contentUrl\":\"https:\\\/\\\/cebb.org.br\\\/wp-content\\\/uploads\\\/2016\\\/01\\\/12493896_10153340745796765_7700108501844297351_o.jpg\",\"width\":1500,\"height\":1071},{\"@type\":\"BreadcrumbList\",\"@id\":\"https:\\\/\\\/cebb.org.br\\\/bandeiras-da-vitoria\\\/#breadcrumb\",\"itemListElement\":[{\"@type\":\"ListItem\",\"position\":1,\"name\":\"Home\",\"item\":\"https:\\\/\\\/cebb.org.br\\\/\"},{\"@type\":\"ListItem\",\"position\":2,\"name\":\"Bandeiras da Vit\u00f3ria\"}]},{\"@type\":\"WebSite\",\"@id\":\"https:\\\/\\\/cebb.org.br\\\/#website\",\"url\":\"https:\\\/\\\/cebb.org.br\\\/\",\"name\":\"Centro de Estudos Budistas Bodisatva\",\"description\":\"Budismo, medita\u00e7\u00e3o e cultura de paz | Lama Padma Samten\",\"publisher\":{\"@id\":\"https:\\\/\\\/cebb.org.br\\\/#organization\"},\"potentialAction\":[{\"@type\":\"SearchAction\",\"target\":{\"@type\":\"EntryPoint\",\"urlTemplate\":\"https:\\\/\\\/cebb.org.br\\\/?s={search_term_string}\"},\"query-input\":{\"@type\":\"PropertyValueSpecification\",\"valueRequired\":true,\"valueName\":\"search_term_string\"}}],\"inLanguage\":\"fr-FR\"},{\"@type\":\"Organization\",\"@id\":\"https:\\\/\\\/cebb.org.br\\\/#organization\",\"name\":\"Centro de Estudos Budistas Bodisatva\",\"url\":\"https:\\\/\\\/cebb.org.br\\\/\",\"logo\":{\"@type\":\"ImageObject\",\"inLanguage\":\"fr-FR\",\"@id\":\"https:\\\/\\\/cebb.org.br\\\/#\\\/schema\\\/logo\\\/image\\\/\",\"url\":\"http:\\\/\\\/18.230.164.79\\\/wp-content\\\/uploads\\\/2011\\\/03\\\/logosalvador-peq-e1660064979551.jpg\",\"contentUrl\":\"http:\\\/\\\/18.230.164.79\\\/wp-content\\\/uploads\\\/2011\\\/03\\\/logosalvador-peq-e1660064979551.jpg\",\"width\":280,\"height\":231,\"caption\":\"Centro de Estudos Budistas Bodisatva\"},\"image\":{\"@id\":\"https:\\\/\\\/cebb.org.br\\\/#\\\/schema\\\/logo\\\/image\\\/\"},\"sameAs\":[\"https:\\\/\\\/pt-br.facebook.com\\\/cebb108\",\"https:\\\/\\\/www.instagram.com\\\/cebbcaminhodomeio\\\/\"]}]}<\/script>\n<!-- \/ Yoast SEO plugin. -->","yoast_head_json":{"title":"Bandeiras da Vit\u00f3ria - Centro de Estudos Budistas Bodisatva","description":"Aprenda a fazer as bandeiras dos cinco Diani Budas e de Guru Rinpoche.","robots":{"index":"index","follow":"follow","max-snippet":"max-snippet:-1","max-image-preview":"max-image-preview:large","max-video-preview":"max-video-preview:-1"},"canonical":"https:\/\/cebb.org.br\/fr\/bandeiras-da-vitoria\/","og_locale":"fr_FR","og_type":"article","og_title":"Bandeiras da Vit\u00f3ria - Centro de Estudos Budistas Bodisatva","og_description":"Aprenda a fazer as bandeiras dos cinco Diani Budas e de Guru Rinpoche.","og_url":"https:\/\/cebb.org.br\/fr\/bandeiras-da-vitoria\/","og_site_name":"Centro de Estudos Budistas Bodisatva","article_publisher":"https:\/\/pt-br.facebook.com\/cebb108","og_image":[{"width":1500,"height":1071,"url":"https:\/\/cebb.org.br\/wp-content\/uploads\/2016\/01\/12493896_10153340745796765_7700108501844297351_o.jpg","type":"image\/jpeg"}],"twitter_card":"summary_large_image","twitter_misc":{"Dur\u00e9e de lecture estim\u00e9e":"5 minutes"},"schema":{"@context":"https:\/\/schema.org","@graph":[{"@type":"WebPage","@id":"https:\/\/cebb.org.br\/bandeiras-da-vitoria\/","url":"https:\/\/cebb.org.br\/bandeiras-da-vitoria\/","name":"Bandeiras da Vit\u00f3ria - Centro de Estudos Budistas Bodisatva","isPartOf":{"@id":"https:\/\/cebb.org.br\/#website"},"primaryImageOfPage":{"@id":"https:\/\/cebb.org.br\/bandeiras-da-vitoria\/#primaryimage"},"image":{"@id":"https:\/\/cebb.org.br\/bandeiras-da-vitoria\/#primaryimage"},"thumbnailUrl":"https:\/\/cebb.org.br\/wp-content\/uploads\/2016\/01\/12493896_10153340745796765_7700108501844297351_o.jpg","datePublished":"2016-01-25T00:04:02+00:00","description":"Aprenda a fazer as bandeiras dos cinco Diani Budas e de Guru Rinpoche.","breadcrumb":{"@id":"https:\/\/cebb.org.br\/bandeiras-da-vitoria\/#breadcrumb"},"inLanguage":"fr-FR","potentialAction":[{"@type":"ReadAction","target":["https:\/\/cebb.org.br\/bandeiras-da-vitoria\/"]}]},{"@type":"ImageObject","inLanguage":"fr-FR","@id":"https:\/\/cebb.org.br\/bandeiras-da-vitoria\/#primaryimage","url":"https:\/\/cebb.org.br\/wp-content\/uploads\/2016\/01\/12493896_10153340745796765_7700108501844297351_o.jpg","contentUrl":"https:\/\/cebb.org.br\/wp-content\/uploads\/2016\/01\/12493896_10153340745796765_7700108501844297351_o.jpg","width":1500,"height":1071},{"@type":"BreadcrumbList","@id":"https:\/\/cebb.org.br\/bandeiras-da-vitoria\/#breadcrumb","itemListElement":[{"@type":"ListItem","position":1,"name":"Home","item":"https:\/\/cebb.org.br\/"},{"@type":"ListItem","position":2,"name":"Bandeiras da Vit\u00f3ria"}]},{"@type":"WebSite","@id":"https:\/\/cebb.org.br\/#website","url":"https:\/\/cebb.org.br\/","name":"Centre d\u2019\u00c9tudes Bouddhistes Bodisatva (CEBB)","description":"Budismo, medita\u00e7\u00e3o e cultura de paz | Lama Padma Samten","publisher":{"@id":"https:\/\/cebb.org.br\/#organization"},"potentialAction":[{"@type":"SearchAction","target":{"@type":"EntryPoint","urlTemplate":"https:\/\/cebb.org.br\/?s={search_term_string}"},"query-input":{"@type":"PropertyValueSpecification","valueRequired":true,"valueName":"search_term_string"}}],"inLanguage":"fr-FR"},{"@type":"Organization","@id":"https:\/\/cebb.org.br\/#organization","name":"Centre d\u2019\u00c9tudes Bouddhistes Bodisatva (CEBB)","url":"https:\/\/cebb.org.br\/","logo":{"@type":"ImageObject","inLanguage":"fr-FR","@id":"https:\/\/cebb.org.br\/#\/schema\/logo\/image\/","url":"http:\/\/18.230.164.79\/wp-content\/uploads\/2011\/03\/logosalvador-peq-e1660064979551.jpg","contentUrl":"http:\/\/18.230.164.79\/wp-content\/uploads\/2011\/03\/logosalvador-peq-e1660064979551.jpg","width":280,"height":231,"caption":"Centro de Estudos Budistas Bodisatva"},"image":{"@id":"https:\/\/cebb.org.br\/#\/schema\/logo\/image\/"},"sameAs":["https:\/\/pt-br.facebook.com\/cebb108","https:\/\/www.instagram.com\/cebbcaminhodomeio\/"]}]}},"_links":{"self":[{"href":"https:\/\/cebb.org.br\/fr\/wp-json\/wp\/v2\/pages\/27617","targetHints":{"allow":["GET"]}}],"collection":[{"href":"https:\/\/cebb.org.br\/fr\/wp-json\/wp\/v2\/pages"}],"about":[{"href":"https:\/\/cebb.org.br\/fr\/wp-json\/wp\/v2\/types\/page"}],"author":[{"embeddable":true,"href":"https:\/\/cebb.org.br\/fr\/wp-json\/wp\/v2\/users\/114"}],"replies":[{"embeddable":true,"href":"https:\/\/cebb.org.br\/fr\/wp-json\/wp\/v2\/comments?post=27617"}],"version-history":[{"count":0,"href":"https:\/\/cebb.org.br\/fr\/wp-json\/wp\/v2\/pages\/27617\/revisions"}],"wp:featuredmedia":[{"embeddable":true,"href":"https:\/\/cebb.org.br\/fr\/wp-json\/wp\/v2\/media\/27264"}],"wp:attachment":[{"href":"https:\/\/cebb.org.br\/fr\/wp-json\/wp\/v2\/media?parent=27617"}],"curies":[{"name":"wp","href":"https:\/\/api.w.org\/{rel}","templated":true}]}}