{"id":78984,"date":"2020-07-25T20:39:44","date_gmt":"2020-07-25T23:39:44","guid":{"rendered":"http:\/\/www.cebb.org.br\/?page_id=78984"},"modified":"2023-01-04T09:28:05","modified_gmt":"2023-01-04T12:28:05","slug":"preces","status":"publish","type":"page","link":"https:\/\/cebb.org.br\/fr\/preces\/","title":{"rendered":"Preces no In\u00edcio e no Fim dos Ensinamentos"},"content":{"rendered":"<p>Seguem aqui as preces recitadas no in\u00edcio e no fim dos ensinamentos com Lama Padma Samten.<br \/>\nCaso voc\u00ea queira acompanhar uma se\u00e7\u00e3o de acumula\u00e7\u00e3o do Prajnaparamita ou do Buda da Medicina, <a href=\"https:\/\/www.acaoparamita.com.br\/wp-content\/uploads\/2020\/06\/SADANA_CEBB2020_PrajnaeBudadaMedicina.pdf\">veja aqui<\/a>.<\/p>\n<h3># In\u00edcio dos Ensinamentos<\/h3>\n<p><a href=\"http:\/\/www.cebb.org.br\/wp-content\/uploads\/2020\/07\/Sete-Linhas-Refugio-e-Bodicita.jpg\"><img fetchpriority=\"high\" decoding=\"async\" class=\"alignnone wp-image-78989 size-large\" title=\"Sete Linhas Refugio e Bodicita\" src=\"https:\/\/cebb.org.br\/wp-content\/uploads\/2020\/07\/Sete-Linhas-Refugio-e-Bodicita-1024x884.jpg\" alt=\"\" width=\"1024\" height=\"884\" srcset=\"https:\/\/cebb.org.br\/wp-content\/uploads\/2020\/07\/Sete-Linhas-Refugio-e-Bodicita-1024x884.jpg 1024w, https:\/\/cebb.org.br\/wp-content\/uploads\/2020\/07\/Sete-Linhas-Refugio-e-Bodicita-300x259.jpg 300w, https:\/\/cebb.org.br\/wp-content\/uploads\/2020\/07\/Sete-Linhas-Refugio-e-Bodicita-768x663.jpg 768w, https:\/\/cebb.org.br\/wp-content\/uploads\/2020\/07\/Sete-Linhas-Refugio-e-Bodicita-1536x1326.jpg 1536w, https:\/\/cebb.org.br\/wp-content\/uploads\/2020\/07\/Sete-Linhas-Refugio-e-Bodicita.jpg 1638w\" sizes=\"(max-width: 1024px) 100vw, 1024px\" \/><\/a><\/p>\n<h3># Final dos Ensinamentos<\/h3>\n<p><a href=\"http:\/\/www.cebb.org.br\/wp-content\/uploads\/2020\/07\/Dedica\u00e7\u00e3o-de-M\u00e9ritos.jpg\"><img decoding=\"async\" class=\"alignnone wp-image-78990 size-large\" title=\"Dedica\u00e7\u00e3o de M\u00e9ritos\" src=\"https:\/\/cebb.org.br\/wp-content\/uploads\/2020\/07\/Dedicacao-de-Meritos-829x1024.jpg\" alt=\"\" width=\"829\" height=\"1024\" srcset=\"https:\/\/cebb.org.br\/wp-content\/uploads\/2020\/07\/Dedicacao-de-Meritos-829x1024.jpg 829w, https:\/\/cebb.org.br\/wp-content\/uploads\/2020\/07\/Dedicacao-de-Meritos-243x300.jpg 243w, https:\/\/cebb.org.br\/wp-content\/uploads\/2020\/07\/Dedicacao-de-Meritos-768x949.jpg 768w, https:\/\/cebb.org.br\/wp-content\/uploads\/2020\/07\/Dedicacao-de-Meritos-1243x1536.jpg 1243w, https:\/\/cebb.org.br\/wp-content\/uploads\/2020\/07\/Dedicacao-de-Meritos.jpg 1638w\" sizes=\"(max-width: 829px) 100vw, 829px\" \/><\/a><br \/>\n<a href=\"http:\/\/www.cebb.org.br\/wp-content\/uploads\/2020\/07\/Longa-Vida-1.jpg\"><img decoding=\"async\" class=\"alignnone wp-image-78987 size-large\" title=\"Longa Vida 1\" src=\"https:\/\/cebb.org.br\/wp-content\/uploads\/2020\/07\/Longa-Vida-1-810x1024.jpg\" alt=\"\" width=\"810\" height=\"1024\" srcset=\"https:\/\/cebb.org.br\/wp-content\/uploads\/2020\/07\/Longa-Vida-1-810x1024.jpg 810w, https:\/\/cebb.org.br\/wp-content\/uploads\/2020\/07\/Longa-Vida-1-237x300.jpg 237w, https:\/\/cebb.org.br\/wp-content\/uploads\/2020\/07\/Longa-Vida-1-768x971.jpg 768w, https:\/\/cebb.org.br\/wp-content\/uploads\/2020\/07\/Longa-Vida-1-1215x1536.jpg 1215w, https:\/\/cebb.org.br\/wp-content\/uploads\/2020\/07\/Longa-Vida-1-1620x2048.jpg 1620w, https:\/\/cebb.org.br\/wp-content\/uploads\/2020\/07\/Longa-Vida-1.jpg 1641w\" sizes=\"(max-width: 810px) 100vw, 810px\" \/><\/a><br \/>\n<a href=\"http:\/\/www.cebb.org.br\/wp-content\/uploads\/2020\/07\/Longa-Vida-2.jpg\"><img loading=\"lazy\" decoding=\"async\" class=\"alignnone wp-image-78988 size-large\" title=\"Longa Vida 2\" src=\"https:\/\/cebb.org.br\/wp-content\/uploads\/2020\/07\/Longa-Vida-2-829x1024.jpg\" alt=\"\" width=\"829\" height=\"1024\" srcset=\"https:\/\/cebb.org.br\/wp-content\/uploads\/2020\/07\/Longa-Vida-2-829x1024.jpg 829w, https:\/\/cebb.org.br\/wp-content\/uploads\/2020\/07\/Longa-Vida-2-243x300.jpg 243w, https:\/\/cebb.org.br\/wp-content\/uploads\/2020\/07\/Longa-Vida-2-768x949.jpg 768w, https:\/\/cebb.org.br\/wp-content\/uploads\/2020\/07\/Longa-Vida-2-1243x1536.jpg 1243w, https:\/\/cebb.org.br\/wp-content\/uploads\/2020\/07\/Longa-Vida-2.jpg 1639w\" sizes=\"(max-width: 829px) 100vw, 829px\" \/><\/a><\/p>","protected":false},"excerpt":{"rendered":"<p>Seguem aqui as preces recitadas no in\u00edcio e no fim dos ensinamentos com Lama Padma Samten. Caso voc\u00ea queira acompanhar uma se\u00e7\u00e3o de acumula\u00e7\u00e3o do Prajnaparamita ou do Buda da Medicina, veja aqui. # In\u00edcio dos Ensinamentos # Final dos Ensinamentos<\/p>","protected":false},"author":4,"featured_media":0,"parent":0,"menu_order":0,"comment_status":"closed","ping_status":"open","template":"","meta":{"footnotes":""},"class_list":["post-78984","page","type-page","status-publish","hentry"],"yoast_head":"<!-- This site is optimized with the Yoast SEO plugin v27.6 - https:\/\/yoast.com\/product\/yoast-seo-wordpress\/ -->\n<title>Preces no In\u00edcio e no Fim dos Ensinamentos - Centro de Estudos Budistas Bodisatva<\/title>\n<meta name=\"robots\" content=\"index, nofollow, max-snippet:-1, max-image-preview:large, max-video-preview:-1\" \/>\n<link rel=\"canonical\" href=\"https:\/\/cebb.org.br\/fr\/preces\/\" \/>\n<meta property=\"og:locale\" content=\"fr_FR\" \/>\n<meta property=\"og:type\" content=\"article\" \/>\n<meta property=\"og:title\" content=\"Preces no In\u00edcio e no Fim dos Ensinamentos - Centro de Estudos Budistas Bodisatva\" \/>\n<meta property=\"og:description\" content=\"Seguem aqui as preces recitadas no in\u00edcio e no fim dos ensinamentos com Lama Padma Samten. Caso voc\u00ea queira acompanhar uma se\u00e7\u00e3o de acumula\u00e7\u00e3o do Prajnaparamita ou do Buda da Medicina, veja aqui. # In\u00edcio dos Ensinamentos # Final dos Ensinamentos\" \/>\n<meta property=\"og:url\" content=\"https:\/\/cebb.org.br\/fr\/preces\/\" \/>\n<meta property=\"og:site_name\" content=\"Centro de Estudos Budistas Bodisatva\" \/>\n<meta property=\"article:publisher\" content=\"https:\/\/pt-br.facebook.com\/cebb108\" \/>\n<meta property=\"article:modified_time\" content=\"2023-01-04T12:28:05+00:00\" \/>\n<meta property=\"og:image\" content=\"https:\/\/cebb.org.br\/wp-content\/uploads\/2020\/07\/Sete-Linhas-Refugio-e-Bodicita-1024x884.jpg\" \/>\n<meta name=\"twitter:card\" content=\"summary_large_image\" \/>\n<meta name=\"twitter:label1\" content=\"Dur\u00e9e de lecture estim\u00e9e\" \/>\n\t<meta name=\"twitter:data1\" content=\"2 minutes\" \/>\n<script type=\"application\/ld+json\" class=\"yoast-schema-graph\">{\"@context\":\"https:\\\/\\\/schema.org\",\"@graph\":[{\"@type\":\"WebPage\",\"@id\":\"https:\\\/\\\/cebb.org.br\\\/preces\\\/\",\"url\":\"https:\\\/\\\/cebb.org.br\\\/preces\\\/\",\"name\":\"Preces no In\u00edcio e no Fim dos Ensinamentos - Centro de Estudos Budistas Bodisatva\",\"isPartOf\":{\"@id\":\"https:\\\/\\\/cebb.org.br\\\/#website\"},\"primaryImageOfPage\":{\"@id\":\"https:\\\/\\\/cebb.org.br\\\/preces\\\/#primaryimage\"},\"image\":{\"@id\":\"https:\\\/\\\/cebb.org.br\\\/preces\\\/#primaryimage\"},\"thumbnailUrl\":\"https:\\\/\\\/cebb.org.br\\\/wp-content\\\/uploads\\\/2020\\\/07\\\/Sete-Linhas-Refugio-e-Bodicita-1024x884.jpg\",\"datePublished\":\"2020-07-25T23:39:44+00:00\",\"dateModified\":\"2023-01-04T12:28:05+00:00\",\"breadcrumb\":{\"@id\":\"https:\\\/\\\/cebb.org.br\\\/preces\\\/#breadcrumb\"},\"inLanguage\":\"fr-FR\",\"potentialAction\":[{\"@type\":\"ReadAction\",\"target\":[\"https:\\\/\\\/cebb.org.br\\\/preces\\\/\"]}]},{\"@type\":\"ImageObject\",\"inLanguage\":\"fr-FR\",\"@id\":\"https:\\\/\\\/cebb.org.br\\\/preces\\\/#primaryimage\",\"url\":\"https:\\\/\\\/cebb.org.br\\\/wp-content\\\/uploads\\\/2020\\\/07\\\/Sete-Linhas-Refugio-e-Bodicita-1024x884.jpg\",\"contentUrl\":\"https:\\\/\\\/cebb.org.br\\\/wp-content\\\/uploads\\\/2020\\\/07\\\/Sete-Linhas-Refugio-e-Bodicita-1024x884.jpg\"},{\"@type\":\"BreadcrumbList\",\"@id\":\"https:\\\/\\\/cebb.org.br\\\/preces\\\/#breadcrumb\",\"itemListElement\":[{\"@type\":\"ListItem\",\"position\":1,\"name\":\"Home\",\"item\":\"https:\\\/\\\/cebb.org.br\\\/\"},{\"@type\":\"ListItem\",\"position\":2,\"name\":\"Preces no In\u00edcio e no Fim dos Ensinamentos\"}]},{\"@type\":\"WebSite\",\"@id\":\"https:\\\/\\\/cebb.org.br\\\/#website\",\"url\":\"https:\\\/\\\/cebb.org.br\\\/\",\"name\":\"Centro de Estudos Budistas Bodisatva\",\"description\":\"Budismo, medita\u00e7\u00e3o e cultura de paz | Lama Padma Samten\",\"publisher\":{\"@id\":\"https:\\\/\\\/cebb.org.br\\\/#organization\"},\"potentialAction\":[{\"@type\":\"SearchAction\",\"target\":{\"@type\":\"EntryPoint\",\"urlTemplate\":\"https:\\\/\\\/cebb.org.br\\\/?s={search_term_string}\"},\"query-input\":{\"@type\":\"PropertyValueSpecification\",\"valueRequired\":true,\"valueName\":\"search_term_string\"}}],\"inLanguage\":\"fr-FR\"},{\"@type\":\"Organization\",\"@id\":\"https:\\\/\\\/cebb.org.br\\\/#organization\",\"name\":\"Centro de Estudos Budistas Bodisatva\",\"url\":\"https:\\\/\\\/cebb.org.br\\\/\",\"logo\":{\"@type\":\"ImageObject\",\"inLanguage\":\"fr-FR\",\"@id\":\"https:\\\/\\\/cebb.org.br\\\/#\\\/schema\\\/logo\\\/image\\\/\",\"url\":\"http:\\\/\\\/18.230.164.79\\\/wp-content\\\/uploads\\\/2011\\\/03\\\/logosalvador-peq-e1660064979551.jpg\",\"contentUrl\":\"http:\\\/\\\/18.230.164.79\\\/wp-content\\\/uploads\\\/2011\\\/03\\\/logosalvador-peq-e1660064979551.jpg\",\"width\":280,\"height\":231,\"caption\":\"Centro de Estudos Budistas Bodisatva\"},\"image\":{\"@id\":\"https:\\\/\\\/cebb.org.br\\\/#\\\/schema\\\/logo\\\/image\\\/\"},\"sameAs\":[\"https:\\\/\\\/pt-br.facebook.com\\\/cebb108\",\"https:\\\/\\\/www.instagram.com\\\/cebbcaminhodomeio\\\/\"]}]}<\/script>\n<!-- \/ Yoast SEO plugin. -->","yoast_head_json":{"title":"Preces no In\u00edcio e no Fim dos Ensinamentos - Centro de Estudos Budistas Bodisatva","robots":{"index":"index","follow":"nofollow","max-snippet":"max-snippet:-1","max-image-preview":"max-image-preview:large","max-video-preview":"max-video-preview:-1"},"canonical":"https:\/\/cebb.org.br\/fr\/preces\/","og_locale":"fr_FR","og_type":"article","og_title":"Preces no In\u00edcio e no Fim dos Ensinamentos - Centro de Estudos Budistas Bodisatva","og_description":"Seguem aqui as preces recitadas no in\u00edcio e no fim dos ensinamentos com Lama Padma Samten. Caso voc\u00ea queira acompanhar uma se\u00e7\u00e3o de acumula\u00e7\u00e3o do Prajnaparamita ou do Buda da Medicina, veja aqui. # In\u00edcio dos Ensinamentos # Final dos Ensinamentos","og_url":"https:\/\/cebb.org.br\/fr\/preces\/","og_site_name":"Centro de Estudos Budistas Bodisatva","article_publisher":"https:\/\/pt-br.facebook.com\/cebb108","article_modified_time":"2023-01-04T12:28:05+00:00","og_image":[{"url":"https:\/\/cebb.org.br\/wp-content\/uploads\/2020\/07\/Sete-Linhas-Refugio-e-Bodicita-1024x884.jpg","type":"","width":"","height":""}],"twitter_card":"summary_large_image","twitter_misc":{"Dur\u00e9e de lecture estim\u00e9e":"2 minutes"},"schema":{"@context":"https:\/\/schema.org","@graph":[{"@type":"WebPage","@id":"https:\/\/cebb.org.br\/preces\/","url":"https:\/\/cebb.org.br\/preces\/","name":"Preces no In\u00edcio e no Fim dos Ensinamentos - Centro de Estudos Budistas Bodisatva","isPartOf":{"@id":"https:\/\/cebb.org.br\/#website"},"primaryImageOfPage":{"@id":"https:\/\/cebb.org.br\/preces\/#primaryimage"},"image":{"@id":"https:\/\/cebb.org.br\/preces\/#primaryimage"},"thumbnailUrl":"https:\/\/cebb.org.br\/wp-content\/uploads\/2020\/07\/Sete-Linhas-Refugio-e-Bodicita-1024x884.jpg","datePublished":"2020-07-25T23:39:44+00:00","dateModified":"2023-01-04T12:28:05+00:00","breadcrumb":{"@id":"https:\/\/cebb.org.br\/preces\/#breadcrumb"},"inLanguage":"fr-FR","potentialAction":[{"@type":"ReadAction","target":["https:\/\/cebb.org.br\/preces\/"]}]},{"@type":"ImageObject","inLanguage":"fr-FR","@id":"https:\/\/cebb.org.br\/preces\/#primaryimage","url":"https:\/\/cebb.org.br\/wp-content\/uploads\/2020\/07\/Sete-Linhas-Refugio-e-Bodicita-1024x884.jpg","contentUrl":"https:\/\/cebb.org.br\/wp-content\/uploads\/2020\/07\/Sete-Linhas-Refugio-e-Bodicita-1024x884.jpg"},{"@type":"BreadcrumbList","@id":"https:\/\/cebb.org.br\/preces\/#breadcrumb","itemListElement":[{"@type":"ListItem","position":1,"name":"Home","item":"https:\/\/cebb.org.br\/"},{"@type":"ListItem","position":2,"name":"Preces no In\u00edcio e no Fim dos Ensinamentos"}]},{"@type":"WebSite","@id":"https:\/\/cebb.org.br\/#website","url":"https:\/\/cebb.org.br\/","name":"Centre d\u2019\u00c9tudes Bouddhistes Bodisatva (CEBB)","description":"Budismo, medita\u00e7\u00e3o e cultura de paz | Lama Padma Samten","publisher":{"@id":"https:\/\/cebb.org.br\/#organization"},"potentialAction":[{"@type":"SearchAction","target":{"@type":"EntryPoint","urlTemplate":"https:\/\/cebb.org.br\/?s={search_term_string}"},"query-input":{"@type":"PropertyValueSpecification","valueRequired":true,"valueName":"search_term_string"}}],"inLanguage":"fr-FR"},{"@type":"Organization","@id":"https:\/\/cebb.org.br\/#organization","name":"Centre d\u2019\u00c9tudes Bouddhistes Bodisatva (CEBB)","url":"https:\/\/cebb.org.br\/","logo":{"@type":"ImageObject","inLanguage":"fr-FR","@id":"https:\/\/cebb.org.br\/#\/schema\/logo\/image\/","url":"http:\/\/18.230.164.79\/wp-content\/uploads\/2011\/03\/logosalvador-peq-e1660064979551.jpg","contentUrl":"http:\/\/18.230.164.79\/wp-content\/uploads\/2011\/03\/logosalvador-peq-e1660064979551.jpg","width":280,"height":231,"caption":"Centro de Estudos Budistas Bodisatva"},"image":{"@id":"https:\/\/cebb.org.br\/#\/schema\/logo\/image\/"},"sameAs":["https:\/\/pt-br.facebook.com\/cebb108","https:\/\/www.instagram.com\/cebbcaminhodomeio\/"]}]}},"_links":{"self":[{"href":"https:\/\/cebb.org.br\/fr\/wp-json\/wp\/v2\/pages\/78984","targetHints":{"allow":["GET"]}}],"collection":[{"href":"https:\/\/cebb.org.br\/fr\/wp-json\/wp\/v2\/pages"}],"about":[{"href":"https:\/\/cebb.org.br\/fr\/wp-json\/wp\/v2\/types\/page"}],"author":[{"embeddable":true,"href":"https:\/\/cebb.org.br\/fr\/wp-json\/wp\/v2\/users\/4"}],"replies":[{"embeddable":true,"href":"https:\/\/cebb.org.br\/fr\/wp-json\/wp\/v2\/comments?post=78984"}],"version-history":[{"count":1,"href":"https:\/\/cebb.org.br\/fr\/wp-json\/wp\/v2\/pages\/78984\/revisions"}],"predecessor-version":[{"id":94494,"href":"https:\/\/cebb.org.br\/fr\/wp-json\/wp\/v2\/pages\/78984\/revisions\/94494"}],"wp:attachment":[{"href":"https:\/\/cebb.org.br\/fr\/wp-json\/wp\/v2\/media?parent=78984"}],"curies":[{"name":"wp","href":"https:\/\/api.w.org\/{rel}","templated":true}]}}