{"id":81571,"date":"2020-12-22T10:01:07","date_gmt":"2020-12-22T13:01:07","guid":{"rendered":"http:\/\/www.cebb.org.br\/?page_id=81571"},"modified":"2024-04-30T18:43:11","modified_gmt":"2024-04-30T21:43:11","slug":"bacopari-18-a-31-pagina-de-acompanhamento","status":"publish","type":"page","link":"https:\/\/cebb.org.br\/fr\/bacopari-18-a-31-pagina-de-acompanhamento\/","title":{"rendered":"Bacopari (18 a 31 de janeiro) &#8211; P\u00e1gina de Acompanhamento"},"content":{"rendered":"<p>Ensinamentos com Lama Padma Samten no <strong>Retiro Online: Experi\u00eancia Sensorial Cotidiana na Perspectiva da Ilumina\u00e7\u00e3o da Sabedoria Primordial<\/strong>, transmitido ao vivo de 18 a 31 de janeiro de 2021. Aqui voc\u00ea encontra as grava\u00e7\u00f5es de todas as sess\u00f5es, que permanecer\u00e3o dispon\u00edveis para inscritos &#8211; <a href=\"http:\/\/www.cebb.org.br\/verao-2021\/\">mesmo os que se inscreverem depois do retiro ter terminado<\/a>.<\/p>\n<div class=\"destaq\"><strong> \u00b7 IMPORTANTE \u00b7 <\/strong> Por favor, n\u00e3o compartilhe esta p\u00e1gina, v\u00eddeos, links ou documentos aqui listados. Cada praticante aproveita melhor os ensinamentos quando manifesta interesse e se alegra em apoiar o movimento dos mestres. Se quiser compartilhar a alegria deste retiro com mais pessoas, convide-as a <a href=\"https:\/\/docs.google.com\/forms\/d\/e\/1FAIpQLSeK5eten-saYTDuPjqbaYtnVscksuPxd2yxp1Er0sT03pe1BA\/viewform\" target=\"_blank\" rel=\"noopener\">tamb\u00e9m fazer a inscri\u00e7\u00e3o<\/a>, mesmo ap\u00f3s o retiro.<\/div>\n<h3>Sess\u00f5es anteriores<\/h3>\n<p>Veja abaixo a playlist completa deste retiro.<\/p>\n<div class=\"livelama-video-container\"><iframe src=\"https:\/\/www.youtube.com\/embed\/playlist?list=PLO_7Zoueaxd55nh3gwoSMCv4eRQxBLw9N\" width=\"100%\" height=\"auto\" frameborder=\"0\" allowfullscreen=\"allowfullscreen\"><\/iframe><\/div>\n[button link=&#8221;https:\/\/docs.google.com\/forms\/d\/e\/1FAIpQLSf2I0g_wOV1PlFGzD67pO-VKM2ALWpzAM2299DTv4QlGbb0MQ\/viewform&#8221; size=&#8221;medium&#8221; target=&#8221;_blank&#8221;]Envie sua pergunta ao Lama[\/button]\n[button link=&#8221;http:\/\/www.cebb.org.br\/preces\/&#8221; size=&#8221;medium&#8221; target=&#8221;_blank&#8221;]Preces iniciais e finais[\/button]\n[button link=&#8221;https:\/\/www.youtube.com\/playlist?list=PLO_7Zoueaxd55nh3gwoSMCv4eRQxBLw9N&#8221; size=&#8221;medium&#8221; target=&#8221;_blank&#8221;]Playlist Completa[\/button]\n<h3>Lista de sess\u00f5es<\/h3>\n<blockquote><p><strong>Segunda | 18\/01\/21<\/strong><br \/>\n\u00b7 9h \u00e0s 11h | Ensinamentos da Manh\u00e3 \u00b7 <a href=\"https:\/\/youtu.be\/K2bXsQ8THOs\">Sess\u00e3o #1<\/a><br \/>\n\u00b7 15h \u00e0s 17h | <em>Pr\u00e1tica Silenciosa \u00e0 Tarde<\/em><br \/>\n\u00b7 19h \u00e0s 20h30 | Puja, Acumula\u00e7\u00e3o, Perguntas \u00b7 <a href=\"https:\/\/youtu.be\/TXiDfH2kkQw\">Sess\u00e3o #2<\/a><br \/>\n<strong>Ter\u00e7a | 19\/01\/21<\/strong><br \/>\n\u00b7 9h \u00e0s 11h | Ensinamentos da Manh\u00e3 \u00b7 <a href=\"https:\/\/youtu.be\/-OiLp1LDyes\">Sess\u00e3o #3<\/a><br \/>\n\u00b7 15h \u00e0s 17h | <em>Pr\u00e1tica Silenciosa \u00e0 Tarde<\/em><br \/>\n\u00b7 19h \u00e0s 20h30 | Puja, Acumula\u00e7\u00e3o, Perguntas \u00b7 <a href=\"https:\/\/youtu.be\/23mqpQnqVMg\">Sess\u00e3o #4<\/a><br \/>\n<strong>Quarta | 20\/01\/21<\/strong><br \/>\n\u00b7 9h \u00e0s 11h | Ensinamentos da Manh\u00e3 \u00b7 <a href=\"https:\/\/youtu.be\/yuL8c8DYNXw\">Sess\u00e3o #5<\/a><br \/>\n\u00b7 15h \u00e0s 17h | <em>Pr\u00e1tica Silenciosa \u00e0 Tarde<\/em><br \/>\n\u00b7 19h \u00e0s 20h30 | Puja, Acumula\u00e7\u00e3o, Perguntas \u00b7 <a href=\"https:\/\/youtu.be\/qj9R-HLDDYE\">Sess\u00e3o #6<\/a><br \/>\n<strong>Quinta | 21\/01\/21<\/strong><br \/>\n\u00b7 9h \u00e0s 11h | <em>Pr\u00e1tica Silenciosa pela Manh\u00e3<\/em><br \/>\n\u00b7 15h \u00e0s 17h | <em>Pr\u00e1tica Silenciosa \u00e0 Tarde<\/em><br \/>\n\u00b7 19h \u00e0s 20h30 | Puja, Acumula\u00e7\u00e3o, Perguntas \u00b7 <a href=\"https:\/\/youtu.be\/y1ekQ_AdltI\">Sess\u00e3o #8<\/a><br \/>\n<strong>Sexta | 22\/01\/21<\/strong><br \/>\n\u00b7 9h \u00e0s 11h | Ensinamentos da Manh\u00e3 \u00b7 <a href=\"https:\/\/youtu.be\/fA-d1Ynp2EQ\">Sess\u00e3o #9<\/a><br \/>\n\u00b7 15h \u00e0s 17h | <em>Pr\u00e1tica Silenciosa \u00e0 Tarde<\/em><br \/>\n\u00b7 19h \u00e0s 20h30 | Puja, Acumula\u00e7\u00e3o, Perguntas \u00b7 <a href=\"https:\/\/youtu.be\/-QoMLZhBGNw\">Sess\u00e3o #10<\/a><br \/>\n<strong>S\u00e1bado | 23\/01\/21<\/strong><br \/>\n\u00b7 9h \u00e0s 11h | Ensinamentos da Manh\u00e3 \u00b7 <a href=\"https:\/\/youtu.be\/UmeP1JJj3ik\">Sess\u00e3o #11<\/a><br \/>\n\u00b7 15h \u00e0s 17h | <em>Pr\u00e1tica Silenciosa \u00e0 Tarde<\/em><br \/>\n\u00b7 19h \u00e0s 20h30 | Puja, Acumula\u00e7\u00e3o, Perguntas \u00b7 <a href=\"https:\/\/youtu.be\/918XPW9mNk4\">Sess\u00e3o #12<\/a><br \/>\n<strong>Domingo | 24\/01\/21<\/strong><br \/>\n\u00b7 9h \u00e0s 11h | Ensinamentos da Manh\u00e3 \u00b7 <a href=\"https:\/\/youtu.be\/JUfDQT0_2LA\">Sess\u00e3o #13<\/a><br \/>\n\u00b7 15h \u00e0s 17h | <em>Pr\u00e1tica Silenciosa \u00e0 Tarde<\/em><br \/>\n\u00b7 19h \u00e0s 20h30 | Puja, Acumula\u00e7\u00e3o, Perguntas \u00b7 <a href=\"https:\/\/youtu.be\/JCAEtXJ42SA\">Sess\u00e3o #14<\/a><br \/>\n<strong>Segunda | 25\/01\/21<\/strong><br \/>\n\u00b7 9h \u00e0s 11h | Ensinamentos da Manh\u00e3 \u00b7 <a href=\"https:\/\/youtu.be\/6LObHWSb86g\">Sess\u00e3o #15<\/a><br \/>\n\u00b7 15h \u00e0s 17h | <em>Pr\u00e1tica Silenciosa \u00e0 Tarde<\/em><br \/>\n\u00b7 19h \u00e0s 20h30 | Puja, Acumula\u00e7\u00e3o, Perguntas \u00b7 <a href=\"https:\/\/youtu.be\/3ZfoxtGsO3U\">Sess\u00e3o #16<\/a><br \/>\n<strong>Ter\u00e7a | 26\/01\/21<\/strong><br \/>\n\u00b7 9h \u00e0s 11h | Ensinamentos da Manh\u00e3 \u00b7 <a href=\"https:\/\/youtu.be\/AH3mEN0jRPs\">Sess\u00e3o #17<\/a><br \/>\n\u00b7 15h \u00e0s 17h | <em>Pr\u00e1tica Silenciosa \u00e0 Tarde<\/em><br \/>\n\u00b7 19h \u00e0s 20h30 | Puja, Acumula\u00e7\u00e3o, Perguntas \u00b7 <a href=\"https:\/\/youtu.be\/JzX4EF-PssU\">Sess\u00e3o #18<\/a><br \/>\n<strong>Quarta | 27\/01\/21<\/strong><br \/>\n\u00b7 9h \u00e0s 11h | Ensinamentos da Manh\u00e3 \u00b7 <a href=\"https:\/\/youtu.be\/uKv57ThJsPY\">Sess\u00e3o #19<\/a><br \/>\n\u00b7 15h \u00e0s 17h | <em>Pr\u00e1tica Silenciosa \u00e0 Tarde<\/em><br \/>\n\u00b7 19h \u00e0s 20h30 | Puja, Acumula\u00e7\u00e3o, Perguntas \u00b7 <a href=\"https:\/\/youtu.be\/okByZzAnhxk\">Sess\u00e3o #20<\/a><br \/>\n<strong>Quinta | 28\/01\/21<\/strong><br \/>\n\u00b7 9h \u00e0s 11h | Ensinamentos da Manh\u00e3 \u00b7 <a href=\"https:\/\/youtu.be\/4_t22vlTP-Q\">Sess\u00e3o #21<\/a><br \/>\n\u00b7 15h \u00e0s 17h | <em>Pr\u00e1tica Silenciosa \u00e0 Tarde<\/em><br \/>\n\u00b7 19h \u00e0s 20h30 | Puja, Acumula\u00e7\u00e3o, Perguntas \u00b7 <a href=\"https:\/\/youtu.be\/9ev1CjBy8ho\">Sess\u00e3o #22<\/a><br \/>\n<strong>Sexta | 29\/01\/21<\/strong><br \/>\n\u00b7 9h \u00e0s 11h | <em>Pr\u00e1tica Silenciosa pela Manh\u00e3<\/em><br \/>\n\u00b7 15h \u00e0s 17h | <em>Pr\u00e1tica Silenciosa \u00e0 Tarde<\/em><br \/>\n\u00b7 19h \u00e0s 20h30 | Puja, Acumula\u00e7\u00e3o, Perguntas \u00b7 <a href=\"https:\/\/youtu.be\/vPNrVLvEp3E\">Sess\u00e3o #24<\/a><br \/>\n<strong>S\u00e1bado | 30\/01\/21<\/strong><br \/>\n\u00b7 9h \u00e0s 11h | Ensinamentos da Manh\u00e3 \u00b7 <a href=\"https:\/\/youtu.be\/-_-uKi3YYIA\">Sess\u00e3o #25<\/a><br \/>\n\u00b7 15h \u00e0s 17h | <em>Pr\u00e1tica Silenciosa \u00e0 Tarde<\/em><br \/>\n\u00b7 19h \u00e0s 20h30 | Puja, Acumula\u00e7\u00e3o, Perguntas \u00b7 <a href=\"https:\/\/youtu.be\/XDHjxVb4_aU\">Sess\u00e3o #26<\/a><br \/>\n<strong>Domingo | 31\/01\/21<\/strong><br \/>\n\u00b7 10h \u00e0s 12h | Encerramento \u00b7 <a href=\"https:\/\/youtu.be\/n9tXS5m96d8\">Sess\u00e3o #27<\/a><\/p>\n<h3>Pr\u00e1tica de Generosidade<\/h3>\n<p><strong>Sua inscri\u00e7\u00e3o e participa\u00e7\u00e3o independe de contribui\u00e7\u00e3o financeira. Caso aspire e lhe seja poss\u00edvel contribuir, sinta-se livre para definir o valor.<\/strong><br \/>\nSua contribui\u00e7\u00e3o apoiar\u00e1 o projeto de constru\u00e7\u00e3o do templo principal e das \u00e1reas de retiro fechado do <a href=\"http:\/\/www.cebb.org.br\/centros\/rs\/bacopari\/\" target=\"_blank\" rel=\"noopener\">CEBB Bacopari<\/a>, um conjunto de constru\u00e7\u00f5es destinadas a apoiar retiros m\u00e9dios e longos para o aprofundamento das pr\u00e1ticas de vis\u00e3o, medita\u00e7\u00e3o e a\u00e7\u00e3o l\u00facida sob a orienta\u00e7\u00e3o presencial do Lama.<br \/>\nA pr\u00e1tica da Dana Paramita \u2013 perfei\u00e7\u00e3o da generosidade \u2013 torna poss\u00edvel a continuidade dos ensinamentos desde os tempos do Buda. As seis paramitas \u2013 generosidade, moralidade, paz, energia constante, concentra\u00e7\u00e3o e sabedoria \u2013 inspiram a pr\u00e1tica e s\u00e3o a base geradora e sustentadora dos centros de estudos, medita\u00e7\u00e3o, acolhimento e das iniciativas de educa\u00e7\u00e3o, prote\u00e7\u00e3o ambiental, Terras Puras e Cultura de Paz da Sanga CEBB.<br \/>\nPara contribui\u00e7\u00f5es de dentro do Brasil, os dados banc\u00e1rios para doa\u00e7\u00e3o s\u00e3o:<\/p>\n<blockquote><p>Banco do Brasil (001)<br \/>\nA\u00e7\u00e3o Paramita Ensino Budista<br \/>\nCnpj: 34.079.867\/0001-04.<br \/>\nAg\u00eancia 0628-9<br \/>\nConta corrente 108999-4<br \/>\nC\u00d3DIGO PIX &#8211; 34079867000104<\/p><\/blockquote>\n<p>Para contribui\u00e7\u00f5es de fora do Brasil, entre em contato com <strong>cebbcm@gmail.com<\/strong>.<\/p>\n<h3>Contato<\/h3>\n<p>Se tiver d\u00favidas, conte conosco: <strong>cebbcm@gmail.com<\/strong>.<\/p><\/blockquote>\n","protected":false},"excerpt":{"rendered":"<p>Ensinamentos com Lama Padma Samten no Retiro Online: Experi\u00eancia Sensorial Cotidiana na Perspectiva da Ilumina\u00e7\u00e3o da Sabedoria Primordial, transmitido ao vivo de 18 a 31 de janeiro de 2021. Aqui voc\u00ea encontra as grava\u00e7\u00f5es de todas as sess\u00f5es, que permanecer\u00e3o dispon\u00edveis para inscritos &#8211; mesmo os que se inscreverem depois do retiro ter terminado. \u00b7 [&hellip;]<\/p>\n","protected":false},"author":4,"featured_media":0,"parent":0,"menu_order":0,"comment_status":"closed","ping_status":"open","template":"","meta":{"footnotes":""},"class_list":["post-81571","page","type-page","status-publish","hentry"],"yoast_head":"<!-- This site is optimized with the Yoast SEO plugin v27.5 - https:\/\/yoast.com\/product\/yoast-seo-wordpress\/ -->\n<title>Bacopari (18 a 31 de janeiro) - P\u00e1gina de Acompanhamento - Centro de Estudos Budistas Bodisatva<\/title>\n<meta name=\"robots\" content=\"noindex, nofollow\" \/>\n<meta property=\"og:locale\" content=\"fr_FR\" \/>\n<meta property=\"og:type\" content=\"article\" \/>\n<meta property=\"og:title\" content=\"Bacopari (18 a 31 de janeiro) - P\u00e1gina de Acompanhamento - Centro de Estudos Budistas Bodisatva\" \/>\n<meta property=\"og:description\" content=\"Ensinamentos com Lama Padma Samten no Retiro Online: Experi\u00eancia Sensorial Cotidiana na Perspectiva da Ilumina\u00e7\u00e3o da Sabedoria Primordial, transmitido ao vivo de 18 a 31 de janeiro de 2021. Aqui voc\u00ea encontra as grava\u00e7\u00f5es de todas as sess\u00f5es, que permanecer\u00e3o dispon\u00edveis para inscritos &#8211; mesmo os que se inscreverem depois do retiro ter terminado. \u00b7 [&hellip;]\" \/>\n<meta property=\"og:url\" content=\"https:\/\/cebb.org.br\/fr\/bacopari-18-a-31-pagina-de-acompanhamento\/\" \/>\n<meta property=\"og:site_name\" content=\"Centro de Estudos Budistas Bodisatva\" \/>\n<meta property=\"article:publisher\" content=\"https:\/\/pt-br.facebook.com\/cebb108\" \/>\n<meta property=\"article:modified_time\" content=\"2024-04-30T21:43:11+00:00\" \/>\n<meta name=\"twitter:card\" content=\"summary_large_image\" \/>\n<meta name=\"twitter:label1\" content=\"Dur\u00e9e de lecture estim\u00e9e\" \/>\n\t<meta name=\"twitter:data1\" content=\"5 minutes\" \/>\n<script type=\"application\/ld+json\" class=\"yoast-schema-graph\">{\"@context\":\"https:\\\/\\\/schema.org\",\"@graph\":[{\"@type\":\"WebPage\",\"@id\":\"https:\\\/\\\/cebb.org.br\\\/bacopari-18-a-31-pagina-de-acompanhamento\\\/\",\"url\":\"https:\\\/\\\/cebb.org.br\\\/bacopari-18-a-31-pagina-de-acompanhamento\\\/\",\"name\":\"Bacopari (18 a 31 de janeiro) - P\u00e1gina de Acompanhamento - Centro de Estudos Budistas Bodisatva\",\"isPartOf\":{\"@id\":\"https:\\\/\\\/cebb.org.br\\\/#website\"},\"datePublished\":\"2020-12-22T13:01:07+00:00\",\"dateModified\":\"2024-04-30T21:43:11+00:00\",\"breadcrumb\":{\"@id\":\"https:\\\/\\\/cebb.org.br\\\/bacopari-18-a-31-pagina-de-acompanhamento\\\/#breadcrumb\"},\"inLanguage\":\"fr-FR\",\"potentialAction\":[{\"@type\":\"ReadAction\",\"target\":[\"https:\\\/\\\/cebb.org.br\\\/bacopari-18-a-31-pagina-de-acompanhamento\\\/\"]}]},{\"@type\":\"BreadcrumbList\",\"@id\":\"https:\\\/\\\/cebb.org.br\\\/bacopari-18-a-31-pagina-de-acompanhamento\\\/#breadcrumb\",\"itemListElement\":[{\"@type\":\"ListItem\",\"position\":1,\"name\":\"Home\",\"item\":\"https:\\\/\\\/cebb.org.br\\\/\"},{\"@type\":\"ListItem\",\"position\":2,\"name\":\"Bacopari (18 a 31 de janeiro) &#8211; P\u00e1gina de Acompanhamento\"}]},{\"@type\":\"WebSite\",\"@id\":\"https:\\\/\\\/cebb.org.br\\\/#website\",\"url\":\"https:\\\/\\\/cebb.org.br\\\/\",\"name\":\"Centro de Estudos Budistas Bodisatva\",\"description\":\"Budismo, medita\u00e7\u00e3o e cultura de paz | Lama Padma Samten\",\"publisher\":{\"@id\":\"https:\\\/\\\/cebb.org.br\\\/#organization\"},\"potentialAction\":[{\"@type\":\"SearchAction\",\"target\":{\"@type\":\"EntryPoint\",\"urlTemplate\":\"https:\\\/\\\/cebb.org.br\\\/?s={search_term_string}\"},\"query-input\":{\"@type\":\"PropertyValueSpecification\",\"valueRequired\":true,\"valueName\":\"search_term_string\"}}],\"inLanguage\":\"fr-FR\"},{\"@type\":\"Organization\",\"@id\":\"https:\\\/\\\/cebb.org.br\\\/#organization\",\"name\":\"Centro de Estudos Budistas Bodisatva\",\"url\":\"https:\\\/\\\/cebb.org.br\\\/\",\"logo\":{\"@type\":\"ImageObject\",\"inLanguage\":\"fr-FR\",\"@id\":\"https:\\\/\\\/cebb.org.br\\\/#\\\/schema\\\/logo\\\/image\\\/\",\"url\":\"http:\\\/\\\/18.230.164.79\\\/wp-content\\\/uploads\\\/2011\\\/03\\\/logosalvador-peq-e1660064979551.jpg\",\"contentUrl\":\"http:\\\/\\\/18.230.164.79\\\/wp-content\\\/uploads\\\/2011\\\/03\\\/logosalvador-peq-e1660064979551.jpg\",\"width\":280,\"height\":231,\"caption\":\"Centro de Estudos Budistas Bodisatva\"},\"image\":{\"@id\":\"https:\\\/\\\/cebb.org.br\\\/#\\\/schema\\\/logo\\\/image\\\/\"},\"sameAs\":[\"https:\\\/\\\/pt-br.facebook.com\\\/cebb108\",\"https:\\\/\\\/www.instagram.com\\\/cebbcaminhodomeio\\\/\"]}]}<\/script>\n<!-- \/ Yoast SEO plugin. -->","yoast_head_json":{"title":"Bacopari (18 a 31 de janeiro) - P\u00e1gina de Acompanhamento - Centro de Estudos Budistas Bodisatva","robots":{"index":"noindex","follow":"nofollow"},"og_locale":"fr_FR","og_type":"article","og_title":"Bacopari (18 a 31 de janeiro) - P\u00e1gina de Acompanhamento - Centro de Estudos Budistas Bodisatva","og_description":"Ensinamentos com Lama Padma Samten no Retiro Online: Experi\u00eancia Sensorial Cotidiana na Perspectiva da Ilumina\u00e7\u00e3o da Sabedoria Primordial, transmitido ao vivo de 18 a 31 de janeiro de 2021. Aqui voc\u00ea encontra as grava\u00e7\u00f5es de todas as sess\u00f5es, que permanecer\u00e3o dispon\u00edveis para inscritos &#8211; mesmo os que se inscreverem depois do retiro ter terminado. \u00b7 [&hellip;]","og_url":"https:\/\/cebb.org.br\/fr\/bacopari-18-a-31-pagina-de-acompanhamento\/","og_site_name":"Centro de Estudos Budistas Bodisatva","article_publisher":"https:\/\/pt-br.facebook.com\/cebb108","article_modified_time":"2024-04-30T21:43:11+00:00","twitter_card":"summary_large_image","twitter_misc":{"Dur\u00e9e de lecture estim\u00e9e":"5 minutes"},"schema":{"@context":"https:\/\/schema.org","@graph":[{"@type":"WebPage","@id":"https:\/\/cebb.org.br\/bacopari-18-a-31-pagina-de-acompanhamento\/","url":"https:\/\/cebb.org.br\/bacopari-18-a-31-pagina-de-acompanhamento\/","name":"Bacopari (18 a 31 de janeiro) - P\u00e1gina de Acompanhamento - Centro de Estudos Budistas Bodisatva","isPartOf":{"@id":"https:\/\/cebb.org.br\/#website"},"datePublished":"2020-12-22T13:01:07+00:00","dateModified":"2024-04-30T21:43:11+00:00","breadcrumb":{"@id":"https:\/\/cebb.org.br\/bacopari-18-a-31-pagina-de-acompanhamento\/#breadcrumb"},"inLanguage":"fr-FR","potentialAction":[{"@type":"ReadAction","target":["https:\/\/cebb.org.br\/bacopari-18-a-31-pagina-de-acompanhamento\/"]}]},{"@type":"BreadcrumbList","@id":"https:\/\/cebb.org.br\/bacopari-18-a-31-pagina-de-acompanhamento\/#breadcrumb","itemListElement":[{"@type":"ListItem","position":1,"name":"Home","item":"https:\/\/cebb.org.br\/"},{"@type":"ListItem","position":2,"name":"Bacopari (18 a 31 de janeiro) &#8211; P\u00e1gina de Acompanhamento"}]},{"@type":"WebSite","@id":"https:\/\/cebb.org.br\/#website","url":"https:\/\/cebb.org.br\/","name":"Centre d\u2019\u00c9tudes Bouddhistes Bodisatva (CEBB)","description":"Budismo, medita\u00e7\u00e3o e cultura de paz | Lama Padma Samten","publisher":{"@id":"https:\/\/cebb.org.br\/#organization"},"potentialAction":[{"@type":"SearchAction","target":{"@type":"EntryPoint","urlTemplate":"https:\/\/cebb.org.br\/?s={search_term_string}"},"query-input":{"@type":"PropertyValueSpecification","valueRequired":true,"valueName":"search_term_string"}}],"inLanguage":"fr-FR"},{"@type":"Organization","@id":"https:\/\/cebb.org.br\/#organization","name":"Centre d\u2019\u00c9tudes Bouddhistes Bodisatva (CEBB)","url":"https:\/\/cebb.org.br\/","logo":{"@type":"ImageObject","inLanguage":"fr-FR","@id":"https:\/\/cebb.org.br\/#\/schema\/logo\/image\/","url":"http:\/\/18.230.164.79\/wp-content\/uploads\/2011\/03\/logosalvador-peq-e1660064979551.jpg","contentUrl":"http:\/\/18.230.164.79\/wp-content\/uploads\/2011\/03\/logosalvador-peq-e1660064979551.jpg","width":280,"height":231,"caption":"Centro de Estudos Budistas Bodisatva"},"image":{"@id":"https:\/\/cebb.org.br\/#\/schema\/logo\/image\/"},"sameAs":["https:\/\/pt-br.facebook.com\/cebb108","https:\/\/www.instagram.com\/cebbcaminhodomeio\/"]}]}},"_links":{"self":[{"href":"https:\/\/cebb.org.br\/fr\/wp-json\/wp\/v2\/pages\/81571","targetHints":{"allow":["GET"]}}],"collection":[{"href":"https:\/\/cebb.org.br\/fr\/wp-json\/wp\/v2\/pages"}],"about":[{"href":"https:\/\/cebb.org.br\/fr\/wp-json\/wp\/v2\/types\/page"}],"author":[{"embeddable":true,"href":"https:\/\/cebb.org.br\/fr\/wp-json\/wp\/v2\/users\/4"}],"replies":[{"embeddable":true,"href":"https:\/\/cebb.org.br\/fr\/wp-json\/wp\/v2\/comments?post=81571"}],"version-history":[{"count":5,"href":"https:\/\/cebb.org.br\/fr\/wp-json\/wp\/v2\/pages\/81571\/revisions"}],"predecessor-version":[{"id":102087,"href":"https:\/\/cebb.org.br\/fr\/wp-json\/wp\/v2\/pages\/81571\/revisions\/102087"}],"wp:attachment":[{"href":"https:\/\/cebb.org.br\/fr\/wp-json\/wp\/v2\/media?parent=81571"}],"curies":[{"name":"wp","href":"https:\/\/api.w.org\/{rel}","templated":true}]}}