{"id":98993,"date":"2023-11-09T12:19:16","date_gmt":"2023-11-09T15:19:16","guid":{"rendered":"https:\/\/cebb.org.br\/?page_id=98993"},"modified":"2023-11-09T17:55:33","modified_gmt":"2023-11-09T20:55:33","slug":"prajnaparamita-imagem-e-descricao","status":"publish","type":"page","link":"https:\/\/cebb.org.br\/fr\/prajnaparamita-imagem-e-descricao\/","title":{"rendered":"Painel Prajnaparamita &#8211; Imagem e Descri\u00e7\u00e3o"},"content":{"rendered":"<p><img fetchpriority=\"high\" decoding=\"async\" class=\"alignnone size-large wp-image-98994\" src=\"https:\/\/cebb.org.br\/wp-content\/uploads\/2023\/11\/Prajnaparamita-PNG-1024x724.jpg\" alt=\"\" width=\"1024\" height=\"724\" srcset=\"https:\/\/cebb.org.br\/wp-content\/uploads\/2023\/11\/Prajnaparamita-PNG-1024x724.jpg 1024w, https:\/\/cebb.org.br\/wp-content\/uploads\/2023\/11\/Prajnaparamita-PNG-300x212.jpg 300w, https:\/\/cebb.org.br\/wp-content\/uploads\/2023\/11\/Prajnaparamita-PNG-768x543.jpg 768w, https:\/\/cebb.org.br\/wp-content\/uploads\/2023\/11\/Prajnaparamita-PNG.jpg 1280w\" sizes=\"(max-width: 1024px) 100vw, 1024px\" \/><\/p>","protected":false},"excerpt":{"rendered":"","protected":false},"author":64,"featured_media":0,"parent":0,"menu_order":0,"comment_status":"closed","ping_status":"closed","template":"","meta":{"footnotes":""},"class_list":["post-98993","page","type-page","status-publish","hentry"],"yoast_head":"<!-- This site is optimized with the Yoast SEO plugin v27.4 - https:\/\/yoast.com\/product\/yoast-seo-wordpress\/ -->\n<title>Painel Prajnaparamita - Imagem e Descri\u00e7\u00e3o - Centro de Estudos Budistas Bodisatva<\/title>\n<meta name=\"robots\" content=\"index, follow, max-snippet:-1, max-image-preview:large, max-video-preview:-1\" \/>\n<link rel=\"canonical\" href=\"https:\/\/cebb.org.br\/fr\/prajnaparamita-imagem-e-descricao\/\" \/>\n<meta property=\"og:locale\" content=\"fr_FR\" \/>\n<meta property=\"og:type\" content=\"article\" \/>\n<meta property=\"og:title\" content=\"Painel Prajnaparamita - Imagem e Descri\u00e7\u00e3o - Centro de Estudos Budistas Bodisatva\" \/>\n<meta property=\"og:url\" content=\"https:\/\/cebb.org.br\/fr\/prajnaparamita-imagem-e-descricao\/\" \/>\n<meta property=\"og:site_name\" content=\"Centro de Estudos Budistas Bodisatva\" \/>\n<meta property=\"article:publisher\" content=\"https:\/\/pt-br.facebook.com\/cebb108\" \/>\n<meta property=\"article:modified_time\" content=\"2023-11-09T20:55:33+00:00\" \/>\n<meta property=\"og:image\" content=\"https:\/\/cebb.org.br\/wp-content\/uploads\/2023\/11\/Prajnaparamita-PNG-1024x724.jpg\" \/>\n<meta name=\"twitter:card\" content=\"summary_large_image\" \/>\n<meta name=\"twitter:label1\" content=\"Dur\u00e9e de lecture estim\u00e9e\" \/>\n\t<meta name=\"twitter:data1\" content=\"1 minute\" \/>\n<script type=\"application\/ld+json\" class=\"yoast-schema-graph\">{\"@context\":\"https:\\\/\\\/schema.org\",\"@graph\":[{\"@type\":\"WebPage\",\"@id\":\"https:\\\/\\\/cebb.org.br\\\/prajnaparamita-imagem-e-descricao\\\/\",\"url\":\"https:\\\/\\\/cebb.org.br\\\/prajnaparamita-imagem-e-descricao\\\/\",\"name\":\"Painel Prajnaparamita - Imagem e Descri\u00e7\u00e3o - Centro de Estudos Budistas Bodisatva\",\"isPartOf\":{\"@id\":\"https:\\\/\\\/cebb.org.br\\\/#website\"},\"primaryImageOfPage\":{\"@id\":\"https:\\\/\\\/cebb.org.br\\\/prajnaparamita-imagem-e-descricao\\\/#primaryimage\"},\"image\":{\"@id\":\"https:\\\/\\\/cebb.org.br\\\/prajnaparamita-imagem-e-descricao\\\/#primaryimage\"},\"thumbnailUrl\":\"https:\\\/\\\/cebb.org.br\\\/wp-content\\\/uploads\\\/2023\\\/11\\\/Prajnaparamita-PNG-1024x724.jpg\",\"datePublished\":\"2023-11-09T15:19:16+00:00\",\"dateModified\":\"2023-11-09T20:55:33+00:00\",\"breadcrumb\":{\"@id\":\"https:\\\/\\\/cebb.org.br\\\/prajnaparamita-imagem-e-descricao\\\/#breadcrumb\"},\"inLanguage\":\"fr-FR\",\"potentialAction\":[{\"@type\":\"ReadAction\",\"target\":[\"https:\\\/\\\/cebb.org.br\\\/prajnaparamita-imagem-e-descricao\\\/\"]}]},{\"@type\":\"ImageObject\",\"inLanguage\":\"fr-FR\",\"@id\":\"https:\\\/\\\/cebb.org.br\\\/prajnaparamita-imagem-e-descricao\\\/#primaryimage\",\"url\":\"https:\\\/\\\/cebb.org.br\\\/wp-content\\\/uploads\\\/2023\\\/11\\\/Prajnaparamita-PNG-1024x724.jpg\",\"contentUrl\":\"https:\\\/\\\/cebb.org.br\\\/wp-content\\\/uploads\\\/2023\\\/11\\\/Prajnaparamita-PNG-1024x724.jpg\"},{\"@type\":\"BreadcrumbList\",\"@id\":\"https:\\\/\\\/cebb.org.br\\\/prajnaparamita-imagem-e-descricao\\\/#breadcrumb\",\"itemListElement\":[{\"@type\":\"ListItem\",\"position\":1,\"name\":\"Home\",\"item\":\"https:\\\/\\\/cebb.org.br\\\/\"},{\"@type\":\"ListItem\",\"position\":2,\"name\":\"Painel Prajnaparamita &#8211; Imagem e Descri\u00e7\u00e3o\"}]},{\"@type\":\"WebSite\",\"@id\":\"https:\\\/\\\/cebb.org.br\\\/#website\",\"url\":\"https:\\\/\\\/cebb.org.br\\\/\",\"name\":\"Centro de Estudos Budistas Bodisatva\",\"description\":\"Budismo, medita\u00e7\u00e3o e cultura de paz | Lama Padma Samten\",\"publisher\":{\"@id\":\"https:\\\/\\\/cebb.org.br\\\/#organization\"},\"potentialAction\":[{\"@type\":\"SearchAction\",\"target\":{\"@type\":\"EntryPoint\",\"urlTemplate\":\"https:\\\/\\\/cebb.org.br\\\/?s={search_term_string}\"},\"query-input\":{\"@type\":\"PropertyValueSpecification\",\"valueRequired\":true,\"valueName\":\"search_term_string\"}}],\"inLanguage\":\"fr-FR\"},{\"@type\":\"Organization\",\"@id\":\"https:\\\/\\\/cebb.org.br\\\/#organization\",\"name\":\"Centro de Estudos Budistas Bodisatva\",\"url\":\"https:\\\/\\\/cebb.org.br\\\/\",\"logo\":{\"@type\":\"ImageObject\",\"inLanguage\":\"fr-FR\",\"@id\":\"https:\\\/\\\/cebb.org.br\\\/#\\\/schema\\\/logo\\\/image\\\/\",\"url\":\"http:\\\/\\\/18.230.164.79\\\/wp-content\\\/uploads\\\/2011\\\/03\\\/logosalvador-peq-e1660064979551.jpg\",\"contentUrl\":\"http:\\\/\\\/18.230.164.79\\\/wp-content\\\/uploads\\\/2011\\\/03\\\/logosalvador-peq-e1660064979551.jpg\",\"width\":280,\"height\":231,\"caption\":\"Centro de Estudos Budistas Bodisatva\"},\"image\":{\"@id\":\"https:\\\/\\\/cebb.org.br\\\/#\\\/schema\\\/logo\\\/image\\\/\"},\"sameAs\":[\"https:\\\/\\\/pt-br.facebook.com\\\/cebb108\",\"https:\\\/\\\/www.instagram.com\\\/cebbcaminhodomeio\\\/\"]}]}<\/script>\n<!-- \/ Yoast SEO plugin. -->","yoast_head_json":{"title":"Painel Prajnaparamita - Imagem e Descri\u00e7\u00e3o - Centro de Estudos Budistas Bodisatva","robots":{"index":"index","follow":"follow","max-snippet":"max-snippet:-1","max-image-preview":"max-image-preview:large","max-video-preview":"max-video-preview:-1"},"canonical":"https:\/\/cebb.org.br\/fr\/prajnaparamita-imagem-e-descricao\/","og_locale":"fr_FR","og_type":"article","og_title":"Painel Prajnaparamita - Imagem e Descri\u00e7\u00e3o - Centro de Estudos Budistas Bodisatva","og_url":"https:\/\/cebb.org.br\/fr\/prajnaparamita-imagem-e-descricao\/","og_site_name":"Centro de Estudos Budistas Bodisatva","article_publisher":"https:\/\/pt-br.facebook.com\/cebb108","article_modified_time":"2023-11-09T20:55:33+00:00","og_image":[{"url":"https:\/\/cebb.org.br\/wp-content\/uploads\/2023\/11\/Prajnaparamita-PNG-1024x724.jpg","type":"","width":"","height":""}],"twitter_card":"summary_large_image","twitter_misc":{"Dur\u00e9e de lecture estim\u00e9e":"1 minute"},"schema":{"@context":"https:\/\/schema.org","@graph":[{"@type":"WebPage","@id":"https:\/\/cebb.org.br\/prajnaparamita-imagem-e-descricao\/","url":"https:\/\/cebb.org.br\/prajnaparamita-imagem-e-descricao\/","name":"Painel Prajnaparamita - Imagem e Descri\u00e7\u00e3o - Centro de Estudos Budistas Bodisatva","isPartOf":{"@id":"https:\/\/cebb.org.br\/#website"},"primaryImageOfPage":{"@id":"https:\/\/cebb.org.br\/prajnaparamita-imagem-e-descricao\/#primaryimage"},"image":{"@id":"https:\/\/cebb.org.br\/prajnaparamita-imagem-e-descricao\/#primaryimage"},"thumbnailUrl":"https:\/\/cebb.org.br\/wp-content\/uploads\/2023\/11\/Prajnaparamita-PNG-1024x724.jpg","datePublished":"2023-11-09T15:19:16+00:00","dateModified":"2023-11-09T20:55:33+00:00","breadcrumb":{"@id":"https:\/\/cebb.org.br\/prajnaparamita-imagem-e-descricao\/#breadcrumb"},"inLanguage":"fr-FR","potentialAction":[{"@type":"ReadAction","target":["https:\/\/cebb.org.br\/prajnaparamita-imagem-e-descricao\/"]}]},{"@type":"ImageObject","inLanguage":"fr-FR","@id":"https:\/\/cebb.org.br\/prajnaparamita-imagem-e-descricao\/#primaryimage","url":"https:\/\/cebb.org.br\/wp-content\/uploads\/2023\/11\/Prajnaparamita-PNG-1024x724.jpg","contentUrl":"https:\/\/cebb.org.br\/wp-content\/uploads\/2023\/11\/Prajnaparamita-PNG-1024x724.jpg"},{"@type":"BreadcrumbList","@id":"https:\/\/cebb.org.br\/prajnaparamita-imagem-e-descricao\/#breadcrumb","itemListElement":[{"@type":"ListItem","position":1,"name":"Home","item":"https:\/\/cebb.org.br\/"},{"@type":"ListItem","position":2,"name":"Painel Prajnaparamita &#8211; Imagem e Descri\u00e7\u00e3o"}]},{"@type":"WebSite","@id":"https:\/\/cebb.org.br\/#website","url":"https:\/\/cebb.org.br\/","name":"Centre d\u2019\u00c9tudes Bouddhistes Bodisatva (CEBB)","description":"Budismo, medita\u00e7\u00e3o e cultura de paz | Lama Padma Samten","publisher":{"@id":"https:\/\/cebb.org.br\/#organization"},"potentialAction":[{"@type":"SearchAction","target":{"@type":"EntryPoint","urlTemplate":"https:\/\/cebb.org.br\/?s={search_term_string}"},"query-input":{"@type":"PropertyValueSpecification","valueRequired":true,"valueName":"search_term_string"}}],"inLanguage":"fr-FR"},{"@type":"Organization","@id":"https:\/\/cebb.org.br\/#organization","name":"Centre d\u2019\u00c9tudes Bouddhistes Bodisatva (CEBB)","url":"https:\/\/cebb.org.br\/","logo":{"@type":"ImageObject","inLanguage":"fr-FR","@id":"https:\/\/cebb.org.br\/#\/schema\/logo\/image\/","url":"http:\/\/18.230.164.79\/wp-content\/uploads\/2011\/03\/logosalvador-peq-e1660064979551.jpg","contentUrl":"http:\/\/18.230.164.79\/wp-content\/uploads\/2011\/03\/logosalvador-peq-e1660064979551.jpg","width":280,"height":231,"caption":"Centro de Estudos Budistas Bodisatva"},"image":{"@id":"https:\/\/cebb.org.br\/#\/schema\/logo\/image\/"},"sameAs":["https:\/\/pt-br.facebook.com\/cebb108","https:\/\/www.instagram.com\/cebbcaminhodomeio\/"]}]}},"_links":{"self":[{"href":"https:\/\/cebb.org.br\/fr\/wp-json\/wp\/v2\/pages\/98993","targetHints":{"allow":["GET"]}}],"collection":[{"href":"https:\/\/cebb.org.br\/fr\/wp-json\/wp\/v2\/pages"}],"about":[{"href":"https:\/\/cebb.org.br\/fr\/wp-json\/wp\/v2\/types\/page"}],"author":[{"embeddable":true,"href":"https:\/\/cebb.org.br\/fr\/wp-json\/wp\/v2\/users\/64"}],"replies":[{"embeddable":true,"href":"https:\/\/cebb.org.br\/fr\/wp-json\/wp\/v2\/comments?post=98993"}],"version-history":[{"count":4,"href":"https:\/\/cebb.org.br\/fr\/wp-json\/wp\/v2\/pages\/98993\/revisions"}],"predecessor-version":[{"id":99008,"href":"https:\/\/cebb.org.br\/fr\/wp-json\/wp\/v2\/pages\/98993\/revisions\/99008"}],"wp:attachment":[{"href":"https:\/\/cebb.org.br\/fr\/wp-json\/wp\/v2\/media?parent=98993"}],"curies":[{"name":"wp","href":"https:\/\/api.w.org\/{rel}","templated":true}]}}