{"id":99595,"date":"2023-12-18T19:11:53","date_gmt":"2023-12-18T22:11:53","guid":{"rendered":"https:\/\/cebb.org.br\/?page_id=99595"},"modified":"2023-12-18T19:11:53","modified_gmt":"2023-12-18T22:11:53","slug":"pagina-de-acompanhamento-curso-online-o-caminho-da-pratica-em-meio-a-vida-cebb-floripa","status":"publish","type":"page","link":"https:\/\/cebb.org.br\/fr\/pagina-de-acompanhamento-curso-online-o-caminho-da-pratica-em-meio-a-vida-cebb-floripa\/","title":{"rendered":"P\u00e1gina de Acompanhamento &#8211; Curso Online | &#8220;O caminho da pr\u00e1tica em meio a vida&#8221; &#8211; CEBB Floripa"},"content":{"rendered":"<p>Ensinamentos com Lama Padma Samten no <b>Curso | O caminho da pr\u00e1tica em meio a vida<\/b>, transmitido ao vivo no per\u00edodo de 08 a 12 de janeiro de 2024. Aqui voc\u00ea encontra as grava\u00e7\u00f5es de todas as sess\u00f5es, que permanecer\u00e3o dispon\u00edveis para inscritos \u2013 <i>mesmo os que se inscreverem depois do retiro ter terminado.<\/i><\/p>\n<ul>\n<li><b> IMPORTANTE \u00b7\u00a0<\/b>Por favor, n\u00e3o compartilhe esta p\u00e1gina, v\u00eddeos, links ou documentos aqui listados. Cada praticante aproveita melhor os ensinamentos quando manifesta interesse e se alegra em apoiar o movimento dos mestres. Se quiser compartilhar a alegria deste retiro com mais pessoas, convide-as a\u00a0tamb\u00e9m fazer a inscri\u00e7\u00e3o, mesmo ap\u00f3s o retiro.<\/li>\n<\/ul>\n<p>Transmiss\u00e3o ao vivo<br \/>\nAntes de cada sess\u00e3o\u00a0atualize esta p\u00e1gina\u00a0para garantir que esteja visualizando o conte\u00fado mais recente.<br \/>\nVoc\u00ea pode assistir pela\u00a0<a href=\"https:\/\/us06web.zoom.us\/j\/7298927661?pwd=dGZEQlJ1NzNjeWVXWXd2SDlvQ2ZLQT09\"><b>Sala do Zoom \u2013 (clique aqui)<\/b><\/a><b>, ID da reuni\u00e3o: <span class=\"selectable-text copyable-text\">729 892 7661<\/span><\/b>, senha de acesso: 108 e pode acompanhar a pr\u00f3xima sess\u00e3o no v\u00eddeo abaixo ou pode ainda ver diretamente no YouTube.<\/p>\n<a href=\"https:\/\/cebb.org.br\/fr\/preces\/\" class=\"su-button su-button-style-default\" style=\"color:#FFFFFF;background-color:#b8190d;border-color:#94140b;border-radius:5px\" target=\"_blank\" rel=\"noopener noreferrer\"><span style=\"color:#FFFFFF;padding:0px 16px;font-size:13px;line-height:26px;border-color:#ce5e56;border-radius:5px;text-shadow:none\"> Preces<\/span><\/a>\n<a href=\"https:\/\/youtube.com\/playlist?list=PLO_7Zoueaxd5Hog2m9yhq8FOZDKYJNQhB&#038;feature=shared\" class=\"su-button su-button-style-default\" style=\"color:#FFFFFF;background-color:#b8190d;border-color:#94140b;border-radius:5px\" target=\"_self\"><span style=\"color:#FFFFFF;padding:0px 16px;font-size:13px;line-height:26px;border-color:#ce5e56;border-radius:5px;text-shadow:none\"> PLAYLIST<\/span><\/a>\n<p>&nbsp;<\/p>\n<h4>Lista de Sess\u00f5es<\/h4>\n<p>Os hor\u00e1rios e a programa\u00e7\u00e3o dos retiros est\u00e3o sujeitos a altera\u00e7\u00f5es<\/p>\n<p><b><i>Segunda| 08\/01\/24<\/i><\/b><br \/>\n. 19h \u00e0s 20h: Puja da Noite \u00b7 <a href=\"https:\/\/us06web.zoom.us\/j\/7298927661?pwd=dGZEQlJ1NzNjeWVXWXd2SDlvQ2ZLQT09\" target=\"_blank\" rel=\"noopener\">Sala do Zoom<\/a> senha: 108.<br \/>\n. 20h \u00e0s 21:30h: <a href=\"https:\/\/us06web.zoom.us\/j\/7298927661?pwd=dGZEQlJ1NzNjeWVXWXd2SDlvQ2ZLQT09\" target=\"_blank\" rel=\"noopener\">Sala do Zoom<\/a> senha: 108 ou <a href=\"https:\/\/youtube.com\/live\/XsMEXZJLScc?feature=share\">Sess\u00e3o #1<\/a><\/p>\n<p><b><i>Ter\u00e7a | 09\/01\/24<\/i><\/b><br \/>\n. 19h \u00e0s 20h: Puja da Noite \u00b7 <a href=\"https:\/\/us06web.zoom.us\/j\/7298927661?pwd=dGZEQlJ1NzNjeWVXWXd2SDlvQ2ZLQT09\" target=\"_blank\" rel=\"noopener\">Sala do Zoom<\/a> senha: 108.<br \/>\n. 20h \u00e0s 21:30h: <a href=\"https:\/\/us06web.zoom.us\/j\/7298927661?pwd=dGZEQlJ1NzNjeWVXWXd2SDlvQ2ZLQT09\" target=\"_blank\" rel=\"noopener\">Sala do Zoom<\/a> senha: 108 ou <a href=\"https:\/\/youtube.com\/live\/A3r5__7t4O4?feature=share\">Sess\u00e3o #2<\/a><\/p>\n<p><b><i>Quarta | 10\/01\/24<\/i><\/b><br \/>\n. 19h \u00e0s 20h: Puja da Noite \u00b7 <a href=\"https:\/\/us06web.zoom.us\/j\/7298927661?pwd=dGZEQlJ1NzNjeWVXWXd2SDlvQ2ZLQT09\" target=\"_blank\" rel=\"noopener\">Sala do Zoom<\/a> senha: 108.<br \/>\n. 20h \u00e0s 21:30h: <a href=\"https:\/\/us06web.zoom.us\/j\/7298927661?pwd=dGZEQlJ1NzNjeWVXWXd2SDlvQ2ZLQT09\" target=\"_blank\" rel=\"noopener\">Sala do Zoom<\/a> senha: 108 ou <a href=\"https:\/\/youtube.com\/live\/MbTTIr5fkqk?feature=share\">Sess\u00e3o #3<\/a><\/p>\n<p><b><i>Quinta | 11\/01\/24<\/i><\/b><br \/>\n. 19h \u00e0s 20h: Puja da Noite \u00b7 <a href=\"https:\/\/us06web.zoom.us\/j\/7298927661?pwd=dGZEQlJ1NzNjeWVXWXd2SDlvQ2ZLQT09\" target=\"_blank\" rel=\"noopener\">Sala do Zoom<\/a> senha: 108.<br \/>\n. 20h \u00e0s 21:30h: <a href=\"https:\/\/us06web.zoom.us\/j\/7298927661?pwd=dGZEQlJ1NzNjeWVXWXd2SDlvQ2ZLQT09\" target=\"_blank\" rel=\"noopener\">Sala do Zoom<\/a> senha: 108 ou <a href=\"https:\/\/youtube.com\/live\/-ljSnKqLp1A?feature=share\">Sess\u00e3o #4<\/a><\/p>\n<p><b><i>Sexta | 12\/01\/24<\/i><\/b><br \/>\n. 19h \u00e0s 20h: Puja da Noite \u00b7 <a href=\"https:\/\/us06web.zoom.us\/j\/7298927661?pwd=dGZEQlJ1NzNjeWVXWXd2SDlvQ2ZLQT09\" target=\"_blank\" rel=\"noopener\">Sala do Zoom<\/a> senha: 108.<br \/>\n. 20h \u00e0s 21:30h: <a href=\"https:\/\/us06web.zoom.us\/j\/7298927661?pwd=dGZEQlJ1NzNjeWVXWXd2SDlvQ2ZLQT09\" target=\"_blank\" rel=\"noopener\">Sala do Zoom<\/a> senha: 108 ou <a href=\"https:\/\/youtube.com\/live\/LKd51Uny2JY?feature=share\">Sess\u00e3o #5<\/a><\/p>\n<p><b>Contribui\u00e7\u00e3o<\/b><\/p>\n<p>Sua inscri\u00e7\u00e3o independe de uma contribui\u00e7\u00e3o financeira.<br \/>\nCaso lhe seja poss\u00edvel contribuir, o valor sugerido do curso \u00e9 de R$30,00 por dia, total: R$150<br \/>\nSua contribui\u00e7\u00e3o apoiar\u00e1 o CEBB de Alto Para\u00edso, as atividades do Lama Padma Samten.<br \/>\n<em>A pr\u00e1tica da Dana Paramita \u2013 perfei\u00e7\u00e3o da generosidade \u2013 torna poss\u00edvel a continuidade dos ensinamentos desde os tempos do Buda. As seis paramitas \u2013 generosidade, moralidade, paz, energia constante, concentra\u00e7\u00e3o e sabedoria \u2013 inspiram a pr\u00e1tica e s\u00e3o a base geradora e sustentadora dos centros de estudos, medita\u00e7\u00e3o, acolhimento e das iniciativas de educa\u00e7\u00e3o, prote\u00e7\u00e3o ambiental, Terras Puras, Cultura de Paz da Sanga CEBB.<\/em><\/p>\n<p>A\u00e7\u00e3o Paramita<br \/>\nPIX: CNPJ 34.079.867\/0001-04<br \/>\nBanco do Brasil (001)<br \/>\nAg\u00eancia: 0628-9<br \/>\nConta corrente: 108999-4<br \/>\nContato: Se tiver d\u00favidas, entre em contato conosco, escreva para acaoparamita@gmail.com<\/p>\n<p><i><span dir=\"ltr\">As contribui\u00e7\u00f5es internacionais podem ser feitas pelo PayPal, atrav\u00e9s do link abaixo:<\/span><\/i><br \/>\n<i>International contributions can be done by PayPal, through the link below:<br \/>\n<\/i><a href=\"https:\/\/www.paypal.com\/donate\/?hosted_button_id=3RWWYXJ454LCU\">https:\/\/www.paypal.com\/donate\/?hosted_button_id=3RWWYXJ454LCU<\/a><\/p>","protected":false},"excerpt":{"rendered":"<p>Ensinamentos com Lama Padma Samten no Curso | O caminho da pr\u00e1tica em meio a vida, transmitido ao vivo no per\u00edodo de 08 a 12 de janeiro de 2024. Aqui voc\u00ea encontra as grava\u00e7\u00f5es de todas as sess\u00f5es, que permanecer\u00e3o dispon\u00edveis para inscritos \u2013 mesmo os que se inscreverem depois do retiro ter terminado. IMPORTANTE [&hellip;]<\/p>\n","protected":false},"author":48,"featured_media":0,"parent":0,"menu_order":0,"comment_status":"closed","ping_status":"closed","template":"","meta":{"footnotes":""},"class_list":["post-99595","page","type-page","status-publish","hentry"],"yoast_head":"<!-- This site is optimized with the Yoast SEO plugin v27.6 - https:\/\/yoast.com\/product\/yoast-seo-wordpress\/ -->\n<title>P\u00e1gina de Acompanhamento - Curso Online | &quot;O caminho da pr\u00e1tica em meio a vida&quot; - CEBB Floripa - Centro de Estudos Budistas Bodisatva<\/title>\n<meta name=\"robots\" content=\"noindex, nofollow\" \/>\n<meta property=\"og:locale\" content=\"fr_FR\" \/>\n<meta property=\"og:type\" content=\"article\" \/>\n<meta property=\"og:title\" content=\"P\u00e1gina de Acompanhamento - Curso Online | &quot;O caminho da pr\u00e1tica em meio a vida&quot; - CEBB Floripa - Centro de Estudos Budistas Bodisatva\" \/>\n<meta property=\"og:description\" content=\"Ensinamentos com Lama Padma Samten no Curso | O caminho da pr\u00e1tica em meio a vida, transmitido ao vivo no per\u00edodo de 08 a 12 de janeiro de 2024. Aqui voc\u00ea encontra as grava\u00e7\u00f5es de todas as sess\u00f5es, que permanecer\u00e3o dispon\u00edveis para inscritos \u2013 mesmo os que se inscreverem depois do retiro ter terminado. IMPORTANTE [&hellip;]\" \/>\n<meta property=\"og:url\" content=\"https:\/\/cebb.org.br\/fr\/pagina-de-acompanhamento-curso-online-o-caminho-da-pratica-em-meio-a-vida-cebb-floripa\/\" \/>\n<meta property=\"og:site_name\" content=\"Centro de Estudos Budistas Bodisatva\" \/>\n<meta property=\"article:publisher\" content=\"https:\/\/pt-br.facebook.com\/cebb108\" \/>\n<meta name=\"twitter:card\" content=\"summary_large_image\" \/>\n<meta name=\"twitter:label1\" content=\"Dur\u00e9e de lecture estim\u00e9e\" \/>\n\t<meta name=\"twitter:data1\" content=\"3 minutes\" \/>\n<script type=\"application\/ld+json\" class=\"yoast-schema-graph\">{\"@context\":\"https:\\\/\\\/schema.org\",\"@graph\":[{\"@type\":\"WebPage\",\"@id\":\"https:\\\/\\\/cebb.org.br\\\/pagina-de-acompanhamento-curso-online-o-caminho-da-pratica-em-meio-a-vida-cebb-floripa\\\/\",\"url\":\"https:\\\/\\\/cebb.org.br\\\/pagina-de-acompanhamento-curso-online-o-caminho-da-pratica-em-meio-a-vida-cebb-floripa\\\/\",\"name\":\"P\u00e1gina de Acompanhamento - Curso Online | \\\"O caminho da pr\u00e1tica em meio a vida\\\" - CEBB Floripa - Centro de Estudos Budistas Bodisatva\",\"isPartOf\":{\"@id\":\"https:\\\/\\\/cebb.org.br\\\/#website\"},\"datePublished\":\"2023-12-18T22:11:53+00:00\",\"breadcrumb\":{\"@id\":\"https:\\\/\\\/cebb.org.br\\\/pagina-de-acompanhamento-curso-online-o-caminho-da-pratica-em-meio-a-vida-cebb-floripa\\\/#breadcrumb\"},\"inLanguage\":\"fr-FR\",\"potentialAction\":[{\"@type\":\"ReadAction\",\"target\":[\"https:\\\/\\\/cebb.org.br\\\/pagina-de-acompanhamento-curso-online-o-caminho-da-pratica-em-meio-a-vida-cebb-floripa\\\/\"]}]},{\"@type\":\"BreadcrumbList\",\"@id\":\"https:\\\/\\\/cebb.org.br\\\/pagina-de-acompanhamento-curso-online-o-caminho-da-pratica-em-meio-a-vida-cebb-floripa\\\/#breadcrumb\",\"itemListElement\":[{\"@type\":\"ListItem\",\"position\":1,\"name\":\"Home\",\"item\":\"https:\\\/\\\/cebb.org.br\\\/\"},{\"@type\":\"ListItem\",\"position\":2,\"name\":\"P\u00e1gina de Acompanhamento &#8211; Curso Online | &#8220;O caminho da pr\u00e1tica em meio a vida&#8221; &#8211; CEBB Floripa\"}]},{\"@type\":\"WebSite\",\"@id\":\"https:\\\/\\\/cebb.org.br\\\/#website\",\"url\":\"https:\\\/\\\/cebb.org.br\\\/\",\"name\":\"Centro de Estudos Budistas Bodisatva\",\"description\":\"Budismo, medita\u00e7\u00e3o e cultura de paz | Lama Padma Samten\",\"publisher\":{\"@id\":\"https:\\\/\\\/cebb.org.br\\\/#organization\"},\"potentialAction\":[{\"@type\":\"SearchAction\",\"target\":{\"@type\":\"EntryPoint\",\"urlTemplate\":\"https:\\\/\\\/cebb.org.br\\\/?s={search_term_string}\"},\"query-input\":{\"@type\":\"PropertyValueSpecification\",\"valueRequired\":true,\"valueName\":\"search_term_string\"}}],\"inLanguage\":\"fr-FR\"},{\"@type\":\"Organization\",\"@id\":\"https:\\\/\\\/cebb.org.br\\\/#organization\",\"name\":\"Centro de Estudos Budistas Bodisatva\",\"url\":\"https:\\\/\\\/cebb.org.br\\\/\",\"logo\":{\"@type\":\"ImageObject\",\"inLanguage\":\"fr-FR\",\"@id\":\"https:\\\/\\\/cebb.org.br\\\/#\\\/schema\\\/logo\\\/image\\\/\",\"url\":\"http:\\\/\\\/18.230.164.79\\\/wp-content\\\/uploads\\\/2011\\\/03\\\/logosalvador-peq-e1660064979551.jpg\",\"contentUrl\":\"http:\\\/\\\/18.230.164.79\\\/wp-content\\\/uploads\\\/2011\\\/03\\\/logosalvador-peq-e1660064979551.jpg\",\"width\":280,\"height\":231,\"caption\":\"Centro de Estudos Budistas Bodisatva\"},\"image\":{\"@id\":\"https:\\\/\\\/cebb.org.br\\\/#\\\/schema\\\/logo\\\/image\\\/\"},\"sameAs\":[\"https:\\\/\\\/pt-br.facebook.com\\\/cebb108\",\"https:\\\/\\\/www.instagram.com\\\/cebbcaminhodomeio\\\/\"]}]}<\/script>\n<!-- \/ Yoast SEO plugin. -->","yoast_head_json":{"title":"P\u00e1gina de Acompanhamento - Curso Online | \"O caminho da pr\u00e1tica em meio a vida\" - CEBB Floripa - Centro de Estudos Budistas Bodisatva","robots":{"index":"noindex","follow":"nofollow"},"og_locale":"fr_FR","og_type":"article","og_title":"P\u00e1gina de Acompanhamento - Curso Online | \"O caminho da pr\u00e1tica em meio a vida\" - CEBB Floripa - Centro de Estudos Budistas Bodisatva","og_description":"Ensinamentos com Lama Padma Samten no Curso | O caminho da pr\u00e1tica em meio a vida, transmitido ao vivo no per\u00edodo de 08 a 12 de janeiro de 2024. Aqui voc\u00ea encontra as grava\u00e7\u00f5es de todas as sess\u00f5es, que permanecer\u00e3o dispon\u00edveis para inscritos \u2013 mesmo os que se inscreverem depois do retiro ter terminado. IMPORTANTE [&hellip;]","og_url":"https:\/\/cebb.org.br\/fr\/pagina-de-acompanhamento-curso-online-o-caminho-da-pratica-em-meio-a-vida-cebb-floripa\/","og_site_name":"Centro de Estudos Budistas Bodisatva","article_publisher":"https:\/\/pt-br.facebook.com\/cebb108","twitter_card":"summary_large_image","twitter_misc":{"Dur\u00e9e de lecture estim\u00e9e":"3 minutes"},"schema":{"@context":"https:\/\/schema.org","@graph":[{"@type":"WebPage","@id":"https:\/\/cebb.org.br\/pagina-de-acompanhamento-curso-online-o-caminho-da-pratica-em-meio-a-vida-cebb-floripa\/","url":"https:\/\/cebb.org.br\/pagina-de-acompanhamento-curso-online-o-caminho-da-pratica-em-meio-a-vida-cebb-floripa\/","name":"P\u00e1gina de Acompanhamento - Curso Online | \"O caminho da pr\u00e1tica em meio a vida\" - CEBB Floripa - Centro de Estudos Budistas Bodisatva","isPartOf":{"@id":"https:\/\/cebb.org.br\/#website"},"datePublished":"2023-12-18T22:11:53+00:00","breadcrumb":{"@id":"https:\/\/cebb.org.br\/pagina-de-acompanhamento-curso-online-o-caminho-da-pratica-em-meio-a-vida-cebb-floripa\/#breadcrumb"},"inLanguage":"fr-FR","potentialAction":[{"@type":"ReadAction","target":["https:\/\/cebb.org.br\/pagina-de-acompanhamento-curso-online-o-caminho-da-pratica-em-meio-a-vida-cebb-floripa\/"]}]},{"@type":"BreadcrumbList","@id":"https:\/\/cebb.org.br\/pagina-de-acompanhamento-curso-online-o-caminho-da-pratica-em-meio-a-vida-cebb-floripa\/#breadcrumb","itemListElement":[{"@type":"ListItem","position":1,"name":"Home","item":"https:\/\/cebb.org.br\/"},{"@type":"ListItem","position":2,"name":"P\u00e1gina de Acompanhamento &#8211; Curso Online | &#8220;O caminho da pr\u00e1tica em meio a vida&#8221; &#8211; CEBB Floripa"}]},{"@type":"WebSite","@id":"https:\/\/cebb.org.br\/#website","url":"https:\/\/cebb.org.br\/","name":"Centre d\u2019\u00c9tudes Bouddhistes Bodisatva (CEBB)","description":"Budismo, medita\u00e7\u00e3o e cultura de paz | Lama Padma Samten","publisher":{"@id":"https:\/\/cebb.org.br\/#organization"},"potentialAction":[{"@type":"SearchAction","target":{"@type":"EntryPoint","urlTemplate":"https:\/\/cebb.org.br\/?s={search_term_string}"},"query-input":{"@type":"PropertyValueSpecification","valueRequired":true,"valueName":"search_term_string"}}],"inLanguage":"fr-FR"},{"@type":"Organization","@id":"https:\/\/cebb.org.br\/#organization","name":"Centre d\u2019\u00c9tudes Bouddhistes Bodisatva (CEBB)","url":"https:\/\/cebb.org.br\/","logo":{"@type":"ImageObject","inLanguage":"fr-FR","@id":"https:\/\/cebb.org.br\/#\/schema\/logo\/image\/","url":"http:\/\/18.230.164.79\/wp-content\/uploads\/2011\/03\/logosalvador-peq-e1660064979551.jpg","contentUrl":"http:\/\/18.230.164.79\/wp-content\/uploads\/2011\/03\/logosalvador-peq-e1660064979551.jpg","width":280,"height":231,"caption":"Centro de Estudos Budistas Bodisatva"},"image":{"@id":"https:\/\/cebb.org.br\/#\/schema\/logo\/image\/"},"sameAs":["https:\/\/pt-br.facebook.com\/cebb108","https:\/\/www.instagram.com\/cebbcaminhodomeio\/"]}]}},"_links":{"self":[{"href":"https:\/\/cebb.org.br\/fr\/wp-json\/wp\/v2\/pages\/99595","targetHints":{"allow":["GET"]}}],"collection":[{"href":"https:\/\/cebb.org.br\/fr\/wp-json\/wp\/v2\/pages"}],"about":[{"href":"https:\/\/cebb.org.br\/fr\/wp-json\/wp\/v2\/types\/page"}],"author":[{"embeddable":true,"href":"https:\/\/cebb.org.br\/fr\/wp-json\/wp\/v2\/users\/48"}],"replies":[{"embeddable":true,"href":"https:\/\/cebb.org.br\/fr\/wp-json\/wp\/v2\/comments?post=99595"}],"version-history":[{"count":1,"href":"https:\/\/cebb.org.br\/fr\/wp-json\/wp\/v2\/pages\/99595\/revisions"}],"predecessor-version":[{"id":99596,"href":"https:\/\/cebb.org.br\/fr\/wp-json\/wp\/v2\/pages\/99595\/revisions\/99596"}],"wp:attachment":[{"href":"https:\/\/cebb.org.br\/fr\/wp-json\/wp\/v2\/media?parent=99595"}],"curies":[{"name":"wp","href":"https:\/\/api.w.org\/{rel}","templated":true}]}}